{"id":16135,"date":"2024-08-14T05:52:11","date_gmt":"2024-08-14T05:52:11","guid":{"rendered":"https:\/\/bottegaitaliana.ch\/?post_type=product&#038;p=16135"},"modified":"2024-10-20T14:22:55","modified_gmt":"2024-10-20T12:22:55","slug":"uliveto-naturliches-mineralwasser-15-l","status":"publish","type":"product","link":"https:\/\/bottegaitaliana.ch\/en\/product\/uliveto-naturliches-mineralwasser-15-l\/","title":{"rendered":"Uliveto Nat\u00fcrliches Mineralwasser &#8211; 1,5 L"},"content":{"rendered":"<p>&#8222;Gutes, nat\u00fcrliches Sprudelwasser, das die Diurese anregt und reich an Mineralien ist. Was f\u00fcr ein Wasser ist es? Uliveto Nat\u00fcrliches Mineralwasser! Sie haben immer eine Flasche dabei, wenn Sie ins Fitnessstudio gehen. Nach dem Training trinkt man es gerne, um den Fl\u00fcssigkeitsverlust wieder auszugleichen. Es ist auch der unangefochtene Star auf Ihrem Tisch. Leicht, die ganze Familie mag es.&#8220;<\/p>","protected":false},"excerpt":{"rendered":"<p>&#8222;Gutes, nat\u00fcrliches Sprudelwasser, das die Diurese anregt und reich an Mineralien ist. Was f\u00fcr ein Wasser ist es? Uliveto Nat\u00fcrliches Mineralwasser! Sie&hellip;<\/p>","protected":false},"featured_media":16136,"comment_status":"closed","ping_status":"closed","template":"","meta":[],"product_brand":[],"product_cat":[84],"product_tag":[],"class_list":{"0":"post-16135","1":"product","2":"type-product","3":"status-publish","4":"has-post-thumbnail","6":"product_cat-getraenke","8":"first","9":"outofstock","10":"shipping-taxable","11":"purchasable","12":"product-type-simple"},"yoast_head":"<!-- This site is optimized with the Yoast SEO plugin v25.0 - https:\/\/yoast.com\/wordpress\/plugins\/seo\/ -->\n<title>Uliveto Nat\u00fcrliches Mineralwasser - 1,5 L - Bottega Italiana<\/title>\n<meta name=\"robots\" content=\"index, follow, max-snippet:-1, max-image-preview:large, max-video-preview:-1\" \/>\n<link rel=\"canonical\" href=\"https:\/\/bottegaitaliana.ch\/en\/product\/uliveto-naturliches-mineralwasser-15-l\/\" \/>\n<meta property=\"og:locale\" content=\"en_US\" \/>\n<meta property=\"og:type\" content=\"article\" \/>\n<meta property=\"og:title\" content=\"Uliveto Nat\u00fcrliches Mineralwasser - 1,5 L - Bottega Italiana\" \/>\n<meta property=\"og:description\" content=\"&#8222;Gutes, nat\u00fcrliches Sprudelwasser, das die Diurese anregt und reich an Mineralien ist. Was f\u00fcr ein Wasser ist es? Uliveto Nat\u00fcrliches Mineralwasser! Sie&hellip;\" \/>\n<meta property=\"og:url\" content=\"https:\/\/bottegaitaliana.ch\/en\/product\/uliveto-naturliches-mineralwasser-15-l\/\" \/>\n<meta property=\"og:site_name\" content=\"Bottega Italiana\" \/>\n<meta property=\"article:modified_time\" content=\"2024-10-20T12:22:55+00:00\" \/>\n<meta property=\"og:image\" content=\"https:\/\/bottegaitaliana.ch\/wp-content\/uploads\/2024\/08\/uliveto-acqua-effervescente-pet-15lt-491051_600x600@2x.jpg\" \/>\n\t<meta property=\"og:image:width\" content=\"600\" \/>\n\t<meta property=\"og:image:height\" content=\"600\" \/>\n\t<meta property=\"og:image:type\" content=\"image\/jpeg\" \/>\n<meta name=\"twitter:card\" content=\"summary_large_image\" \/>\n<script type=\"application\/ld+json\" class=\"yoast-schema-graph\">{\"@context\":\"https:\/\/schema.org\",\"@graph\":[{\"@type\":\"WebPage\",\"@id\":\"https:\/\/bottegaitaliana.ch\/product\/uliveto-naturliches-mineralwasser-15-l\/\",\"url\":\"https:\/\/bottegaitaliana.ch\/product\/uliveto-naturliches-mineralwasser-15-l\/\",\"name\":\"Uliveto Nat\u00fcrliches Mineralwasser - 1,5 L - Bottega Italiana\",\"isPartOf\":{\"@id\":\"https:\/\/bottegaitaliana.ch\/#website\"},\"primaryImageOfPage\":{\"@id\":\"https:\/\/bottegaitaliana.ch\/product\/uliveto-naturliches-mineralwasser-15-l\/#primaryimage\"},\"image\":{\"@id\":\"https:\/\/bottegaitaliana.ch\/product\/uliveto-naturliches-mineralwasser-15-l\/#primaryimage\"},\"thumbnailUrl\":\"https:\/\/bottegaitaliana.ch\/wp-content\/uploads\/2024\/08\/uliveto-acqua-effervescente-pet-15lt-491051_600x600@2x.jpg\",\"datePublished\":\"2024-08-14T05:52:11+00:00\",\"dateModified\":\"2024-10-20T12:22:55+00:00\",\"breadcrumb\":{\"@id\":\"https:\/\/bottegaitaliana.ch\/product\/uliveto-naturliches-mineralwasser-15-l\/#breadcrumb\"},\"inLanguage\":\"en-US\",\"potentialAction\":[{\"@type\":\"ReadAction\",\"target\":[\"https:\/\/bottegaitaliana.ch\/product\/uliveto-naturliches-mineralwasser-15-l\/\"]}]},{\"@type\":\"ImageObject\",\"inLanguage\":\"en-US\",\"@id\":\"https:\/\/bottegaitaliana.ch\/product\/uliveto-naturliches-mineralwasser-15-l\/#primaryimage\",\"url\":\"https:\/\/bottegaitaliana.ch\/wp-content\/uploads\/2024\/08\/uliveto-acqua-effervescente-pet-15lt-491051_600x600@2x.jpg\",\"contentUrl\":\"https:\/\/bottegaitaliana.ch\/wp-content\/uploads\/2024\/08\/uliveto-acqua-effervescente-pet-15lt-491051_600x600@2x.jpg\",\"width\":600,\"height\":600},{\"@type\":\"BreadcrumbList\",\"@id\":\"https:\/\/bottegaitaliana.ch\/product\/uliveto-naturliches-mineralwasser-15-l\/#breadcrumb\",\"itemListElement\":[{\"@type\":\"ListItem\",\"position\":1,\"name\":\"Startseite\",\"item\":\"https:\/\/bottegaitaliana.ch\/\"},{\"@type\":\"ListItem\",\"position\":2,\"name\":\"Shop\",\"item\":\"https:\/\/bottegaitaliana.ch\/shop\/\"},{\"@type\":\"ListItem\",\"position\":3,\"name\":\"Uliveto Nat\u00fcrliches Mineralwasser &#8211; 1,5 L\"}]},{\"@type\":\"WebSite\",\"@id\":\"https:\/\/bottegaitaliana.ch\/#website\",\"url\":\"https:\/\/bottegaitaliana.ch\/\",\"name\":\"Bottega Italiana\",\"description\":\"&quot;Italien in seiner besten Form \u2013 Direkt zu Ihnen nach Hause.&quot;\",\"publisher\":{\"@id\":\"https:\/\/bottegaitaliana.ch\/#organization\"},\"potentialAction\":[{\"@type\":\"SearchAction\",\"target\":{\"@type\":\"EntryPoint\",\"urlTemplate\":\"https:\/\/bottegaitaliana.ch\/?s={search_term_string}\"},\"query-input\":{\"@type\":\"PropertyValueSpecification\",\"valueRequired\":true,\"valueName\":\"search_term_string\"}}],\"inLanguage\":\"en-US\"},{\"@type\":\"Organization\",\"@id\":\"https:\/\/bottegaitaliana.ch\/#organization\",\"name\":\"Bottega Italiana\",\"url\":\"https:\/\/bottegaitaliana.ch\/\",\"logo\":{\"@type\":\"ImageObject\",\"inLanguage\":\"en-US\",\"@id\":\"https:\/\/bottegaitaliana.ch\/#\/schema\/logo\/image\/\",\"url\":\"https:\/\/bottegaitaliana.ch\/wp-content\/uploads\/2024\/08\/Logo2024.png\",\"contentUrl\":\"https:\/\/bottegaitaliana.ch\/wp-content\/uploads\/2024\/08\/Logo2024.png\",\"width\":469,\"height\":87,\"caption\":\"Bottega Italiana\"},\"image\":{\"@id\":\"https:\/\/bottegaitaliana.ch\/#\/schema\/logo\/image\/\"}}]}<\/script>\n<!-- \/ Yoast SEO plugin. -->","yoast_head_json":{"title":"Uliveto Nat\u00fcrliches Mineralwasser - 1,5 L - Bottega Italiana","robots":{"index":"index","follow":"follow","max-snippet":"max-snippet:-1","max-image-preview":"max-image-preview:large","max-video-preview":"max-video-preview:-1"},"canonical":"https:\/\/bottegaitaliana.ch\/en\/product\/uliveto-naturliches-mineralwasser-15-l\/","og_locale":"en_US","og_type":"article","og_title":"Uliveto Nat\u00fcrliches Mineralwasser - 1,5 L - Bottega Italiana","og_description":"&#8222;Gutes, nat\u00fcrliches Sprudelwasser, das die Diurese anregt und reich an Mineralien ist. Was f\u00fcr ein Wasser ist es? Uliveto Nat\u00fcrliches Mineralwasser! Sie&hellip;","og_url":"https:\/\/bottegaitaliana.ch\/en\/product\/uliveto-naturliches-mineralwasser-15-l\/","og_site_name":"Bottega Italiana","article_modified_time":"2024-10-20T12:22:55+00:00","og_image":[{"width":600,"height":600,"url":"https:\/\/bottegaitaliana.ch\/wp-content\/uploads\/2024\/08\/uliveto-acqua-effervescente-pet-15lt-491051_600x600@2x.jpg","type":"image\/jpeg"}],"twitter_card":"summary_large_image","schema":{"@context":"https:\/\/schema.org","@graph":[{"@type":"WebPage","@id":"https:\/\/bottegaitaliana.ch\/product\/uliveto-naturliches-mineralwasser-15-l\/","url":"https:\/\/bottegaitaliana.ch\/product\/uliveto-naturliches-mineralwasser-15-l\/","name":"Uliveto Nat\u00fcrliches Mineralwasser - 1,5 L - Bottega Italiana","isPartOf":{"@id":"https:\/\/bottegaitaliana.ch\/#website"},"primaryImageOfPage":{"@id":"https:\/\/bottegaitaliana.ch\/product\/uliveto-naturliches-mineralwasser-15-l\/#primaryimage"},"image":{"@id":"https:\/\/bottegaitaliana.ch\/product\/uliveto-naturliches-mineralwasser-15-l\/#primaryimage"},"thumbnailUrl":"https:\/\/bottegaitaliana.ch\/wp-content\/uploads\/2024\/08\/uliveto-acqua-effervescente-pet-15lt-491051_600x600@2x.jpg","datePublished":"2024-08-14T05:52:11+00:00","dateModified":"2024-10-20T12:22:55+00:00","breadcrumb":{"@id":"https:\/\/bottegaitaliana.ch\/product\/uliveto-naturliches-mineralwasser-15-l\/#breadcrumb"},"inLanguage":"en-US","potentialAction":[{"@type":"ReadAction","target":["https:\/\/bottegaitaliana.ch\/product\/uliveto-naturliches-mineralwasser-15-l\/"]}]},{"@type":"ImageObject","inLanguage":"en-US","@id":"https:\/\/bottegaitaliana.ch\/product\/uliveto-naturliches-mineralwasser-15-l\/#primaryimage","url":"https:\/\/bottegaitaliana.ch\/wp-content\/uploads\/2024\/08\/uliveto-acqua-effervescente-pet-15lt-491051_600x600@2x.jpg","contentUrl":"https:\/\/bottegaitaliana.ch\/wp-content\/uploads\/2024\/08\/uliveto-acqua-effervescente-pet-15lt-491051_600x600@2x.jpg","width":600,"height":600},{"@type":"BreadcrumbList","@id":"https:\/\/bottegaitaliana.ch\/product\/uliveto-naturliches-mineralwasser-15-l\/#breadcrumb","itemListElement":[{"@type":"ListItem","position":1,"name":"Startseite","item":"https:\/\/bottegaitaliana.ch\/"},{"@type":"ListItem","position":2,"name":"Shop","item":"https:\/\/bottegaitaliana.ch\/shop\/"},{"@type":"ListItem","position":3,"name":"Uliveto Nat\u00fcrliches Mineralwasser &#8211; 1,5 L"}]},{"@type":"WebSite","@id":"https:\/\/bottegaitaliana.ch\/#website","url":"https:\/\/bottegaitaliana.ch\/","name":"Bottega Italiana","description":"&quot;Italien in seiner besten Form \u2013 Direkt zu Ihnen nach Hause.&quot;","publisher":{"@id":"https:\/\/bottegaitaliana.ch\/#organization"},"potentialAction":[{"@type":"SearchAction","target":{"@type":"EntryPoint","urlTemplate":"https:\/\/bottegaitaliana.ch\/?s={search_term_string}"},"query-input":{"@type":"PropertyValueSpecification","valueRequired":true,"valueName":"search_term_string"}}],"inLanguage":"en-US"},{"@type":"Organization","@id":"https:\/\/bottegaitaliana.ch\/#organization","name":"Bottega Italiana","url":"https:\/\/bottegaitaliana.ch\/","logo":{"@type":"ImageObject","inLanguage":"en-US","@id":"https:\/\/bottegaitaliana.ch\/#\/schema\/logo\/image\/","url":"https:\/\/bottegaitaliana.ch\/wp-content\/uploads\/2024\/08\/Logo2024.png","contentUrl":"https:\/\/bottegaitaliana.ch\/wp-content\/uploads\/2024\/08\/Logo2024.png","width":469,"height":87,"caption":"Bottega Italiana"},"image":{"@id":"https:\/\/bottegaitaliana.ch\/#\/schema\/logo\/image\/"}}]}},"_links":{"self":[{"href":"https:\/\/bottegaitaliana.ch\/en\/wp-json\/wp\/v2\/product\/16135","targetHints":{"allow":["GET"]}}],"collection":[{"href":"https:\/\/bottegaitaliana.ch\/en\/wp-json\/wp\/v2\/product"}],"about":[{"href":"https:\/\/bottegaitaliana.ch\/en\/wp-json\/wp\/v2\/types\/product"}],"replies":[{"embeddable":true,"href":"https:\/\/bottegaitaliana.ch\/en\/wp-json\/wp\/v2\/comments?post=16135"}],"version-history":[{"count":1,"href":"https:\/\/bottegaitaliana.ch\/en\/wp-json\/wp\/v2\/product\/16135\/revisions"}],"predecessor-version":[{"id":16137,"href":"https:\/\/bottegaitaliana.ch\/en\/wp-json\/wp\/v2\/product\/16135\/revisions\/16137"}],"wp:featuredmedia":[{"embeddable":true,"href":"https:\/\/bottegaitaliana.ch\/en\/wp-json\/wp\/v2\/media\/16136"}],"wp:attachment":[{"href":"https:\/\/bottegaitaliana.ch\/en\/wp-json\/wp\/v2\/media?parent=16135"}],"wp:term":[{"taxonomy":"product_brand","embeddable":true,"href":"https:\/\/bottegaitaliana.ch\/en\/wp-json\/wp\/v2\/product_brand?post=16135"},{"taxonomy":"product_cat","embeddable":true,"href":"https:\/\/bottegaitaliana.ch\/en\/wp-json\/wp\/v2\/product_cat?post=16135"},{"taxonomy":"product_tag","embeddable":true,"href":"https:\/\/bottegaitaliana.ch\/en\/wp-json\/wp\/v2\/product_tag?post=16135"}],"curies":[{"name":"wp","href":"https:\/\/api.w.org\/{rel}","templated":true}]}}