{"id":16160,"date":"2024-08-14T06:04:54","date_gmt":"2024-08-14T06:04:54","guid":{"rendered":"https:\/\/bottegaitaliana.ch\/?post_type=product&#038;p=16160"},"modified":"2024-12-29T19:29:01","modified_gmt":"2024-12-29T18:29:01","slug":"de-cecco-spaghetti-n-12-500gr","status":"publish","type":"product","link":"https:\/\/bottegaitaliana.ch\/en\/product\/de-cecco-spaghetti-n-12-500gr\/","title":{"rendered":"De Cecco Spaghetti N.12 &#8211; 500gr"},"content":{"rendered":"<p>Historisch gesehen handelt es sich \u00f6ffentlich um die Bezeichnung &#8222;Spaghetto&#8220; im ersten W\u00f6rterbuch der Italienischen Sprache, das von Nicol\u00f2 Tommaseo und Bernardo Bellini verfasst wurde (1819).<br \/>\nHier wird das Wort Spaghetto als &#8222;Singular, Maskulinum, Diminutiv von Spago&#8220; definiert und dazu ist folgende Anmerkung zu finden: &#8222;Minestra di Spaghetti: Dabei handelt es sich um Teigwaren in der Gr\u00f6\u00dfe eines kleinen Fadens und in der L\u00e4ge der Sopracapellini (Synonym f\u00fcr Spaghetti)&#8220;. Eine Kuriosit\u00e4t: Im Jahr 1957 strahlte die BBC die erste Dokumentation \u00fcber die Herstellung von Spaghetti aus und am Tag darauf l\u00e4uteten in den TV-Studios ununterbrochen die Telefone, weil die Zuschauer den Namen von Herstellern und H\u00e4ndlern von Spaghetti erfahren m\u00f6chten, um sie kaufen zu k\u00f6nnen.<\/p>\n<p>Die Spaghetti sind derart vielseitig, dass sie mit jeder Sauce gegessen werden k\u00f6nnen &#8211; von Fisch bis Fleisch, von Gem\u00fcse bis K\u00e4se. Allerdings schmecken sie auch ohne Sauce, lediglich mit etwas nativem Oliven\u00f6l extra und einem Hauch Parmesan hervorragend.<br \/>\nIn Packungen zu 500 g erh\u00e4ltlich.<\/p>","protected":false},"excerpt":{"rendered":"<p>Historisch gesehen handelt es sich \u00f6ffentlich um die Bezeichnung &#8222;Spaghetto&#8220; im ersten W\u00f6rterbuch der Italienischen Sprache, das von Nicol\u00f2 Tommaseo und Bernardo&hellip;<\/p>","protected":false},"featured_media":16161,"comment_status":"closed","ping_status":"closed","template":"","meta":[],"product_brand":[],"product_cat":[78],"product_tag":[],"class_list":{"0":"post-16160","1":"product","2":"type-product","3":"status-publish","4":"has-post-thumbnail","6":"product_cat-de-cecco","8":"first","9":"instock","10":"sale","11":"shipping-taxable","12":"purchasable","13":"product-type-simple"},"yoast_head":"<!-- This site is optimized with the Yoast SEO plugin v25.0 - https:\/\/yoast.com\/wordpress\/plugins\/seo\/ -->\n<title>De Cecco Spaghetti N.12 - 500gr - Bottega Italiana<\/title>\n<meta name=\"robots\" content=\"index, follow, max-snippet:-1, max-image-preview:large, max-video-preview:-1\" \/>\n<link rel=\"canonical\" href=\"https:\/\/bottegaitaliana.ch\/en\/product\/de-cecco-spaghetti-n-12-500gr\/\" \/>\n<meta property=\"og:locale\" content=\"en_US\" \/>\n<meta property=\"og:type\" content=\"article\" \/>\n<meta property=\"og:title\" content=\"De Cecco Spaghetti N.12 - 500gr - Bottega Italiana\" \/>\n<meta property=\"og:description\" content=\"Historisch gesehen handelt es sich \u00f6ffentlich um die Bezeichnung &#8222;Spaghetto&#8220; im ersten W\u00f6rterbuch der Italienischen Sprache, das von Nicol\u00f2 Tommaseo und Bernardo&hellip;\" \/>\n<meta property=\"og:url\" content=\"https:\/\/bottegaitaliana.ch\/en\/product\/de-cecco-spaghetti-n-12-500gr\/\" \/>\n<meta property=\"og:site_name\" content=\"Bottega Italiana\" \/>\n<meta property=\"article:modified_time\" content=\"2024-12-29T18:29:01+00:00\" \/>\n<meta property=\"og:image\" content=\"https:\/\/bottegaitaliana.ch\/wp-content\/uploads\/2024\/08\/SPAGHETTIdec_600x600@2x.png\" \/>\n\t<meta property=\"og:image:width\" content=\"480\" \/>\n\t<meta property=\"og:image:height\" content=\"406\" \/>\n\t<meta property=\"og:image:type\" content=\"image\/png\" \/>\n<meta name=\"twitter:card\" content=\"summary_large_image\" \/>\n<meta name=\"twitter:label1\" content=\"Est. reading time\" \/>\n\t<meta name=\"twitter:data1\" content=\"1 minute\" \/>\n<script type=\"application\/ld+json\" class=\"yoast-schema-graph\">{\"@context\":\"https:\/\/schema.org\",\"@graph\":[{\"@type\":\"WebPage\",\"@id\":\"https:\/\/bottegaitaliana.ch\/product\/de-cecco-spaghetti-n-12-500gr\/\",\"url\":\"https:\/\/bottegaitaliana.ch\/product\/de-cecco-spaghetti-n-12-500gr\/\",\"name\":\"De Cecco Spaghetti N.12 - 500gr - Bottega Italiana\",\"isPartOf\":{\"@id\":\"https:\/\/bottegaitaliana.ch\/#website\"},\"primaryImageOfPage\":{\"@id\":\"https:\/\/bottegaitaliana.ch\/product\/de-cecco-spaghetti-n-12-500gr\/#primaryimage\"},\"image\":{\"@id\":\"https:\/\/bottegaitaliana.ch\/product\/de-cecco-spaghetti-n-12-500gr\/#primaryimage\"},\"thumbnailUrl\":\"https:\/\/bottegaitaliana.ch\/wp-content\/uploads\/2024\/08\/SPAGHETTIdec_600x600@2x.png\",\"datePublished\":\"2024-08-14T06:04:54+00:00\",\"dateModified\":\"2024-12-29T18:29:01+00:00\",\"breadcrumb\":{\"@id\":\"https:\/\/bottegaitaliana.ch\/product\/de-cecco-spaghetti-n-12-500gr\/#breadcrumb\"},\"inLanguage\":\"en-US\",\"potentialAction\":[{\"@type\":\"ReadAction\",\"target\":[\"https:\/\/bottegaitaliana.ch\/product\/de-cecco-spaghetti-n-12-500gr\/\"]}]},{\"@type\":\"ImageObject\",\"inLanguage\":\"en-US\",\"@id\":\"https:\/\/bottegaitaliana.ch\/product\/de-cecco-spaghetti-n-12-500gr\/#primaryimage\",\"url\":\"https:\/\/bottegaitaliana.ch\/wp-content\/uploads\/2024\/08\/SPAGHETTIdec_600x600@2x.png\",\"contentUrl\":\"https:\/\/bottegaitaliana.ch\/wp-content\/uploads\/2024\/08\/SPAGHETTIdec_600x600@2x.png\",\"width\":480,\"height\":406},{\"@type\":\"BreadcrumbList\",\"@id\":\"https:\/\/bottegaitaliana.ch\/product\/de-cecco-spaghetti-n-12-500gr\/#breadcrumb\",\"itemListElement\":[{\"@type\":\"ListItem\",\"position\":1,\"name\":\"Startseite\",\"item\":\"https:\/\/bottegaitaliana.ch\/\"},{\"@type\":\"ListItem\",\"position\":2,\"name\":\"Shop\",\"item\":\"https:\/\/bottegaitaliana.ch\/shop\/\"},{\"@type\":\"ListItem\",\"position\":3,\"name\":\"De Cecco Spaghetti N.12 &#8211; 500gr\"}]},{\"@type\":\"WebSite\",\"@id\":\"https:\/\/bottegaitaliana.ch\/#website\",\"url\":\"https:\/\/bottegaitaliana.ch\/\",\"name\":\"Bottega Italiana\",\"description\":\"&quot;Italien in seiner besten Form \u2013 Direkt zu Ihnen nach Hause.&quot;\",\"publisher\":{\"@id\":\"https:\/\/bottegaitaliana.ch\/#organization\"},\"potentialAction\":[{\"@type\":\"SearchAction\",\"target\":{\"@type\":\"EntryPoint\",\"urlTemplate\":\"https:\/\/bottegaitaliana.ch\/?s={search_term_string}\"},\"query-input\":{\"@type\":\"PropertyValueSpecification\",\"valueRequired\":true,\"valueName\":\"search_term_string\"}}],\"inLanguage\":\"en-US\"},{\"@type\":\"Organization\",\"@id\":\"https:\/\/bottegaitaliana.ch\/#organization\",\"name\":\"Bottega Italiana\",\"url\":\"https:\/\/bottegaitaliana.ch\/\",\"logo\":{\"@type\":\"ImageObject\",\"inLanguage\":\"en-US\",\"@id\":\"https:\/\/bottegaitaliana.ch\/#\/schema\/logo\/image\/\",\"url\":\"https:\/\/bottegaitaliana.ch\/wp-content\/uploads\/2024\/08\/Logo2024.png\",\"contentUrl\":\"https:\/\/bottegaitaliana.ch\/wp-content\/uploads\/2024\/08\/Logo2024.png\",\"width\":469,\"height\":87,\"caption\":\"Bottega Italiana\"},\"image\":{\"@id\":\"https:\/\/bottegaitaliana.ch\/#\/schema\/logo\/image\/\"}}]}<\/script>\n<!-- \/ Yoast SEO plugin. -->","yoast_head_json":{"title":"De Cecco Spaghetti N.12 - 500gr - Bottega Italiana","robots":{"index":"index","follow":"follow","max-snippet":"max-snippet:-1","max-image-preview":"max-image-preview:large","max-video-preview":"max-video-preview:-1"},"canonical":"https:\/\/bottegaitaliana.ch\/en\/product\/de-cecco-spaghetti-n-12-500gr\/","og_locale":"en_US","og_type":"article","og_title":"De Cecco Spaghetti N.12 - 500gr - Bottega Italiana","og_description":"Historisch gesehen handelt es sich \u00f6ffentlich um die Bezeichnung &#8222;Spaghetto&#8220; im ersten W\u00f6rterbuch der Italienischen Sprache, das von Nicol\u00f2 Tommaseo und Bernardo&hellip;","og_url":"https:\/\/bottegaitaliana.ch\/en\/product\/de-cecco-spaghetti-n-12-500gr\/","og_site_name":"Bottega Italiana","article_modified_time":"2024-12-29T18:29:01+00:00","og_image":[{"width":480,"height":406,"url":"https:\/\/bottegaitaliana.ch\/wp-content\/uploads\/2024\/08\/SPAGHETTIdec_600x600@2x.png","type":"image\/png"}],"twitter_card":"summary_large_image","twitter_misc":{"Est. reading time":"1 minute"},"schema":{"@context":"https:\/\/schema.org","@graph":[{"@type":"WebPage","@id":"https:\/\/bottegaitaliana.ch\/product\/de-cecco-spaghetti-n-12-500gr\/","url":"https:\/\/bottegaitaliana.ch\/product\/de-cecco-spaghetti-n-12-500gr\/","name":"De Cecco Spaghetti N.12 - 500gr - Bottega Italiana","isPartOf":{"@id":"https:\/\/bottegaitaliana.ch\/#website"},"primaryImageOfPage":{"@id":"https:\/\/bottegaitaliana.ch\/product\/de-cecco-spaghetti-n-12-500gr\/#primaryimage"},"image":{"@id":"https:\/\/bottegaitaliana.ch\/product\/de-cecco-spaghetti-n-12-500gr\/#primaryimage"},"thumbnailUrl":"https:\/\/bottegaitaliana.ch\/wp-content\/uploads\/2024\/08\/SPAGHETTIdec_600x600@2x.png","datePublished":"2024-08-14T06:04:54+00:00","dateModified":"2024-12-29T18:29:01+00:00","breadcrumb":{"@id":"https:\/\/bottegaitaliana.ch\/product\/de-cecco-spaghetti-n-12-500gr\/#breadcrumb"},"inLanguage":"en-US","potentialAction":[{"@type":"ReadAction","target":["https:\/\/bottegaitaliana.ch\/product\/de-cecco-spaghetti-n-12-500gr\/"]}]},{"@type":"ImageObject","inLanguage":"en-US","@id":"https:\/\/bottegaitaliana.ch\/product\/de-cecco-spaghetti-n-12-500gr\/#primaryimage","url":"https:\/\/bottegaitaliana.ch\/wp-content\/uploads\/2024\/08\/SPAGHETTIdec_600x600@2x.png","contentUrl":"https:\/\/bottegaitaliana.ch\/wp-content\/uploads\/2024\/08\/SPAGHETTIdec_600x600@2x.png","width":480,"height":406},{"@type":"BreadcrumbList","@id":"https:\/\/bottegaitaliana.ch\/product\/de-cecco-spaghetti-n-12-500gr\/#breadcrumb","itemListElement":[{"@type":"ListItem","position":1,"name":"Startseite","item":"https:\/\/bottegaitaliana.ch\/"},{"@type":"ListItem","position":2,"name":"Shop","item":"https:\/\/bottegaitaliana.ch\/shop\/"},{"@type":"ListItem","position":3,"name":"De Cecco Spaghetti N.12 &#8211; 500gr"}]},{"@type":"WebSite","@id":"https:\/\/bottegaitaliana.ch\/#website","url":"https:\/\/bottegaitaliana.ch\/","name":"Bottega Italiana","description":"&quot;Italien in seiner besten Form \u2013 Direkt zu Ihnen nach Hause.&quot;","publisher":{"@id":"https:\/\/bottegaitaliana.ch\/#organization"},"potentialAction":[{"@type":"SearchAction","target":{"@type":"EntryPoint","urlTemplate":"https:\/\/bottegaitaliana.ch\/?s={search_term_string}"},"query-input":{"@type":"PropertyValueSpecification","valueRequired":true,"valueName":"search_term_string"}}],"inLanguage":"en-US"},{"@type":"Organization","@id":"https:\/\/bottegaitaliana.ch\/#organization","name":"Bottega Italiana","url":"https:\/\/bottegaitaliana.ch\/","logo":{"@type":"ImageObject","inLanguage":"en-US","@id":"https:\/\/bottegaitaliana.ch\/#\/schema\/logo\/image\/","url":"https:\/\/bottegaitaliana.ch\/wp-content\/uploads\/2024\/08\/Logo2024.png","contentUrl":"https:\/\/bottegaitaliana.ch\/wp-content\/uploads\/2024\/08\/Logo2024.png","width":469,"height":87,"caption":"Bottega Italiana"},"image":{"@id":"https:\/\/bottegaitaliana.ch\/#\/schema\/logo\/image\/"}}]}},"_links":{"self":[{"href":"https:\/\/bottegaitaliana.ch\/en\/wp-json\/wp\/v2\/product\/16160","targetHints":{"allow":["GET"]}}],"collection":[{"href":"https:\/\/bottegaitaliana.ch\/en\/wp-json\/wp\/v2\/product"}],"about":[{"href":"https:\/\/bottegaitaliana.ch\/en\/wp-json\/wp\/v2\/types\/product"}],"replies":[{"embeddable":true,"href":"https:\/\/bottegaitaliana.ch\/en\/wp-json\/wp\/v2\/comments?post=16160"}],"version-history":[{"count":1,"href":"https:\/\/bottegaitaliana.ch\/en\/wp-json\/wp\/v2\/product\/16160\/revisions"}],"predecessor-version":[{"id":16162,"href":"https:\/\/bottegaitaliana.ch\/en\/wp-json\/wp\/v2\/product\/16160\/revisions\/16162"}],"wp:featuredmedia":[{"embeddable":true,"href":"https:\/\/bottegaitaliana.ch\/en\/wp-json\/wp\/v2\/media\/16161"}],"wp:attachment":[{"href":"https:\/\/bottegaitaliana.ch\/en\/wp-json\/wp\/v2\/media?parent=16160"}],"wp:term":[{"taxonomy":"product_brand","embeddable":true,"href":"https:\/\/bottegaitaliana.ch\/en\/wp-json\/wp\/v2\/product_brand?post=16160"},{"taxonomy":"product_cat","embeddable":true,"href":"https:\/\/bottegaitaliana.ch\/en\/wp-json\/wp\/v2\/product_cat?post=16160"},{"taxonomy":"product_tag","embeddable":true,"href":"https:\/\/bottegaitaliana.ch\/en\/wp-json\/wp\/v2\/product_tag?post=16160"}],"curies":[{"name":"wp","href":"https:\/\/api.w.org\/{rel}","templated":true}]}}