{"id":16198,"date":"2024-08-14T06:40:03","date_gmt":"2024-08-14T06:40:03","guid":{"rendered":"https:\/\/bottegaitaliana.ch\/?post_type=product&#038;p=16198"},"modified":"2024-10-20T14:14:39","modified_gmt":"2024-10-20T12:14:39","slug":"l-espresso-dunkle-schokolade","status":"publish","type":"product","link":"https:\/\/bottegaitaliana.ch\/en\/product\/l-espresso-dunkle-schokolade\/","title":{"rendered":"L&#8216; Espresso Dunkle Schokolade"},"content":{"rendered":"<p>Dunkle Schokolade<br \/>\nMit seinem unverwechselbaren Geschmack und seiner unwiderstehlichen Cremigkeit w\u00e4rmt er die k\u00e4ltesten Tage auf.<br \/>\nDie Packung enth\u00e4lt 10 Beutel\u00a0\u00e0\u00a030 g.<\/p>\n<p>Glutenfrei, ohne Farbstoffe.<br \/>\nGebrauchsanweisung:<br \/>\n&#8211; Den Inhalt eines Beutels nach und nach mit 125 ml Milch in einem kleinen Kochtopf vermischen.<br \/>\n&#8211; Auf mittlerer Flamme unter st\u00e4ndigem R\u00fchren erhitzen, bis sie eindickt und aufkocht.<br \/>\n&#8211; Die hei\u00dfe Schokolade in die Tasse gie\u00dfen und genie\u00dfen!<\/p>\n<p>In der Mikrowelle:<br \/>\n&#8211; Mischen Sie den Inhalt eines Beutels in einer gro\u00dfen Tasse mit 125 ml Milch, die Sie nach und nach hinzuf\u00fcgen.<br \/>\n&#8211; Eine Minute lang bei 750 Watt oder 50 Sekunden lang bei 950 Watt kochen. Wenn Sie die Dichte erh\u00f6hen m\u00f6chten, kochen Sie 10 Sekunden l\u00e4nger.<\/p>","protected":false},"excerpt":{"rendered":"<p>Dunkle Schokolade Mit seinem unverwechselbaren Geschmack und seiner unwiderstehlichen Cremigkeit w\u00e4rmt er die k\u00e4ltesten Tage auf. Die Packung enth\u00e4lt 10 Beutel\u00a0\u00e0\u00a030 g.&hellip;<\/p>","protected":false},"featured_media":16195,"comment_status":"closed","ping_status":"closed","template":"","meta":[],"product_brand":[],"product_cat":[72,74,84],"product_tag":[],"class_list":{"0":"post-16198","1":"product","2":"type-product","3":"status-publish","4":"has-post-thumbnail","6":"product_cat-lebensmittel","7":"product_cat-diverses","8":"product_cat-getraenke","10":"first","11":"instock","12":"shipping-taxable","13":"purchasable","14":"product-type-simple"},"yoast_head":"<!-- This site is optimized with the Yoast SEO plugin v25.0 - https:\/\/yoast.com\/wordpress\/plugins\/seo\/ -->\n<title>L&#039; Espresso Dunkle Schokolade - Bottega Italiana<\/title>\n<meta name=\"robots\" content=\"index, follow, max-snippet:-1, max-image-preview:large, max-video-preview:-1\" \/>\n<link rel=\"canonical\" href=\"https:\/\/bottegaitaliana.ch\/en\/product\/l-espresso-dunkle-schokolade\/\" \/>\n<meta property=\"og:locale\" content=\"en_US\" \/>\n<meta property=\"og:type\" content=\"article\" \/>\n<meta property=\"og:title\" content=\"L&#039; Espresso Dunkle Schokolade - Bottega Italiana\" \/>\n<meta property=\"og:description\" content=\"Dunkle Schokolade Mit seinem unverwechselbaren Geschmack und seiner unwiderstehlichen Cremigkeit w\u00e4rmt er die k\u00e4ltesten Tage auf. Die Packung enth\u00e4lt 10 Beutel\u00a0\u00e0\u00a030 g.&hellip;\" \/>\n<meta property=\"og:url\" content=\"https:\/\/bottegaitaliana.ch\/en\/product\/l-espresso-dunkle-schokolade\/\" \/>\n<meta property=\"og:site_name\" content=\"Bottega Italiana\" \/>\n<meta property=\"article:modified_time\" content=\"2024-10-20T12:14:39+00:00\" \/>\n<meta property=\"og:image\" content=\"https:\/\/bottegaitaliana.ch\/wp-content\/uploads\/2024\/08\/ciok-latteoACozQvRg7lBg_600x600@2x.jpg\" \/>\n\t<meta property=\"og:image:width\" content=\"1080\" \/>\n\t<meta property=\"og:image:height\" content=\"1080\" \/>\n\t<meta property=\"og:image:type\" content=\"image\/jpeg\" \/>\n<meta name=\"twitter:card\" content=\"summary_large_image\" \/>\n<meta name=\"twitter:label1\" content=\"Est. reading time\" \/>\n\t<meta name=\"twitter:data1\" content=\"1 minute\" \/>\n<script type=\"application\/ld+json\" class=\"yoast-schema-graph\">{\"@context\":\"https:\/\/schema.org\",\"@graph\":[{\"@type\":\"WebPage\",\"@id\":\"https:\/\/bottegaitaliana.ch\/product\/l-espresso-dunkle-schokolade\/\",\"url\":\"https:\/\/bottegaitaliana.ch\/product\/l-espresso-dunkle-schokolade\/\",\"name\":\"L' Espresso Dunkle Schokolade - Bottega Italiana\",\"isPartOf\":{\"@id\":\"https:\/\/bottegaitaliana.ch\/#website\"},\"primaryImageOfPage\":{\"@id\":\"https:\/\/bottegaitaliana.ch\/product\/l-espresso-dunkle-schokolade\/#primaryimage\"},\"image\":{\"@id\":\"https:\/\/bottegaitaliana.ch\/product\/l-espresso-dunkle-schokolade\/#primaryimage\"},\"thumbnailUrl\":\"https:\/\/bottegaitaliana.ch\/wp-content\/uploads\/2024\/08\/ciok-latteoACozQvRg7lBg_600x600@2x.jpg\",\"datePublished\":\"2024-08-14T06:40:03+00:00\",\"dateModified\":\"2024-10-20T12:14:39+00:00\",\"breadcrumb\":{\"@id\":\"https:\/\/bottegaitaliana.ch\/product\/l-espresso-dunkle-schokolade\/#breadcrumb\"},\"inLanguage\":\"en-US\",\"potentialAction\":[{\"@type\":\"ReadAction\",\"target\":[\"https:\/\/bottegaitaliana.ch\/product\/l-espresso-dunkle-schokolade\/\"]}]},{\"@type\":\"ImageObject\",\"inLanguage\":\"en-US\",\"@id\":\"https:\/\/bottegaitaliana.ch\/product\/l-espresso-dunkle-schokolade\/#primaryimage\",\"url\":\"https:\/\/bottegaitaliana.ch\/wp-content\/uploads\/2024\/08\/ciok-latteoACozQvRg7lBg_600x600@2x.jpg\",\"contentUrl\":\"https:\/\/bottegaitaliana.ch\/wp-content\/uploads\/2024\/08\/ciok-latteoACozQvRg7lBg_600x600@2x.jpg\",\"width\":1080,\"height\":1080},{\"@type\":\"BreadcrumbList\",\"@id\":\"https:\/\/bottegaitaliana.ch\/product\/l-espresso-dunkle-schokolade\/#breadcrumb\",\"itemListElement\":[{\"@type\":\"ListItem\",\"position\":1,\"name\":\"Startseite\",\"item\":\"https:\/\/bottegaitaliana.ch\/\"},{\"@type\":\"ListItem\",\"position\":2,\"name\":\"Shop\",\"item\":\"https:\/\/bottegaitaliana.ch\/shop\/\"},{\"@type\":\"ListItem\",\"position\":3,\"name\":\"L&#8216; Espresso Dunkle Schokolade\"}]},{\"@type\":\"WebSite\",\"@id\":\"https:\/\/bottegaitaliana.ch\/#website\",\"url\":\"https:\/\/bottegaitaliana.ch\/\",\"name\":\"Bottega Italiana\",\"description\":\"&quot;Italien in seiner besten Form \u2013 Direkt zu Ihnen nach Hause.&quot;\",\"publisher\":{\"@id\":\"https:\/\/bottegaitaliana.ch\/#organization\"},\"potentialAction\":[{\"@type\":\"SearchAction\",\"target\":{\"@type\":\"EntryPoint\",\"urlTemplate\":\"https:\/\/bottegaitaliana.ch\/?s={search_term_string}\"},\"query-input\":{\"@type\":\"PropertyValueSpecification\",\"valueRequired\":true,\"valueName\":\"search_term_string\"}}],\"inLanguage\":\"en-US\"},{\"@type\":\"Organization\",\"@id\":\"https:\/\/bottegaitaliana.ch\/#organization\",\"name\":\"Bottega Italiana\",\"url\":\"https:\/\/bottegaitaliana.ch\/\",\"logo\":{\"@type\":\"ImageObject\",\"inLanguage\":\"en-US\",\"@id\":\"https:\/\/bottegaitaliana.ch\/#\/schema\/logo\/image\/\",\"url\":\"https:\/\/bottegaitaliana.ch\/wp-content\/uploads\/2024\/08\/Logo2024.png\",\"contentUrl\":\"https:\/\/bottegaitaliana.ch\/wp-content\/uploads\/2024\/08\/Logo2024.png\",\"width\":469,\"height\":87,\"caption\":\"Bottega Italiana\"},\"image\":{\"@id\":\"https:\/\/bottegaitaliana.ch\/#\/schema\/logo\/image\/\"}}]}<\/script>\n<!-- \/ Yoast SEO plugin. -->","yoast_head_json":{"title":"L' Espresso Dunkle Schokolade - Bottega Italiana","robots":{"index":"index","follow":"follow","max-snippet":"max-snippet:-1","max-image-preview":"max-image-preview:large","max-video-preview":"max-video-preview:-1"},"canonical":"https:\/\/bottegaitaliana.ch\/en\/product\/l-espresso-dunkle-schokolade\/","og_locale":"en_US","og_type":"article","og_title":"L' Espresso Dunkle Schokolade - Bottega Italiana","og_description":"Dunkle Schokolade Mit seinem unverwechselbaren Geschmack und seiner unwiderstehlichen Cremigkeit w\u00e4rmt er die k\u00e4ltesten Tage auf. Die Packung enth\u00e4lt 10 Beutel\u00a0\u00e0\u00a030 g.&hellip;","og_url":"https:\/\/bottegaitaliana.ch\/en\/product\/l-espresso-dunkle-schokolade\/","og_site_name":"Bottega Italiana","article_modified_time":"2024-10-20T12:14:39+00:00","og_image":[{"width":1080,"height":1080,"url":"https:\/\/bottegaitaliana.ch\/wp-content\/uploads\/2024\/08\/ciok-latteoACozQvRg7lBg_600x600@2x.jpg","type":"image\/jpeg"}],"twitter_card":"summary_large_image","twitter_misc":{"Est. reading time":"1 minute"},"schema":{"@context":"https:\/\/schema.org","@graph":[{"@type":"WebPage","@id":"https:\/\/bottegaitaliana.ch\/product\/l-espresso-dunkle-schokolade\/","url":"https:\/\/bottegaitaliana.ch\/product\/l-espresso-dunkle-schokolade\/","name":"L' Espresso Dunkle Schokolade - Bottega Italiana","isPartOf":{"@id":"https:\/\/bottegaitaliana.ch\/#website"},"primaryImageOfPage":{"@id":"https:\/\/bottegaitaliana.ch\/product\/l-espresso-dunkle-schokolade\/#primaryimage"},"image":{"@id":"https:\/\/bottegaitaliana.ch\/product\/l-espresso-dunkle-schokolade\/#primaryimage"},"thumbnailUrl":"https:\/\/bottegaitaliana.ch\/wp-content\/uploads\/2024\/08\/ciok-latteoACozQvRg7lBg_600x600@2x.jpg","datePublished":"2024-08-14T06:40:03+00:00","dateModified":"2024-10-20T12:14:39+00:00","breadcrumb":{"@id":"https:\/\/bottegaitaliana.ch\/product\/l-espresso-dunkle-schokolade\/#breadcrumb"},"inLanguage":"en-US","potentialAction":[{"@type":"ReadAction","target":["https:\/\/bottegaitaliana.ch\/product\/l-espresso-dunkle-schokolade\/"]}]},{"@type":"ImageObject","inLanguage":"en-US","@id":"https:\/\/bottegaitaliana.ch\/product\/l-espresso-dunkle-schokolade\/#primaryimage","url":"https:\/\/bottegaitaliana.ch\/wp-content\/uploads\/2024\/08\/ciok-latteoACozQvRg7lBg_600x600@2x.jpg","contentUrl":"https:\/\/bottegaitaliana.ch\/wp-content\/uploads\/2024\/08\/ciok-latteoACozQvRg7lBg_600x600@2x.jpg","width":1080,"height":1080},{"@type":"BreadcrumbList","@id":"https:\/\/bottegaitaliana.ch\/product\/l-espresso-dunkle-schokolade\/#breadcrumb","itemListElement":[{"@type":"ListItem","position":1,"name":"Startseite","item":"https:\/\/bottegaitaliana.ch\/"},{"@type":"ListItem","position":2,"name":"Shop","item":"https:\/\/bottegaitaliana.ch\/shop\/"},{"@type":"ListItem","position":3,"name":"L&#8216; Espresso Dunkle Schokolade"}]},{"@type":"WebSite","@id":"https:\/\/bottegaitaliana.ch\/#website","url":"https:\/\/bottegaitaliana.ch\/","name":"Bottega Italiana","description":"&quot;Italien in seiner besten Form \u2013 Direkt zu Ihnen nach Hause.&quot;","publisher":{"@id":"https:\/\/bottegaitaliana.ch\/#organization"},"potentialAction":[{"@type":"SearchAction","target":{"@type":"EntryPoint","urlTemplate":"https:\/\/bottegaitaliana.ch\/?s={search_term_string}"},"query-input":{"@type":"PropertyValueSpecification","valueRequired":true,"valueName":"search_term_string"}}],"inLanguage":"en-US"},{"@type":"Organization","@id":"https:\/\/bottegaitaliana.ch\/#organization","name":"Bottega Italiana","url":"https:\/\/bottegaitaliana.ch\/","logo":{"@type":"ImageObject","inLanguage":"en-US","@id":"https:\/\/bottegaitaliana.ch\/#\/schema\/logo\/image\/","url":"https:\/\/bottegaitaliana.ch\/wp-content\/uploads\/2024\/08\/Logo2024.png","contentUrl":"https:\/\/bottegaitaliana.ch\/wp-content\/uploads\/2024\/08\/Logo2024.png","width":469,"height":87,"caption":"Bottega Italiana"},"image":{"@id":"https:\/\/bottegaitaliana.ch\/#\/schema\/logo\/image\/"}}]}},"_links":{"self":[{"href":"https:\/\/bottegaitaliana.ch\/en\/wp-json\/wp\/v2\/product\/16198","targetHints":{"allow":["GET"]}}],"collection":[{"href":"https:\/\/bottegaitaliana.ch\/en\/wp-json\/wp\/v2\/product"}],"about":[{"href":"https:\/\/bottegaitaliana.ch\/en\/wp-json\/wp\/v2\/types\/product"}],"replies":[{"embeddable":true,"href":"https:\/\/bottegaitaliana.ch\/en\/wp-json\/wp\/v2\/comments?post=16198"}],"version-history":[{"count":1,"href":"https:\/\/bottegaitaliana.ch\/en\/wp-json\/wp\/v2\/product\/16198\/revisions"}],"predecessor-version":[{"id":16200,"href":"https:\/\/bottegaitaliana.ch\/en\/wp-json\/wp\/v2\/product\/16198\/revisions\/16200"}],"wp:featuredmedia":[{"embeddable":true,"href":"https:\/\/bottegaitaliana.ch\/en\/wp-json\/wp\/v2\/media\/16195"}],"wp:attachment":[{"href":"https:\/\/bottegaitaliana.ch\/en\/wp-json\/wp\/v2\/media?parent=16198"}],"wp:term":[{"taxonomy":"product_brand","embeddable":true,"href":"https:\/\/bottegaitaliana.ch\/en\/wp-json\/wp\/v2\/product_brand?post=16198"},{"taxonomy":"product_cat","embeddable":true,"href":"https:\/\/bottegaitaliana.ch\/en\/wp-json\/wp\/v2\/product_cat?post=16198"},{"taxonomy":"product_tag","embeddable":true,"href":"https:\/\/bottegaitaliana.ch\/en\/wp-json\/wp\/v2\/product_tag?post=16198"}],"curies":[{"name":"wp","href":"https:\/\/api.w.org\/{rel}","templated":true}]}}