{"id":16632,"date":"2024-10-20T21:08:03","date_gmt":"2024-10-20T19:08:03","guid":{"rendered":"https:\/\/bottegaitaliana.ch\/?post_type=product&#038;p=16632"},"modified":"2024-10-20T21:37:53","modified_gmt":"2024-10-20T19:37:53","slug":"kimbo-espresso-classico-bohnen-1kg","status":"publish","type":"product","link":"https:\/\/bottegaitaliana.ch\/en\/product\/kimbo-espresso-classico-bohnen-1kg\/","title":{"rendered":"Kimbo Espresso Classico Bohnen &#8211; 1kg"},"content":{"rendered":"","protected":false},"excerpt":{"rendered":"<div class=\"product--description\">\n<p>Eine unverwechselbare Mischung, die aus feinen Arabica- und Robusta-Sorten gewonnen wird und sich durch ein leicht s\u00e4uerliches Aroma auszeichnet.<br \/>\nIn der Tasse findet sich ein Hauch von R\u00f6staromen und Schokolade.<\/p>\n<p>Bohnen 1kg<br \/>\nIntensit\u00e4t: 11\/13<br \/>\nMittlere R\u00f6stung<br \/>\nIdeal f\u00fcr: Espresso, Caff\u00e8 latte, Cappuccino, Latte macchiato<\/p>\n<\/div>","protected":false},"featured_media":16639,"comment_status":"closed","ping_status":"closed","template":"","meta":[],"product_brand":[],"product_cat":[85,111,114],"product_tag":[],"class_list":{"0":"post-16632","1":"product","2":"type-product","3":"status-publish","4":"has-post-thumbnail","6":"product_cat-kaffee","7":"product_cat-bohnen-gemahlen","8":"product_cat-kimbo-bohnen-gemahlen","10":"first","11":"instock","12":"shipping-taxable","13":"purchasable","14":"product-type-simple"},"yoast_head":"<!-- This site is optimized with the Yoast SEO plugin v25.0 - https:\/\/yoast.com\/wordpress\/plugins\/seo\/ -->\n<title>Kimbo Espresso Classico Bohnen - 1kg - Bottega Italiana<\/title>\n<meta name=\"robots\" content=\"index, follow, max-snippet:-1, max-image-preview:large, max-video-preview:-1\" \/>\n<link rel=\"canonical\" href=\"https:\/\/bottegaitaliana.ch\/en\/product\/kimbo-espresso-classico-bohnen-1kg\/\" \/>\n<meta property=\"og:locale\" content=\"en_US\" \/>\n<meta property=\"og:type\" content=\"article\" \/>\n<meta property=\"og:title\" content=\"Kimbo Espresso Classico Bohnen - 1kg - Bottega Italiana\" \/>\n<meta property=\"og:description\" content=\"Eine unverwechselbare Mischung, die aus feinen Arabica- und Robusta-Sorten gewonnen wird und sich durch ein leicht s\u00e4uerliches Aroma auszeichnet. In der Tasse findet sich ein Hauch von R\u00f6staromen und Schokolade.  Bohnen 1kg Intensit\u00e4t: 11\/13 Mittlere R\u00f6stung Ideal f\u00fcr: Espresso, Caff\u00e8 latte, Cappuccino, Latte macchiato\" \/>\n<meta property=\"og:url\" content=\"https:\/\/bottegaitaliana.ch\/en\/product\/kimbo-espresso-classico-bohnen-1kg\/\" \/>\n<meta property=\"og:site_name\" content=\"Bottega Italiana\" \/>\n<meta property=\"article:modified_time\" content=\"2024-10-20T19:37:53+00:00\" \/>\n<meta property=\"og:image\" content=\"https:\/\/bottegaitaliana.ch\/wp-content\/uploads\/2024\/10\/KIMBO_CLASSICO_ESTERO_02022021_pack_600x600@2x-e1729453712342.jpg\" \/>\n\t<meta property=\"og:image:width\" content=\"238\" \/>\n\t<meta property=\"og:image:height\" content=\"400\" \/>\n\t<meta property=\"og:image:type\" content=\"image\/jpeg\" \/>\n<meta name=\"twitter:card\" content=\"summary_large_image\" \/>\n<script type=\"application\/ld+json\" class=\"yoast-schema-graph\">{\"@context\":\"https:\/\/schema.org\",\"@graph\":[{\"@type\":\"WebPage\",\"@id\":\"https:\/\/bottegaitaliana.ch\/product\/kimbo-espresso-classico-bohnen-1kg\/\",\"url\":\"https:\/\/bottegaitaliana.ch\/product\/kimbo-espresso-classico-bohnen-1kg\/\",\"name\":\"Kimbo Espresso Classico Bohnen - 1kg - Bottega Italiana\",\"isPartOf\":{\"@id\":\"https:\/\/bottegaitaliana.ch\/#website\"},\"primaryImageOfPage\":{\"@id\":\"https:\/\/bottegaitaliana.ch\/product\/kimbo-espresso-classico-bohnen-1kg\/#primaryimage\"},\"image\":{\"@id\":\"https:\/\/bottegaitaliana.ch\/product\/kimbo-espresso-classico-bohnen-1kg\/#primaryimage\"},\"thumbnailUrl\":\"https:\/\/bottegaitaliana.ch\/wp-content\/uploads\/2024\/10\/KIMBO_CLASSICO_ESTERO_02022021_pack_600x600@2x-e1729453712342.jpg\",\"datePublished\":\"2024-10-20T19:08:03+00:00\",\"dateModified\":\"2024-10-20T19:37:53+00:00\",\"breadcrumb\":{\"@id\":\"https:\/\/bottegaitaliana.ch\/product\/kimbo-espresso-classico-bohnen-1kg\/#breadcrumb\"},\"inLanguage\":\"en-US\",\"potentialAction\":[{\"@type\":\"ReadAction\",\"target\":[\"https:\/\/bottegaitaliana.ch\/product\/kimbo-espresso-classico-bohnen-1kg\/\"]}]},{\"@type\":\"ImageObject\",\"inLanguage\":\"en-US\",\"@id\":\"https:\/\/bottegaitaliana.ch\/product\/kimbo-espresso-classico-bohnen-1kg\/#primaryimage\",\"url\":\"https:\/\/bottegaitaliana.ch\/wp-content\/uploads\/2024\/10\/KIMBO_CLASSICO_ESTERO_02022021_pack_600x600@2x-e1729453712342.jpg\",\"contentUrl\":\"https:\/\/bottegaitaliana.ch\/wp-content\/uploads\/2024\/10\/KIMBO_CLASSICO_ESTERO_02022021_pack_600x600@2x-e1729453712342.jpg\",\"width\":238,\"height\":400},{\"@type\":\"BreadcrumbList\",\"@id\":\"https:\/\/bottegaitaliana.ch\/product\/kimbo-espresso-classico-bohnen-1kg\/#breadcrumb\",\"itemListElement\":[{\"@type\":\"ListItem\",\"position\":1,\"name\":\"Startseite\",\"item\":\"https:\/\/bottegaitaliana.ch\/\"},{\"@type\":\"ListItem\",\"position\":2,\"name\":\"Shop\",\"item\":\"https:\/\/bottegaitaliana.ch\/shop\/\"},{\"@type\":\"ListItem\",\"position\":3,\"name\":\"Kimbo Espresso Classico Bohnen &#8211; 1kg\"}]},{\"@type\":\"WebSite\",\"@id\":\"https:\/\/bottegaitaliana.ch\/#website\",\"url\":\"https:\/\/bottegaitaliana.ch\/\",\"name\":\"Bottega Italiana\",\"description\":\"&quot;Italien in seiner besten Form \u2013 Direkt zu Ihnen nach Hause.&quot;\",\"publisher\":{\"@id\":\"https:\/\/bottegaitaliana.ch\/#organization\"},\"potentialAction\":[{\"@type\":\"SearchAction\",\"target\":{\"@type\":\"EntryPoint\",\"urlTemplate\":\"https:\/\/bottegaitaliana.ch\/?s={search_term_string}\"},\"query-input\":{\"@type\":\"PropertyValueSpecification\",\"valueRequired\":true,\"valueName\":\"search_term_string\"}}],\"inLanguage\":\"en-US\"},{\"@type\":\"Organization\",\"@id\":\"https:\/\/bottegaitaliana.ch\/#organization\",\"name\":\"Bottega Italiana\",\"url\":\"https:\/\/bottegaitaliana.ch\/\",\"logo\":{\"@type\":\"ImageObject\",\"inLanguage\":\"en-US\",\"@id\":\"https:\/\/bottegaitaliana.ch\/#\/schema\/logo\/image\/\",\"url\":\"https:\/\/bottegaitaliana.ch\/wp-content\/uploads\/2024\/08\/Logo2024.png\",\"contentUrl\":\"https:\/\/bottegaitaliana.ch\/wp-content\/uploads\/2024\/08\/Logo2024.png\",\"width\":469,\"height\":87,\"caption\":\"Bottega Italiana\"},\"image\":{\"@id\":\"https:\/\/bottegaitaliana.ch\/#\/schema\/logo\/image\/\"}}]}<\/script>\n<!-- \/ Yoast SEO plugin. -->","yoast_head_json":{"title":"Kimbo Espresso Classico Bohnen - 1kg - Bottega Italiana","robots":{"index":"index","follow":"follow","max-snippet":"max-snippet:-1","max-image-preview":"max-image-preview:large","max-video-preview":"max-video-preview:-1"},"canonical":"https:\/\/bottegaitaliana.ch\/en\/product\/kimbo-espresso-classico-bohnen-1kg\/","og_locale":"en_US","og_type":"article","og_title":"Kimbo Espresso Classico Bohnen - 1kg - Bottega Italiana","og_description":"Eine unverwechselbare Mischung, die aus feinen Arabica- und Robusta-Sorten gewonnen wird und sich durch ein leicht s\u00e4uerliches Aroma auszeichnet. In der Tasse findet sich ein Hauch von R\u00f6staromen und Schokolade.  Bohnen 1kg Intensit\u00e4t: 11\/13 Mittlere R\u00f6stung Ideal f\u00fcr: Espresso, Caff\u00e8 latte, Cappuccino, Latte macchiato","og_url":"https:\/\/bottegaitaliana.ch\/en\/product\/kimbo-espresso-classico-bohnen-1kg\/","og_site_name":"Bottega Italiana","article_modified_time":"2024-10-20T19:37:53+00:00","og_image":[{"width":238,"height":400,"url":"https:\/\/bottegaitaliana.ch\/wp-content\/uploads\/2024\/10\/KIMBO_CLASSICO_ESTERO_02022021_pack_600x600@2x-e1729453712342.jpg","type":"image\/jpeg"}],"twitter_card":"summary_large_image","schema":{"@context":"https:\/\/schema.org","@graph":[{"@type":"WebPage","@id":"https:\/\/bottegaitaliana.ch\/product\/kimbo-espresso-classico-bohnen-1kg\/","url":"https:\/\/bottegaitaliana.ch\/product\/kimbo-espresso-classico-bohnen-1kg\/","name":"Kimbo Espresso Classico Bohnen - 1kg - Bottega Italiana","isPartOf":{"@id":"https:\/\/bottegaitaliana.ch\/#website"},"primaryImageOfPage":{"@id":"https:\/\/bottegaitaliana.ch\/product\/kimbo-espresso-classico-bohnen-1kg\/#primaryimage"},"image":{"@id":"https:\/\/bottegaitaliana.ch\/product\/kimbo-espresso-classico-bohnen-1kg\/#primaryimage"},"thumbnailUrl":"https:\/\/bottegaitaliana.ch\/wp-content\/uploads\/2024\/10\/KIMBO_CLASSICO_ESTERO_02022021_pack_600x600@2x-e1729453712342.jpg","datePublished":"2024-10-20T19:08:03+00:00","dateModified":"2024-10-20T19:37:53+00:00","breadcrumb":{"@id":"https:\/\/bottegaitaliana.ch\/product\/kimbo-espresso-classico-bohnen-1kg\/#breadcrumb"},"inLanguage":"en-US","potentialAction":[{"@type":"ReadAction","target":["https:\/\/bottegaitaliana.ch\/product\/kimbo-espresso-classico-bohnen-1kg\/"]}]},{"@type":"ImageObject","inLanguage":"en-US","@id":"https:\/\/bottegaitaliana.ch\/product\/kimbo-espresso-classico-bohnen-1kg\/#primaryimage","url":"https:\/\/bottegaitaliana.ch\/wp-content\/uploads\/2024\/10\/KIMBO_CLASSICO_ESTERO_02022021_pack_600x600@2x-e1729453712342.jpg","contentUrl":"https:\/\/bottegaitaliana.ch\/wp-content\/uploads\/2024\/10\/KIMBO_CLASSICO_ESTERO_02022021_pack_600x600@2x-e1729453712342.jpg","width":238,"height":400},{"@type":"BreadcrumbList","@id":"https:\/\/bottegaitaliana.ch\/product\/kimbo-espresso-classico-bohnen-1kg\/#breadcrumb","itemListElement":[{"@type":"ListItem","position":1,"name":"Startseite","item":"https:\/\/bottegaitaliana.ch\/"},{"@type":"ListItem","position":2,"name":"Shop","item":"https:\/\/bottegaitaliana.ch\/shop\/"},{"@type":"ListItem","position":3,"name":"Kimbo Espresso Classico Bohnen &#8211; 1kg"}]},{"@type":"WebSite","@id":"https:\/\/bottegaitaliana.ch\/#website","url":"https:\/\/bottegaitaliana.ch\/","name":"Bottega Italiana","description":"&quot;Italien in seiner besten Form \u2013 Direkt zu Ihnen nach Hause.&quot;","publisher":{"@id":"https:\/\/bottegaitaliana.ch\/#organization"},"potentialAction":[{"@type":"SearchAction","target":{"@type":"EntryPoint","urlTemplate":"https:\/\/bottegaitaliana.ch\/?s={search_term_string}"},"query-input":{"@type":"PropertyValueSpecification","valueRequired":true,"valueName":"search_term_string"}}],"inLanguage":"en-US"},{"@type":"Organization","@id":"https:\/\/bottegaitaliana.ch\/#organization","name":"Bottega Italiana","url":"https:\/\/bottegaitaliana.ch\/","logo":{"@type":"ImageObject","inLanguage":"en-US","@id":"https:\/\/bottegaitaliana.ch\/#\/schema\/logo\/image\/","url":"https:\/\/bottegaitaliana.ch\/wp-content\/uploads\/2024\/08\/Logo2024.png","contentUrl":"https:\/\/bottegaitaliana.ch\/wp-content\/uploads\/2024\/08\/Logo2024.png","width":469,"height":87,"caption":"Bottega Italiana"},"image":{"@id":"https:\/\/bottegaitaliana.ch\/#\/schema\/logo\/image\/"}}]}},"_links":{"self":[{"href":"https:\/\/bottegaitaliana.ch\/en\/wp-json\/wp\/v2\/product\/16632","targetHints":{"allow":["GET"]}}],"collection":[{"href":"https:\/\/bottegaitaliana.ch\/en\/wp-json\/wp\/v2\/product"}],"about":[{"href":"https:\/\/bottegaitaliana.ch\/en\/wp-json\/wp\/v2\/types\/product"}],"replies":[{"embeddable":true,"href":"https:\/\/bottegaitaliana.ch\/en\/wp-json\/wp\/v2\/comments?post=16632"}],"version-history":[{"count":2,"href":"https:\/\/bottegaitaliana.ch\/en\/wp-json\/wp\/v2\/product\/16632\/revisions"}],"predecessor-version":[{"id":16641,"href":"https:\/\/bottegaitaliana.ch\/en\/wp-json\/wp\/v2\/product\/16632\/revisions\/16641"}],"wp:featuredmedia":[{"embeddable":true,"href":"https:\/\/bottegaitaliana.ch\/en\/wp-json\/wp\/v2\/media\/16639"}],"wp:attachment":[{"href":"https:\/\/bottegaitaliana.ch\/en\/wp-json\/wp\/v2\/media?parent=16632"}],"wp:term":[{"taxonomy":"product_brand","embeddable":true,"href":"https:\/\/bottegaitaliana.ch\/en\/wp-json\/wp\/v2\/product_brand?post=16632"},{"taxonomy":"product_cat","embeddable":true,"href":"https:\/\/bottegaitaliana.ch\/en\/wp-json\/wp\/v2\/product_cat?post=16632"},{"taxonomy":"product_tag","embeddable":true,"href":"https:\/\/bottegaitaliana.ch\/en\/wp-json\/wp\/v2\/product_tag?post=16632"}],"curies":[{"name":"wp","href":"https:\/\/api.w.org\/{rel}","templated":true}]}}