{"id":16633,"date":"2024-10-20T20:48:06","date_gmt":"2024-10-20T18:48:06","guid":{"rendered":"https:\/\/bottegaitaliana.ch\/?post_type=product&#038;p=16633"},"modified":"2024-10-20T20:48:06","modified_gmt":"2024-10-20T18:48:06","slug":"kimbo-espresso-barista-100-arabica-bohnen-1kg","status":"publish","type":"product","link":"https:\/\/bottegaitaliana.ch\/en\/product\/kimbo-espresso-barista-100-arabica-bohnen-1kg\/","title":{"rendered":"Kimbo Espresso Barista 100% Arabica Bohnen 1kg"},"content":{"rendered":"","protected":false},"excerpt":{"rendered":"<h4><strong>Kimbo Espresso Barista 100% Arabica Bohnen<\/strong><\/h4>\n<p><strong>Entdecken Sie Kimbo Espresso Barista<\/strong>, eine exklusive Kaffeemischung, die aus 100% Arabica-Bohnen sorgf\u00e4ltig aus den begehrtesten Anbaugebieten Mittel- und S\u00fcdamerikas sowie Afrikas ausgew\u00e4hlt wurde. Diese meisterhaft komponierte Mischung vereint die Vielfalt und Qualit\u00e4t, die Kaffee-Liebhaber sch\u00e4tzen. In einer mittleren R\u00f6stung entfaltet sich der nat\u00fcrliche s\u00fcsse Geschmack, der jeden Gaumen auf eine unvergleichliche Reise entf\u00fchrt.<\/p>\n<p>Aromen von saftigen Zitrusfr\u00fcchten und sanften Honignoten harmonieren perfekt mit feinen floralen Nuancen, die dem Kaffee eine subtile Eleganz verleihen. Diese ausgewogene R\u00f6stung sorgt f\u00fcr eine sanfte, vollmundige Tasse, die gleichzeitig lebendig und ansprechend ist.<\/p>\n<p>Die Vielseitigkeit dieser Mischung ist bemerkenswert: Sie eignet sich hervorragend f\u00fcr Siebtr\u00e4ger, Kaffeekannen, Frenchpress, Moka und Filterkaffee. Ganz gleich, welche Zubereitungsart Sie w\u00e4hlen, die einzigartigen Geschmacksnuancen der Bohnen kommen in jeder Variante optimal zur Geltung.<\/p>","protected":false},"featured_media":16637,"comment_status":"closed","ping_status":"closed","template":"","meta":[],"product_brand":[],"product_cat":[85,111,114],"product_tag":[],"class_list":{"0":"post-16633","1":"product","2":"type-product","3":"status-publish","4":"has-post-thumbnail","6":"product_cat-kaffee","7":"product_cat-bohnen-gemahlen","8":"product_cat-kimbo-bohnen-gemahlen","10":"first","11":"instock","12":"shipping-taxable","13":"purchasable","14":"product-type-simple"},"yoast_head":"<!-- This site is optimized with the Yoast SEO plugin v25.0 - https:\/\/yoast.com\/wordpress\/plugins\/seo\/ -->\n<title>Kimbo Espresso Barista 100% Arabica Bohnen 1kg - Bottega Italiana<\/title>\n<meta name=\"robots\" content=\"index, follow, max-snippet:-1, max-image-preview:large, max-video-preview:-1\" \/>\n<link rel=\"canonical\" href=\"https:\/\/bottegaitaliana.ch\/en\/product\/kimbo-espresso-barista-100-arabica-bohnen-1kg\/\" \/>\n<meta property=\"og:locale\" content=\"en_US\" \/>\n<meta property=\"og:type\" content=\"article\" \/>\n<meta property=\"og:title\" content=\"Kimbo Espresso Barista 100% Arabica Bohnen 1kg - Bottega Italiana\" \/>\n<meta property=\"og:description\" content=\"Kimbo Espresso Barista 100% Arabica Bohnen Entdecken Sie Kimbo Espresso Barista, eine exklusive Kaffeemischung, die aus 100% Arabica-Bohnen sorgf\u00e4ltig aus den begehrtesten Anbaugebieten Mittel- und S\u00fcdamerikas sowie Afrikas ausgew\u00e4hlt wurde. Diese meisterhaft komponierte Mischung vereint die Vielfalt und Qualit\u00e4t, die Kaffee-Liebhaber sch\u00e4tzen. In einer mittleren R\u00f6stung entfaltet sich der nat\u00fcrliche s\u00fcsse Geschmack, der jeden Gaumen auf eine unvergleichliche Reise entf\u00fchrt.  Aromen von saftigen Zitrusfr\u00fcchten und sanften Honignoten harmonieren perfekt mit feinen floralen Nuancen, die dem Kaffee eine subtile Eleganz verleihen. Diese ausgewogene R\u00f6stung sorgt f\u00fcr eine sanfte, vollmundige Tasse, die gleichzeitig lebendig und ansprechend ist.  Die Vielseitigkeit dieser Mischung ist bemerkenswert: Sie eignet sich hervorragend f\u00fcr Siebtr\u00e4ger, Kaffeekannen, Frenchpress, Moka und Filterkaffee. Ganz gleich, welche Zubereitungsart Sie w\u00e4hlen, die einzigartigen Geschmacksnuancen der Bohnen kommen in jeder Variante optimal zur Geltung.\" \/>\n<meta property=\"og:url\" content=\"https:\/\/bottegaitaliana.ch\/en\/product\/kimbo-espresso-barista-100-arabica-bohnen-1kg\/\" \/>\n<meta property=\"og:site_name\" content=\"Bottega Italiana\" \/>\n<meta property=\"og:image\" content=\"https:\/\/bottegaitaliana.ch\/wp-content\/uploads\/2024\/10\/kimbo-espresso-barista-100-arabica-1kg_600x600@2x.jpg\" \/>\n\t<meta property=\"og:image:width\" content=\"552\" \/>\n\t<meta property=\"og:image:height\" content=\"1076\" \/>\n\t<meta property=\"og:image:type\" content=\"image\/jpeg\" \/>\n<meta name=\"twitter:card\" content=\"summary_large_image\" \/>\n<script type=\"application\/ld+json\" class=\"yoast-schema-graph\">{\"@context\":\"https:\/\/schema.org\",\"@graph\":[{\"@type\":\"WebPage\",\"@id\":\"https:\/\/bottegaitaliana.ch\/product\/kimbo-espresso-barista-100-arabica-bohnen-1kg\/\",\"url\":\"https:\/\/bottegaitaliana.ch\/product\/kimbo-espresso-barista-100-arabica-bohnen-1kg\/\",\"name\":\"Kimbo Espresso Barista 100% Arabica Bohnen 1kg - Bottega Italiana\",\"isPartOf\":{\"@id\":\"https:\/\/bottegaitaliana.ch\/#website\"},\"primaryImageOfPage\":{\"@id\":\"https:\/\/bottegaitaliana.ch\/product\/kimbo-espresso-barista-100-arabica-bohnen-1kg\/#primaryimage\"},\"image\":{\"@id\":\"https:\/\/bottegaitaliana.ch\/product\/kimbo-espresso-barista-100-arabica-bohnen-1kg\/#primaryimage\"},\"thumbnailUrl\":\"https:\/\/bottegaitaliana.ch\/wp-content\/uploads\/2024\/10\/kimbo-espresso-barista-100-arabica-1kg_600x600@2x.jpg\",\"datePublished\":\"2024-10-20T18:48:06+00:00\",\"breadcrumb\":{\"@id\":\"https:\/\/bottegaitaliana.ch\/product\/kimbo-espresso-barista-100-arabica-bohnen-1kg\/#breadcrumb\"},\"inLanguage\":\"en-US\",\"potentialAction\":[{\"@type\":\"ReadAction\",\"target\":[\"https:\/\/bottegaitaliana.ch\/product\/kimbo-espresso-barista-100-arabica-bohnen-1kg\/\"]}]},{\"@type\":\"ImageObject\",\"inLanguage\":\"en-US\",\"@id\":\"https:\/\/bottegaitaliana.ch\/product\/kimbo-espresso-barista-100-arabica-bohnen-1kg\/#primaryimage\",\"url\":\"https:\/\/bottegaitaliana.ch\/wp-content\/uploads\/2024\/10\/kimbo-espresso-barista-100-arabica-1kg_600x600@2x.jpg\",\"contentUrl\":\"https:\/\/bottegaitaliana.ch\/wp-content\/uploads\/2024\/10\/kimbo-espresso-barista-100-arabica-1kg_600x600@2x.jpg\",\"width\":552,\"height\":1076},{\"@type\":\"BreadcrumbList\",\"@id\":\"https:\/\/bottegaitaliana.ch\/product\/kimbo-espresso-barista-100-arabica-bohnen-1kg\/#breadcrumb\",\"itemListElement\":[{\"@type\":\"ListItem\",\"position\":1,\"name\":\"Startseite\",\"item\":\"https:\/\/bottegaitaliana.ch\/\"},{\"@type\":\"ListItem\",\"position\":2,\"name\":\"Shop\",\"item\":\"https:\/\/bottegaitaliana.ch\/shop\/\"},{\"@type\":\"ListItem\",\"position\":3,\"name\":\"Kimbo Espresso Barista 100% Arabica Bohnen 1kg\"}]},{\"@type\":\"WebSite\",\"@id\":\"https:\/\/bottegaitaliana.ch\/#website\",\"url\":\"https:\/\/bottegaitaliana.ch\/\",\"name\":\"Bottega Italiana\",\"description\":\"&quot;Italien in seiner besten Form \u2013 Direkt zu Ihnen nach Hause.&quot;\",\"publisher\":{\"@id\":\"https:\/\/bottegaitaliana.ch\/#organization\"},\"potentialAction\":[{\"@type\":\"SearchAction\",\"target\":{\"@type\":\"EntryPoint\",\"urlTemplate\":\"https:\/\/bottegaitaliana.ch\/?s={search_term_string}\"},\"query-input\":{\"@type\":\"PropertyValueSpecification\",\"valueRequired\":true,\"valueName\":\"search_term_string\"}}],\"inLanguage\":\"en-US\"},{\"@type\":\"Organization\",\"@id\":\"https:\/\/bottegaitaliana.ch\/#organization\",\"name\":\"Bottega Italiana\",\"url\":\"https:\/\/bottegaitaliana.ch\/\",\"logo\":{\"@type\":\"ImageObject\",\"inLanguage\":\"en-US\",\"@id\":\"https:\/\/bottegaitaliana.ch\/#\/schema\/logo\/image\/\",\"url\":\"https:\/\/bottegaitaliana.ch\/wp-content\/uploads\/2024\/08\/Logo2024.png\",\"contentUrl\":\"https:\/\/bottegaitaliana.ch\/wp-content\/uploads\/2024\/08\/Logo2024.png\",\"width\":469,\"height\":87,\"caption\":\"Bottega Italiana\"},\"image\":{\"@id\":\"https:\/\/bottegaitaliana.ch\/#\/schema\/logo\/image\/\"}}]}<\/script>\n<!-- \/ Yoast SEO plugin. -->","yoast_head_json":{"title":"Kimbo Espresso Barista 100% Arabica Bohnen 1kg - Bottega Italiana","robots":{"index":"index","follow":"follow","max-snippet":"max-snippet:-1","max-image-preview":"max-image-preview:large","max-video-preview":"max-video-preview:-1"},"canonical":"https:\/\/bottegaitaliana.ch\/en\/product\/kimbo-espresso-barista-100-arabica-bohnen-1kg\/","og_locale":"en_US","og_type":"article","og_title":"Kimbo Espresso Barista 100% Arabica Bohnen 1kg - Bottega Italiana","og_description":"Kimbo Espresso Barista 100% Arabica Bohnen Entdecken Sie Kimbo Espresso Barista, eine exklusive Kaffeemischung, die aus 100% Arabica-Bohnen sorgf\u00e4ltig aus den begehrtesten Anbaugebieten Mittel- und S\u00fcdamerikas sowie Afrikas ausgew\u00e4hlt wurde. Diese meisterhaft komponierte Mischung vereint die Vielfalt und Qualit\u00e4t, die Kaffee-Liebhaber sch\u00e4tzen. In einer mittleren R\u00f6stung entfaltet sich der nat\u00fcrliche s\u00fcsse Geschmack, der jeden Gaumen auf eine unvergleichliche Reise entf\u00fchrt.  Aromen von saftigen Zitrusfr\u00fcchten und sanften Honignoten harmonieren perfekt mit feinen floralen Nuancen, die dem Kaffee eine subtile Eleganz verleihen. Diese ausgewogene R\u00f6stung sorgt f\u00fcr eine sanfte, vollmundige Tasse, die gleichzeitig lebendig und ansprechend ist.  Die Vielseitigkeit dieser Mischung ist bemerkenswert: Sie eignet sich hervorragend f\u00fcr Siebtr\u00e4ger, Kaffeekannen, Frenchpress, Moka und Filterkaffee. Ganz gleich, welche Zubereitungsart Sie w\u00e4hlen, die einzigartigen Geschmacksnuancen der Bohnen kommen in jeder Variante optimal zur Geltung.","og_url":"https:\/\/bottegaitaliana.ch\/en\/product\/kimbo-espresso-barista-100-arabica-bohnen-1kg\/","og_site_name":"Bottega Italiana","og_image":[{"width":552,"height":1076,"url":"https:\/\/bottegaitaliana.ch\/wp-content\/uploads\/2024\/10\/kimbo-espresso-barista-100-arabica-1kg_600x600@2x.jpg","type":"image\/jpeg"}],"twitter_card":"summary_large_image","schema":{"@context":"https:\/\/schema.org","@graph":[{"@type":"WebPage","@id":"https:\/\/bottegaitaliana.ch\/product\/kimbo-espresso-barista-100-arabica-bohnen-1kg\/","url":"https:\/\/bottegaitaliana.ch\/product\/kimbo-espresso-barista-100-arabica-bohnen-1kg\/","name":"Kimbo Espresso Barista 100% Arabica Bohnen 1kg - Bottega Italiana","isPartOf":{"@id":"https:\/\/bottegaitaliana.ch\/#website"},"primaryImageOfPage":{"@id":"https:\/\/bottegaitaliana.ch\/product\/kimbo-espresso-barista-100-arabica-bohnen-1kg\/#primaryimage"},"image":{"@id":"https:\/\/bottegaitaliana.ch\/product\/kimbo-espresso-barista-100-arabica-bohnen-1kg\/#primaryimage"},"thumbnailUrl":"https:\/\/bottegaitaliana.ch\/wp-content\/uploads\/2024\/10\/kimbo-espresso-barista-100-arabica-1kg_600x600@2x.jpg","datePublished":"2024-10-20T18:48:06+00:00","breadcrumb":{"@id":"https:\/\/bottegaitaliana.ch\/product\/kimbo-espresso-barista-100-arabica-bohnen-1kg\/#breadcrumb"},"inLanguage":"en-US","potentialAction":[{"@type":"ReadAction","target":["https:\/\/bottegaitaliana.ch\/product\/kimbo-espresso-barista-100-arabica-bohnen-1kg\/"]}]},{"@type":"ImageObject","inLanguage":"en-US","@id":"https:\/\/bottegaitaliana.ch\/product\/kimbo-espresso-barista-100-arabica-bohnen-1kg\/#primaryimage","url":"https:\/\/bottegaitaliana.ch\/wp-content\/uploads\/2024\/10\/kimbo-espresso-barista-100-arabica-1kg_600x600@2x.jpg","contentUrl":"https:\/\/bottegaitaliana.ch\/wp-content\/uploads\/2024\/10\/kimbo-espresso-barista-100-arabica-1kg_600x600@2x.jpg","width":552,"height":1076},{"@type":"BreadcrumbList","@id":"https:\/\/bottegaitaliana.ch\/product\/kimbo-espresso-barista-100-arabica-bohnen-1kg\/#breadcrumb","itemListElement":[{"@type":"ListItem","position":1,"name":"Startseite","item":"https:\/\/bottegaitaliana.ch\/"},{"@type":"ListItem","position":2,"name":"Shop","item":"https:\/\/bottegaitaliana.ch\/shop\/"},{"@type":"ListItem","position":3,"name":"Kimbo Espresso Barista 100% Arabica Bohnen 1kg"}]},{"@type":"WebSite","@id":"https:\/\/bottegaitaliana.ch\/#website","url":"https:\/\/bottegaitaliana.ch\/","name":"Bottega Italiana","description":"&quot;Italien in seiner besten Form \u2013 Direkt zu Ihnen nach Hause.&quot;","publisher":{"@id":"https:\/\/bottegaitaliana.ch\/#organization"},"potentialAction":[{"@type":"SearchAction","target":{"@type":"EntryPoint","urlTemplate":"https:\/\/bottegaitaliana.ch\/?s={search_term_string}"},"query-input":{"@type":"PropertyValueSpecification","valueRequired":true,"valueName":"search_term_string"}}],"inLanguage":"en-US"},{"@type":"Organization","@id":"https:\/\/bottegaitaliana.ch\/#organization","name":"Bottega Italiana","url":"https:\/\/bottegaitaliana.ch\/","logo":{"@type":"ImageObject","inLanguage":"en-US","@id":"https:\/\/bottegaitaliana.ch\/#\/schema\/logo\/image\/","url":"https:\/\/bottegaitaliana.ch\/wp-content\/uploads\/2024\/08\/Logo2024.png","contentUrl":"https:\/\/bottegaitaliana.ch\/wp-content\/uploads\/2024\/08\/Logo2024.png","width":469,"height":87,"caption":"Bottega Italiana"},"image":{"@id":"https:\/\/bottegaitaliana.ch\/#\/schema\/logo\/image\/"}}]}},"_links":{"self":[{"href":"https:\/\/bottegaitaliana.ch\/en\/wp-json\/wp\/v2\/product\/16633","targetHints":{"allow":["GET"]}}],"collection":[{"href":"https:\/\/bottegaitaliana.ch\/en\/wp-json\/wp\/v2\/product"}],"about":[{"href":"https:\/\/bottegaitaliana.ch\/en\/wp-json\/wp\/v2\/types\/product"}],"replies":[{"embeddable":true,"href":"https:\/\/bottegaitaliana.ch\/en\/wp-json\/wp\/v2\/comments?post=16633"}],"version-history":[{"count":1,"href":"https:\/\/bottegaitaliana.ch\/en\/wp-json\/wp\/v2\/product\/16633\/revisions"}],"predecessor-version":[{"id":16638,"href":"https:\/\/bottegaitaliana.ch\/en\/wp-json\/wp\/v2\/product\/16633\/revisions\/16638"}],"wp:featuredmedia":[{"embeddable":true,"href":"https:\/\/bottegaitaliana.ch\/en\/wp-json\/wp\/v2\/media\/16637"}],"wp:attachment":[{"href":"https:\/\/bottegaitaliana.ch\/en\/wp-json\/wp\/v2\/media?parent=16633"}],"wp:term":[{"taxonomy":"product_brand","embeddable":true,"href":"https:\/\/bottegaitaliana.ch\/en\/wp-json\/wp\/v2\/product_brand?post=16633"},{"taxonomy":"product_cat","embeddable":true,"href":"https:\/\/bottegaitaliana.ch\/en\/wp-json\/wp\/v2\/product_cat?post=16633"},{"taxonomy":"product_tag","embeddable":true,"href":"https:\/\/bottegaitaliana.ch\/en\/wp-json\/wp\/v2\/product_tag?post=16633"}],"curies":[{"name":"wp","href":"https:\/\/api.w.org\/{rel}","templated":true}]}}