{"id":16643,"date":"2024-10-27T12:51:25","date_gmt":"2024-10-27T10:51:25","guid":{"rendered":"https:\/\/bottegaitaliana.ch\/?post_type=product&#038;p=16643"},"modified":"2024-10-27T12:59:11","modified_gmt":"2024-10-27T10:59:11","slug":"gnocchi-di-patate-de-cecco-500g","status":"publish","type":"product","link":"https:\/\/bottegaitaliana.ch\/en\/product\/gnocchi-di-patate-de-cecco-500g\/","title":{"rendered":"Gnocchi di patate De Cecco 500g"},"content":{"rendered":"","protected":false},"excerpt":{"rendered":"<p>Gnocchi sind ein typisches Gericht der italienischen kulinarischen Tradition<br \/>\ndie sich je nach Region in Teig, Gr\u00f6\u00dfe und Form unterscheiden k\u00f6nnen.<br \/>\nForm unterscheiden. De Cecco bietet Ihnen ein schmackhaftes Produkt, das nach einem klassischen<br \/>\nRezept, das ausgew\u00e4hlte Kartoffeln und Weizenmehl kombiniert. Ihre<br \/>\nBesonderheit ist, dass sie in 2 Minuten gekocht sind. Ihre<br \/>\nsind so geformt, dass sie sich ideal f\u00fcr die Zubereitung von Gerichten<br \/>\nGerichte: von Rezepten mit Fleischsauce oder Pesto alla<br \/>\nSauce oder Pesto alla Genovese, bis hin zu originellen und phantasievollen<br \/>\nK\u00e4sesorten oder einfacheren Gerichten mit geschmolzener Butter, Salbei und Parmesank\u00e4se.<\/p>\n<p>&nbsp;<\/p>","protected":false},"featured_media":16645,"comment_status":"open","ping_status":"closed","template":"","meta":[],"product_brand":[],"product_cat":[72,76,78],"product_tag":[],"class_list":{"0":"post-16643","1":"product","2":"type-product","3":"status-publish","4":"has-post-thumbnail","6":"product_cat-lebensmittel","7":"product_cat-pasta","8":"product_cat-de-cecco","10":"first","11":"instock","12":"sale","13":"shipping-taxable","14":"purchasable","15":"product-type-simple"},"yoast_head":"<!-- This site is optimized with the Yoast SEO plugin v25.0 - https:\/\/yoast.com\/wordpress\/plugins\/seo\/ -->\n<title>Gnocchi di patate De Cecco 500g - Bottega Italiana<\/title>\n<meta name=\"robots\" content=\"index, follow, max-snippet:-1, max-image-preview:large, max-video-preview:-1\" \/>\n<link rel=\"canonical\" href=\"https:\/\/bottegaitaliana.ch\/en\/product\/gnocchi-di-patate-de-cecco-500g\/\" \/>\n<meta property=\"og:locale\" content=\"en_US\" \/>\n<meta property=\"og:type\" content=\"article\" \/>\n<meta property=\"og:title\" content=\"Gnocchi di patate De Cecco 500g - Bottega Italiana\" \/>\n<meta property=\"og:description\" content=\"Gnocchi sind ein typisches Gericht der italienischen kulinarischen Tradition die sich je nach Region in Teig, Gr\u00f6\u00dfe und Form unterscheiden k\u00f6nnen. Form unterscheiden. De Cecco bietet Ihnen ein schmackhaftes Produkt, das nach einem klassischen Rezept, das ausgew\u00e4hlte Kartoffeln und Weizenmehl kombiniert. Ihre Besonderheit ist, dass sie in 2 Minuten gekocht sind. Ihre sind so geformt, dass sie sich ideal f\u00fcr die Zubereitung von Gerichten Gerichte: von Rezepten mit Fleischsauce oder Pesto alla Sauce oder Pesto alla Genovese, bis hin zu originellen und phantasievollen K\u00e4sesorten oder einfacheren Gerichten mit geschmolzener Butter, Salbei und Parmesank\u00e4se.  &nbsp;\" \/>\n<meta property=\"og:url\" content=\"https:\/\/bottegaitaliana.ch\/en\/product\/gnocchi-di-patate-de-cecco-500g\/\" \/>\n<meta property=\"og:site_name\" content=\"Bottega Italiana\" \/>\n<meta property=\"article:modified_time\" content=\"2024-10-27T10:59:11+00:00\" \/>\n<meta property=\"og:image\" content=\"https:\/\/bottegaitaliana.ch\/wp-content\/uploads\/2024\/10\/1-1.jpg\" \/>\n\t<meta property=\"og:image:width\" content=\"335\" \/>\n\t<meta property=\"og:image:height\" content=\"533\" \/>\n\t<meta property=\"og:image:type\" content=\"image\/jpeg\" \/>\n<meta name=\"twitter:card\" content=\"summary_large_image\" \/>\n<script type=\"application\/ld+json\" class=\"yoast-schema-graph\">{\"@context\":\"https:\/\/schema.org\",\"@graph\":[{\"@type\":\"WebPage\",\"@id\":\"https:\/\/bottegaitaliana.ch\/product\/gnocchi-di-patate-de-cecco-500g\/\",\"url\":\"https:\/\/bottegaitaliana.ch\/product\/gnocchi-di-patate-de-cecco-500g\/\",\"name\":\"Gnocchi di patate De Cecco 500g - Bottega Italiana\",\"isPartOf\":{\"@id\":\"https:\/\/bottegaitaliana.ch\/#website\"},\"primaryImageOfPage\":{\"@id\":\"https:\/\/bottegaitaliana.ch\/product\/gnocchi-di-patate-de-cecco-500g\/#primaryimage\"},\"image\":{\"@id\":\"https:\/\/bottegaitaliana.ch\/product\/gnocchi-di-patate-de-cecco-500g\/#primaryimage\"},\"thumbnailUrl\":\"https:\/\/bottegaitaliana.ch\/wp-content\/uploads\/2024\/10\/1-1.jpg\",\"datePublished\":\"2024-10-27T10:51:25+00:00\",\"dateModified\":\"2024-10-27T10:59:11+00:00\",\"breadcrumb\":{\"@id\":\"https:\/\/bottegaitaliana.ch\/product\/gnocchi-di-patate-de-cecco-500g\/#breadcrumb\"},\"inLanguage\":\"en-US\",\"potentialAction\":[{\"@type\":\"ReadAction\",\"target\":[\"https:\/\/bottegaitaliana.ch\/product\/gnocchi-di-patate-de-cecco-500g\/\"]}]},{\"@type\":\"ImageObject\",\"inLanguage\":\"en-US\",\"@id\":\"https:\/\/bottegaitaliana.ch\/product\/gnocchi-di-patate-de-cecco-500g\/#primaryimage\",\"url\":\"https:\/\/bottegaitaliana.ch\/wp-content\/uploads\/2024\/10\/1-1.jpg\",\"contentUrl\":\"https:\/\/bottegaitaliana.ch\/wp-content\/uploads\/2024\/10\/1-1.jpg\",\"width\":335,\"height\":533},{\"@type\":\"BreadcrumbList\",\"@id\":\"https:\/\/bottegaitaliana.ch\/product\/gnocchi-di-patate-de-cecco-500g\/#breadcrumb\",\"itemListElement\":[{\"@type\":\"ListItem\",\"position\":1,\"name\":\"Startseite\",\"item\":\"https:\/\/bottegaitaliana.ch\/\"},{\"@type\":\"ListItem\",\"position\":2,\"name\":\"Shop\",\"item\":\"https:\/\/bottegaitaliana.ch\/shop\/\"},{\"@type\":\"ListItem\",\"position\":3,\"name\":\"Gnocchi di patate De Cecco 500g\"}]},{\"@type\":\"WebSite\",\"@id\":\"https:\/\/bottegaitaliana.ch\/#website\",\"url\":\"https:\/\/bottegaitaliana.ch\/\",\"name\":\"Bottega Italiana\",\"description\":\"&quot;Italien in seiner besten Form \u2013 Direkt zu Ihnen nach Hause.&quot;\",\"publisher\":{\"@id\":\"https:\/\/bottegaitaliana.ch\/#organization\"},\"potentialAction\":[{\"@type\":\"SearchAction\",\"target\":{\"@type\":\"EntryPoint\",\"urlTemplate\":\"https:\/\/bottegaitaliana.ch\/?s={search_term_string}\"},\"query-input\":{\"@type\":\"PropertyValueSpecification\",\"valueRequired\":true,\"valueName\":\"search_term_string\"}}],\"inLanguage\":\"en-US\"},{\"@type\":\"Organization\",\"@id\":\"https:\/\/bottegaitaliana.ch\/#organization\",\"name\":\"Bottega Italiana\",\"url\":\"https:\/\/bottegaitaliana.ch\/\",\"logo\":{\"@type\":\"ImageObject\",\"inLanguage\":\"en-US\",\"@id\":\"https:\/\/bottegaitaliana.ch\/#\/schema\/logo\/image\/\",\"url\":\"https:\/\/bottegaitaliana.ch\/wp-content\/uploads\/2024\/08\/Logo2024.png\",\"contentUrl\":\"https:\/\/bottegaitaliana.ch\/wp-content\/uploads\/2024\/08\/Logo2024.png\",\"width\":469,\"height\":87,\"caption\":\"Bottega Italiana\"},\"image\":{\"@id\":\"https:\/\/bottegaitaliana.ch\/#\/schema\/logo\/image\/\"}}]}<\/script>\n<!-- \/ Yoast SEO plugin. -->","yoast_head_json":{"title":"Gnocchi di patate De Cecco 500g - Bottega Italiana","robots":{"index":"index","follow":"follow","max-snippet":"max-snippet:-1","max-image-preview":"max-image-preview:large","max-video-preview":"max-video-preview:-1"},"canonical":"https:\/\/bottegaitaliana.ch\/en\/product\/gnocchi-di-patate-de-cecco-500g\/","og_locale":"en_US","og_type":"article","og_title":"Gnocchi di patate De Cecco 500g - Bottega Italiana","og_description":"Gnocchi sind ein typisches Gericht der italienischen kulinarischen Tradition die sich je nach Region in Teig, Gr\u00f6\u00dfe und Form unterscheiden k\u00f6nnen. Form unterscheiden. De Cecco bietet Ihnen ein schmackhaftes Produkt, das nach einem klassischen Rezept, das ausgew\u00e4hlte Kartoffeln und Weizenmehl kombiniert. Ihre Besonderheit ist, dass sie in 2 Minuten gekocht sind. Ihre sind so geformt, dass sie sich ideal f\u00fcr die Zubereitung von Gerichten Gerichte: von Rezepten mit Fleischsauce oder Pesto alla Sauce oder Pesto alla Genovese, bis hin zu originellen und phantasievollen K\u00e4sesorten oder einfacheren Gerichten mit geschmolzener Butter, Salbei und Parmesank\u00e4se.  &nbsp;","og_url":"https:\/\/bottegaitaliana.ch\/en\/product\/gnocchi-di-patate-de-cecco-500g\/","og_site_name":"Bottega Italiana","article_modified_time":"2024-10-27T10:59:11+00:00","og_image":[{"width":335,"height":533,"url":"https:\/\/bottegaitaliana.ch\/wp-content\/uploads\/2024\/10\/1-1.jpg","type":"image\/jpeg"}],"twitter_card":"summary_large_image","schema":{"@context":"https:\/\/schema.org","@graph":[{"@type":"WebPage","@id":"https:\/\/bottegaitaliana.ch\/product\/gnocchi-di-patate-de-cecco-500g\/","url":"https:\/\/bottegaitaliana.ch\/product\/gnocchi-di-patate-de-cecco-500g\/","name":"Gnocchi di patate De Cecco 500g - Bottega Italiana","isPartOf":{"@id":"https:\/\/bottegaitaliana.ch\/#website"},"primaryImageOfPage":{"@id":"https:\/\/bottegaitaliana.ch\/product\/gnocchi-di-patate-de-cecco-500g\/#primaryimage"},"image":{"@id":"https:\/\/bottegaitaliana.ch\/product\/gnocchi-di-patate-de-cecco-500g\/#primaryimage"},"thumbnailUrl":"https:\/\/bottegaitaliana.ch\/wp-content\/uploads\/2024\/10\/1-1.jpg","datePublished":"2024-10-27T10:51:25+00:00","dateModified":"2024-10-27T10:59:11+00:00","breadcrumb":{"@id":"https:\/\/bottegaitaliana.ch\/product\/gnocchi-di-patate-de-cecco-500g\/#breadcrumb"},"inLanguage":"en-US","potentialAction":[{"@type":"ReadAction","target":["https:\/\/bottegaitaliana.ch\/product\/gnocchi-di-patate-de-cecco-500g\/"]}]},{"@type":"ImageObject","inLanguage":"en-US","@id":"https:\/\/bottegaitaliana.ch\/product\/gnocchi-di-patate-de-cecco-500g\/#primaryimage","url":"https:\/\/bottegaitaliana.ch\/wp-content\/uploads\/2024\/10\/1-1.jpg","contentUrl":"https:\/\/bottegaitaliana.ch\/wp-content\/uploads\/2024\/10\/1-1.jpg","width":335,"height":533},{"@type":"BreadcrumbList","@id":"https:\/\/bottegaitaliana.ch\/product\/gnocchi-di-patate-de-cecco-500g\/#breadcrumb","itemListElement":[{"@type":"ListItem","position":1,"name":"Startseite","item":"https:\/\/bottegaitaliana.ch\/"},{"@type":"ListItem","position":2,"name":"Shop","item":"https:\/\/bottegaitaliana.ch\/shop\/"},{"@type":"ListItem","position":3,"name":"Gnocchi di patate De Cecco 500g"}]},{"@type":"WebSite","@id":"https:\/\/bottegaitaliana.ch\/#website","url":"https:\/\/bottegaitaliana.ch\/","name":"Bottega Italiana","description":"&quot;Italien in seiner besten Form \u2013 Direkt zu Ihnen nach Hause.&quot;","publisher":{"@id":"https:\/\/bottegaitaliana.ch\/#organization"},"potentialAction":[{"@type":"SearchAction","target":{"@type":"EntryPoint","urlTemplate":"https:\/\/bottegaitaliana.ch\/?s={search_term_string}"},"query-input":{"@type":"PropertyValueSpecification","valueRequired":true,"valueName":"search_term_string"}}],"inLanguage":"en-US"},{"@type":"Organization","@id":"https:\/\/bottegaitaliana.ch\/#organization","name":"Bottega Italiana","url":"https:\/\/bottegaitaliana.ch\/","logo":{"@type":"ImageObject","inLanguage":"en-US","@id":"https:\/\/bottegaitaliana.ch\/#\/schema\/logo\/image\/","url":"https:\/\/bottegaitaliana.ch\/wp-content\/uploads\/2024\/08\/Logo2024.png","contentUrl":"https:\/\/bottegaitaliana.ch\/wp-content\/uploads\/2024\/08\/Logo2024.png","width":469,"height":87,"caption":"Bottega Italiana"},"image":{"@id":"https:\/\/bottegaitaliana.ch\/#\/schema\/logo\/image\/"}}]}},"_links":{"self":[{"href":"https:\/\/bottegaitaliana.ch\/en\/wp-json\/wp\/v2\/product\/16643","targetHints":{"allow":["GET"]}}],"collection":[{"href":"https:\/\/bottegaitaliana.ch\/en\/wp-json\/wp\/v2\/product"}],"about":[{"href":"https:\/\/bottegaitaliana.ch\/en\/wp-json\/wp\/v2\/types\/product"}],"replies":[{"embeddable":true,"href":"https:\/\/bottegaitaliana.ch\/en\/wp-json\/wp\/v2\/comments?post=16643"}],"version-history":[{"count":2,"href":"https:\/\/bottegaitaliana.ch\/en\/wp-json\/wp\/v2\/product\/16643\/revisions"}],"predecessor-version":[{"id":16650,"href":"https:\/\/bottegaitaliana.ch\/en\/wp-json\/wp\/v2\/product\/16643\/revisions\/16650"}],"wp:featuredmedia":[{"embeddable":true,"href":"https:\/\/bottegaitaliana.ch\/en\/wp-json\/wp\/v2\/media\/16645"}],"wp:attachment":[{"href":"https:\/\/bottegaitaliana.ch\/en\/wp-json\/wp\/v2\/media?parent=16643"}],"wp:term":[{"taxonomy":"product_brand","embeddable":true,"href":"https:\/\/bottegaitaliana.ch\/en\/wp-json\/wp\/v2\/product_brand?post=16643"},{"taxonomy":"product_cat","embeddable":true,"href":"https:\/\/bottegaitaliana.ch\/en\/wp-json\/wp\/v2\/product_cat?post=16643"},{"taxonomy":"product_tag","embeddable":true,"href":"https:\/\/bottegaitaliana.ch\/en\/wp-json\/wp\/v2\/product_tag?post=16643"}],"curies":[{"name":"wp","href":"https:\/\/api.w.org\/{rel}","templated":true}]}}