{"id":16651,"date":"2024-10-27T14:04:16","date_gmt":"2024-10-27T12:04:16","guid":{"rendered":"https:\/\/bottegaitaliana.ch\/?post_type=product&#038;p=16651"},"modified":"2024-10-27T13:19:50","modified_gmt":"2024-10-27T12:19:50","slug":"gnocchetti-sardi-nr-83-de-cecco-500g","status":"publish","type":"product","link":"https:\/\/bottegaitaliana.ch\/en\/product\/gnocchetti-sardi-nr-83-de-cecco-500g\/","title":{"rendered":"Gnocchetti sardi Nr. 83 De Cecco 500g"},"content":{"rendered":"","protected":false},"excerpt":{"rendered":"<p>Gnocchetti sardi, auf Sardisch auch &#8222;Malloreddus&#8220; genannt, sind eine traditionelle Nudelsorte aus Sardinien. Sie sind klein, \u00e4hneln gerillten Muscheln oder Weizenk\u00f6rnern und haben eine leicht gew\u00f6lbte Form mit Rillen. Diese Form ist ideal, um dicke und aromatische Saucen aufzunehmen, wie zum Beispiel Fleischragouts oder Tomatensaucen mit Wurst, die typisch f\u00fcr die sardische K\u00fcche sind.<\/p>\n<p>Traditionell werden sie aus Hartweizengrie\u00df und Wasser, ohne Ei, hergestellt. Der Teig wird \u00fcber eine gerillte Fl\u00e4che gerollt, um die charakteristische Textur zu erhalten. Oft werden sie mit der ber\u00fchmten &#8222;Sugo alla Campidanese&#8220; serviert, einer Sauce aus Tomaten, sardischer Wurst, Safran und geriebenem Pecorino.<\/p>\n<p>Gnocchetti sardi sind wegen ihrer rauen, leicht bissfesten Konsistenz sehr beliebt und eignen sich hervorragend, um die intensiven und authentischen Aromen der sardischen K\u00fcche zur Geltung zu bringen.<\/p>","protected":false},"featured_media":16653,"comment_status":"open","ping_status":"closed","template":"","meta":[],"product_brand":[],"product_cat":[72,76,78],"product_tag":[],"class_list":{"0":"post-16651","1":"product","2":"type-product","3":"status-publish","4":"has-post-thumbnail","6":"product_cat-lebensmittel","7":"product_cat-pasta","8":"product_cat-de-cecco","10":"first","11":"instock","12":"sale","13":"shipping-taxable","14":"purchasable","15":"product-type-simple"},"yoast_head":"<!-- This site is optimized with the Yoast SEO plugin v25.0 - https:\/\/yoast.com\/wordpress\/plugins\/seo\/ -->\n<title>Gnocchetti sardi Nr. 83 De Cecco 500g - Bottega Italiana<\/title>\n<meta name=\"robots\" content=\"index, follow, max-snippet:-1, max-image-preview:large, max-video-preview:-1\" \/>\n<link rel=\"canonical\" href=\"https:\/\/bottegaitaliana.ch\/en\/product\/gnocchetti-sardi-nr-83-de-cecco-500g\/\" \/>\n<meta property=\"og:locale\" content=\"en_US\" \/>\n<meta property=\"og:type\" content=\"article\" \/>\n<meta property=\"og:title\" content=\"Gnocchetti sardi Nr. 83 De Cecco 500g - Bottega Italiana\" \/>\n<meta property=\"og:description\" content=\"Gnocchetti sardi, auf Sardisch auch &quot;Malloreddus&quot; genannt, sind eine traditionelle Nudelsorte aus Sardinien. Sie sind klein, \u00e4hneln gerillten Muscheln oder Weizenk\u00f6rnern und haben eine leicht gew\u00f6lbte Form mit Rillen. Diese Form ist ideal, um dicke und aromatische Saucen aufzunehmen, wie zum Beispiel Fleischragouts oder Tomatensaucen mit Wurst, die typisch f\u00fcr die sardische K\u00fcche sind.  Traditionell werden sie aus Hartweizengrie\u00df und Wasser, ohne Ei, hergestellt. Der Teig wird \u00fcber eine gerillte Fl\u00e4che gerollt, um die charakteristische Textur zu erhalten. Oft werden sie mit der ber\u00fchmten &quot;Sugo alla Campidanese&quot; serviert, einer Sauce aus Tomaten, sardischer Wurst, Safran und geriebenem Pecorino.  Gnocchetti sardi sind wegen ihrer rauen, leicht bissfesten Konsistenz sehr beliebt und eignen sich hervorragend, um die intensiven und authentischen Aromen der sardischen K\u00fcche zur Geltung zu bringen.\" \/>\n<meta property=\"og:url\" content=\"https:\/\/bottegaitaliana.ch\/en\/product\/gnocchetti-sardi-nr-83-de-cecco-500g\/\" \/>\n<meta property=\"og:site_name\" content=\"Bottega Italiana\" \/>\n<meta property=\"article:modified_time\" content=\"2024-10-27T12:19:50+00:00\" \/>\n<meta property=\"og:image\" content=\"https:\/\/bottegaitaliana.ch\/wp-content\/uploads\/2024\/10\/24011ac2124b8c49dc1697920-e1730030269845.jpeg\" \/>\n\t<meta property=\"og:image:width\" content=\"600\" \/>\n\t<meta property=\"og:image:height\" content=\"600\" \/>\n\t<meta property=\"og:image:type\" content=\"image\/jpeg\" \/>\n<meta name=\"twitter:card\" content=\"summary_large_image\" \/>\n<script type=\"application\/ld+json\" class=\"yoast-schema-graph\">{\"@context\":\"https:\/\/schema.org\",\"@graph\":[{\"@type\":\"WebPage\",\"@id\":\"https:\/\/bottegaitaliana.ch\/product\/gnocchetti-sardi-nr-83-de-cecco-500g\/\",\"url\":\"https:\/\/bottegaitaliana.ch\/product\/gnocchetti-sardi-nr-83-de-cecco-500g\/\",\"name\":\"Gnocchetti sardi Nr. 83 De Cecco 500g - Bottega Italiana\",\"isPartOf\":{\"@id\":\"https:\/\/bottegaitaliana.ch\/#website\"},\"primaryImageOfPage\":{\"@id\":\"https:\/\/bottegaitaliana.ch\/product\/gnocchetti-sardi-nr-83-de-cecco-500g\/#primaryimage\"},\"image\":{\"@id\":\"https:\/\/bottegaitaliana.ch\/product\/gnocchetti-sardi-nr-83-de-cecco-500g\/#primaryimage\"},\"thumbnailUrl\":\"https:\/\/bottegaitaliana.ch\/wp-content\/uploads\/2024\/10\/24011ac2124b8c49dc1697920-e1730030269845.jpeg\",\"datePublished\":\"2024-10-27T12:04:16+00:00\",\"dateModified\":\"2024-10-27T12:19:50+00:00\",\"breadcrumb\":{\"@id\":\"https:\/\/bottegaitaliana.ch\/product\/gnocchetti-sardi-nr-83-de-cecco-500g\/#breadcrumb\"},\"inLanguage\":\"en-US\",\"potentialAction\":[{\"@type\":\"ReadAction\",\"target\":[\"https:\/\/bottegaitaliana.ch\/product\/gnocchetti-sardi-nr-83-de-cecco-500g\/\"]}]},{\"@type\":\"ImageObject\",\"inLanguage\":\"en-US\",\"@id\":\"https:\/\/bottegaitaliana.ch\/product\/gnocchetti-sardi-nr-83-de-cecco-500g\/#primaryimage\",\"url\":\"https:\/\/bottegaitaliana.ch\/wp-content\/uploads\/2024\/10\/24011ac2124b8c49dc1697920-e1730030269845.jpeg\",\"contentUrl\":\"https:\/\/bottegaitaliana.ch\/wp-content\/uploads\/2024\/10\/24011ac2124b8c49dc1697920-e1730030269845.jpeg\",\"width\":600,\"height\":600},{\"@type\":\"BreadcrumbList\",\"@id\":\"https:\/\/bottegaitaliana.ch\/product\/gnocchetti-sardi-nr-83-de-cecco-500g\/#breadcrumb\",\"itemListElement\":[{\"@type\":\"ListItem\",\"position\":1,\"name\":\"Startseite\",\"item\":\"https:\/\/bottegaitaliana.ch\/\"},{\"@type\":\"ListItem\",\"position\":2,\"name\":\"Shop\",\"item\":\"https:\/\/bottegaitaliana.ch\/shop\/\"},{\"@type\":\"ListItem\",\"position\":3,\"name\":\"Gnocchetti sardi Nr. 83 De Cecco 500g\"}]},{\"@type\":\"WebSite\",\"@id\":\"https:\/\/bottegaitaliana.ch\/#website\",\"url\":\"https:\/\/bottegaitaliana.ch\/\",\"name\":\"Bottega Italiana\",\"description\":\"&quot;Italien in seiner besten Form \u2013 Direkt zu Ihnen nach Hause.&quot;\",\"publisher\":{\"@id\":\"https:\/\/bottegaitaliana.ch\/#organization\"},\"potentialAction\":[{\"@type\":\"SearchAction\",\"target\":{\"@type\":\"EntryPoint\",\"urlTemplate\":\"https:\/\/bottegaitaliana.ch\/?s={search_term_string}\"},\"query-input\":{\"@type\":\"PropertyValueSpecification\",\"valueRequired\":true,\"valueName\":\"search_term_string\"}}],\"inLanguage\":\"en-US\"},{\"@type\":\"Organization\",\"@id\":\"https:\/\/bottegaitaliana.ch\/#organization\",\"name\":\"Bottega Italiana\",\"url\":\"https:\/\/bottegaitaliana.ch\/\",\"logo\":{\"@type\":\"ImageObject\",\"inLanguage\":\"en-US\",\"@id\":\"https:\/\/bottegaitaliana.ch\/#\/schema\/logo\/image\/\",\"url\":\"https:\/\/bottegaitaliana.ch\/wp-content\/uploads\/2024\/08\/Logo2024.png\",\"contentUrl\":\"https:\/\/bottegaitaliana.ch\/wp-content\/uploads\/2024\/08\/Logo2024.png\",\"width\":469,\"height\":87,\"caption\":\"Bottega Italiana\"},\"image\":{\"@id\":\"https:\/\/bottegaitaliana.ch\/#\/schema\/logo\/image\/\"}}]}<\/script>\n<!-- \/ Yoast SEO plugin. -->","yoast_head_json":{"title":"Gnocchetti sardi Nr. 83 De Cecco 500g - Bottega Italiana","robots":{"index":"index","follow":"follow","max-snippet":"max-snippet:-1","max-image-preview":"max-image-preview:large","max-video-preview":"max-video-preview:-1"},"canonical":"https:\/\/bottegaitaliana.ch\/en\/product\/gnocchetti-sardi-nr-83-de-cecco-500g\/","og_locale":"en_US","og_type":"article","og_title":"Gnocchetti sardi Nr. 83 De Cecco 500g - Bottega Italiana","og_description":"Gnocchetti sardi, auf Sardisch auch \"Malloreddus\" genannt, sind eine traditionelle Nudelsorte aus Sardinien. Sie sind klein, \u00e4hneln gerillten Muscheln oder Weizenk\u00f6rnern und haben eine leicht gew\u00f6lbte Form mit Rillen. Diese Form ist ideal, um dicke und aromatische Saucen aufzunehmen, wie zum Beispiel Fleischragouts oder Tomatensaucen mit Wurst, die typisch f\u00fcr die sardische K\u00fcche sind.  Traditionell werden sie aus Hartweizengrie\u00df und Wasser, ohne Ei, hergestellt. Der Teig wird \u00fcber eine gerillte Fl\u00e4che gerollt, um die charakteristische Textur zu erhalten. Oft werden sie mit der ber\u00fchmten \"Sugo alla Campidanese\" serviert, einer Sauce aus Tomaten, sardischer Wurst, Safran und geriebenem Pecorino.  Gnocchetti sardi sind wegen ihrer rauen, leicht bissfesten Konsistenz sehr beliebt und eignen sich hervorragend, um die intensiven und authentischen Aromen der sardischen K\u00fcche zur Geltung zu bringen.","og_url":"https:\/\/bottegaitaliana.ch\/en\/product\/gnocchetti-sardi-nr-83-de-cecco-500g\/","og_site_name":"Bottega Italiana","article_modified_time":"2024-10-27T12:19:50+00:00","og_image":[{"width":600,"height":600,"url":"https:\/\/bottegaitaliana.ch\/wp-content\/uploads\/2024\/10\/24011ac2124b8c49dc1697920-e1730030269845.jpeg","type":"image\/jpeg"}],"twitter_card":"summary_large_image","schema":{"@context":"https:\/\/schema.org","@graph":[{"@type":"WebPage","@id":"https:\/\/bottegaitaliana.ch\/product\/gnocchetti-sardi-nr-83-de-cecco-500g\/","url":"https:\/\/bottegaitaliana.ch\/product\/gnocchetti-sardi-nr-83-de-cecco-500g\/","name":"Gnocchetti sardi Nr. 83 De Cecco 500g - Bottega Italiana","isPartOf":{"@id":"https:\/\/bottegaitaliana.ch\/#website"},"primaryImageOfPage":{"@id":"https:\/\/bottegaitaliana.ch\/product\/gnocchetti-sardi-nr-83-de-cecco-500g\/#primaryimage"},"image":{"@id":"https:\/\/bottegaitaliana.ch\/product\/gnocchetti-sardi-nr-83-de-cecco-500g\/#primaryimage"},"thumbnailUrl":"https:\/\/bottegaitaliana.ch\/wp-content\/uploads\/2024\/10\/24011ac2124b8c49dc1697920-e1730030269845.jpeg","datePublished":"2024-10-27T12:04:16+00:00","dateModified":"2024-10-27T12:19:50+00:00","breadcrumb":{"@id":"https:\/\/bottegaitaliana.ch\/product\/gnocchetti-sardi-nr-83-de-cecco-500g\/#breadcrumb"},"inLanguage":"en-US","potentialAction":[{"@type":"ReadAction","target":["https:\/\/bottegaitaliana.ch\/product\/gnocchetti-sardi-nr-83-de-cecco-500g\/"]}]},{"@type":"ImageObject","inLanguage":"en-US","@id":"https:\/\/bottegaitaliana.ch\/product\/gnocchetti-sardi-nr-83-de-cecco-500g\/#primaryimage","url":"https:\/\/bottegaitaliana.ch\/wp-content\/uploads\/2024\/10\/24011ac2124b8c49dc1697920-e1730030269845.jpeg","contentUrl":"https:\/\/bottegaitaliana.ch\/wp-content\/uploads\/2024\/10\/24011ac2124b8c49dc1697920-e1730030269845.jpeg","width":600,"height":600},{"@type":"BreadcrumbList","@id":"https:\/\/bottegaitaliana.ch\/product\/gnocchetti-sardi-nr-83-de-cecco-500g\/#breadcrumb","itemListElement":[{"@type":"ListItem","position":1,"name":"Startseite","item":"https:\/\/bottegaitaliana.ch\/"},{"@type":"ListItem","position":2,"name":"Shop","item":"https:\/\/bottegaitaliana.ch\/shop\/"},{"@type":"ListItem","position":3,"name":"Gnocchetti sardi Nr. 83 De Cecco 500g"}]},{"@type":"WebSite","@id":"https:\/\/bottegaitaliana.ch\/#website","url":"https:\/\/bottegaitaliana.ch\/","name":"Bottega Italiana","description":"&quot;Italien in seiner besten Form \u2013 Direkt zu Ihnen nach Hause.&quot;","publisher":{"@id":"https:\/\/bottegaitaliana.ch\/#organization"},"potentialAction":[{"@type":"SearchAction","target":{"@type":"EntryPoint","urlTemplate":"https:\/\/bottegaitaliana.ch\/?s={search_term_string}"},"query-input":{"@type":"PropertyValueSpecification","valueRequired":true,"valueName":"search_term_string"}}],"inLanguage":"en-US"},{"@type":"Organization","@id":"https:\/\/bottegaitaliana.ch\/#organization","name":"Bottega Italiana","url":"https:\/\/bottegaitaliana.ch\/","logo":{"@type":"ImageObject","inLanguage":"en-US","@id":"https:\/\/bottegaitaliana.ch\/#\/schema\/logo\/image\/","url":"https:\/\/bottegaitaliana.ch\/wp-content\/uploads\/2024\/08\/Logo2024.png","contentUrl":"https:\/\/bottegaitaliana.ch\/wp-content\/uploads\/2024\/08\/Logo2024.png","width":469,"height":87,"caption":"Bottega Italiana"},"image":{"@id":"https:\/\/bottegaitaliana.ch\/#\/schema\/logo\/image\/"}}]}},"_links":{"self":[{"href":"https:\/\/bottegaitaliana.ch\/en\/wp-json\/wp\/v2\/product\/16651","targetHints":{"allow":["GET"]}}],"collection":[{"href":"https:\/\/bottegaitaliana.ch\/en\/wp-json\/wp\/v2\/product"}],"about":[{"href":"https:\/\/bottegaitaliana.ch\/en\/wp-json\/wp\/v2\/types\/product"}],"replies":[{"embeddable":true,"href":"https:\/\/bottegaitaliana.ch\/en\/wp-json\/wp\/v2\/comments?post=16651"}],"version-history":[{"count":1,"href":"https:\/\/bottegaitaliana.ch\/en\/wp-json\/wp\/v2\/product\/16651\/revisions"}],"predecessor-version":[{"id":16658,"href":"https:\/\/bottegaitaliana.ch\/en\/wp-json\/wp\/v2\/product\/16651\/revisions\/16658"}],"wp:featuredmedia":[{"embeddable":true,"href":"https:\/\/bottegaitaliana.ch\/en\/wp-json\/wp\/v2\/media\/16653"}],"wp:attachment":[{"href":"https:\/\/bottegaitaliana.ch\/en\/wp-json\/wp\/v2\/media?parent=16651"}],"wp:term":[{"taxonomy":"product_brand","embeddable":true,"href":"https:\/\/bottegaitaliana.ch\/en\/wp-json\/wp\/v2\/product_brand?post=16651"},{"taxonomy":"product_cat","embeddable":true,"href":"https:\/\/bottegaitaliana.ch\/en\/wp-json\/wp\/v2\/product_cat?post=16651"},{"taxonomy":"product_tag","embeddable":true,"href":"https:\/\/bottegaitaliana.ch\/en\/wp-json\/wp\/v2\/product_tag?post=16651"}],"curies":[{"name":"wp","href":"https:\/\/api.w.org\/{rel}","templated":true}]}}