{"id":16659,"date":"2024-10-27T13:59:36","date_gmt":"2024-10-27T12:59:36","guid":{"rendered":"https:\/\/bottegaitaliana.ch\/?post_type=product&#038;p=16659"},"modified":"2024-12-13T22:25:59","modified_gmt":"2024-12-13T21:25:59","slug":"pesto-alla-genovese-180-g","status":"publish","type":"product","link":"https:\/\/bottegaitaliana.ch\/en\/product\/pesto-alla-genovese-180-g\/","title":{"rendered":"Pesto alla Genovese 180 g"},"content":{"rendered":"","protected":false},"excerpt":{"rendered":"<p>Pesto alla Genovese<br \/>\nmit Genovese-Basilikum D.O.P.<\/p>\n<p>VERWENDUNGSWEISE<\/p>\n<p>Pesto alla Genovese\u201c ist eine Fertigsauce zum Anrichten von<br \/>\nPasta, ideal zum Bestreichen von Canap\u00e9s und Pizza.<\/p>\n<p>ZUTATEN:<\/p>\n<p>Oliven\u00f6l, Basilikum Genovese D.O.P. 22%, Cashews, K\u00e4se,<br \/>\nMeersalz, Knoblauch, Pinienkerne.<\/p>\n<p>SENSORISCHE ANFORDERUNGEN:<\/p>\n<p>Konsistenz: cremig, typisch f\u00fcr das Produkt.<br \/>\nFarbe: gr\u00fcn, typisch f\u00fcr Basilikum.<br \/>\nGeschmack und Geruch: intensiv, typisch f\u00fcr Basilikum.<\/p>\n<p>\u00dcbersetzt mit DeepL.com (kostenlose Version)<\/p>","protected":false},"featured_media":16660,"comment_status":"open","ping_status":"closed","template":"","meta":[],"product_brand":[],"product_cat":[72,80,74],"product_tag":[],"class_list":{"0":"post-16659","1":"product","2":"type-product","3":"status-publish","4":"has-post-thumbnail","6":"product_cat-lebensmittel","7":"product_cat-saucen","8":"product_cat-diverses","10":"first","11":"instock","12":"shipping-taxable","13":"purchasable","14":"product-type-simple"},"yoast_head":"<!-- This site is optimized with the Yoast SEO plugin v25.0 - https:\/\/yoast.com\/wordpress\/plugins\/seo\/ -->\n<title>Pesto alla Genovese 180 g - Bottega Italiana<\/title>\n<meta name=\"robots\" content=\"index, follow, max-snippet:-1, max-image-preview:large, max-video-preview:-1\" \/>\n<link rel=\"canonical\" href=\"https:\/\/bottegaitaliana.ch\/en\/product\/pesto-alla-genovese-180-g\/\" \/>\n<meta property=\"og:locale\" content=\"en_US\" \/>\n<meta property=\"og:type\" content=\"article\" \/>\n<meta property=\"og:title\" content=\"Pesto alla Genovese 180 g - Bottega Italiana\" \/>\n<meta property=\"og:description\" content=\"Pesto alla Genovese mit Genovese-Basilikum D.O.P.  VERWENDUNGSWEISE  Pesto alla Genovese\u201c ist eine Fertigsauce zum Anrichten von Pasta, ideal zum Bestreichen von Canap\u00e9s und Pizza.  ZUTATEN:  Oliven\u00f6l, Basilikum Genovese D.O.P. 22%, Cashews, K\u00e4se, Meersalz, Knoblauch, Pinienkerne.  SENSORISCHE ANFORDERUNGEN:  Konsistenz: cremig, typisch f\u00fcr das Produkt. Farbe: gr\u00fcn, typisch f\u00fcr Basilikum. Geschmack und Geruch: intensiv, typisch f\u00fcr Basilikum.  \u00dcbersetzt mit DeepL.com (kostenlose Version)\" \/>\n<meta property=\"og:url\" content=\"https:\/\/bottegaitaliana.ch\/en\/product\/pesto-alla-genovese-180-g\/\" \/>\n<meta property=\"og:site_name\" content=\"Bottega Italiana\" \/>\n<meta property=\"article:modified_time\" content=\"2024-12-13T21:25:59+00:00\" \/>\n<meta property=\"og:image\" content=\"https:\/\/bottegaitaliana.ch\/wp-content\/uploads\/2024\/10\/Pesto-genovese-180g-10127.jpg\" \/>\n\t<meta property=\"og:image:width\" content=\"600\" \/>\n\t<meta property=\"og:image:height\" content=\"600\" \/>\n\t<meta property=\"og:image:type\" content=\"image\/jpeg\" \/>\n<meta name=\"twitter:card\" content=\"summary_large_image\" \/>\n<script type=\"application\/ld+json\" class=\"yoast-schema-graph\">{\"@context\":\"https:\/\/schema.org\",\"@graph\":[{\"@type\":\"WebPage\",\"@id\":\"https:\/\/bottegaitaliana.ch\/product\/pesto-alla-genovese-180-g\/\",\"url\":\"https:\/\/bottegaitaliana.ch\/product\/pesto-alla-genovese-180-g\/\",\"name\":\"Pesto alla Genovese 180 g - Bottega Italiana\",\"isPartOf\":{\"@id\":\"https:\/\/bottegaitaliana.ch\/#website\"},\"primaryImageOfPage\":{\"@id\":\"https:\/\/bottegaitaliana.ch\/product\/pesto-alla-genovese-180-g\/#primaryimage\"},\"image\":{\"@id\":\"https:\/\/bottegaitaliana.ch\/product\/pesto-alla-genovese-180-g\/#primaryimage\"},\"thumbnailUrl\":\"https:\/\/bottegaitaliana.ch\/wp-content\/uploads\/2024\/10\/Pesto-genovese-180g-10127.jpg\",\"datePublished\":\"2024-10-27T12:59:36+00:00\",\"dateModified\":\"2024-12-13T21:25:59+00:00\",\"breadcrumb\":{\"@id\":\"https:\/\/bottegaitaliana.ch\/product\/pesto-alla-genovese-180-g\/#breadcrumb\"},\"inLanguage\":\"en-US\",\"potentialAction\":[{\"@type\":\"ReadAction\",\"target\":[\"https:\/\/bottegaitaliana.ch\/product\/pesto-alla-genovese-180-g\/\"]}]},{\"@type\":\"ImageObject\",\"inLanguage\":\"en-US\",\"@id\":\"https:\/\/bottegaitaliana.ch\/product\/pesto-alla-genovese-180-g\/#primaryimage\",\"url\":\"https:\/\/bottegaitaliana.ch\/wp-content\/uploads\/2024\/10\/Pesto-genovese-180g-10127.jpg\",\"contentUrl\":\"https:\/\/bottegaitaliana.ch\/wp-content\/uploads\/2024\/10\/Pesto-genovese-180g-10127.jpg\",\"width\":600,\"height\":600},{\"@type\":\"BreadcrumbList\",\"@id\":\"https:\/\/bottegaitaliana.ch\/product\/pesto-alla-genovese-180-g\/#breadcrumb\",\"itemListElement\":[{\"@type\":\"ListItem\",\"position\":1,\"name\":\"Startseite\",\"item\":\"https:\/\/bottegaitaliana.ch\/\"},{\"@type\":\"ListItem\",\"position\":2,\"name\":\"Shop\",\"item\":\"https:\/\/bottegaitaliana.ch\/shop\/\"},{\"@type\":\"ListItem\",\"position\":3,\"name\":\"Pesto alla Genovese 180 g\"}]},{\"@type\":\"WebSite\",\"@id\":\"https:\/\/bottegaitaliana.ch\/#website\",\"url\":\"https:\/\/bottegaitaliana.ch\/\",\"name\":\"Bottega Italiana\",\"description\":\"&quot;Italien in seiner besten Form \u2013 Direkt zu Ihnen nach Hause.&quot;\",\"publisher\":{\"@id\":\"https:\/\/bottegaitaliana.ch\/#organization\"},\"potentialAction\":[{\"@type\":\"SearchAction\",\"target\":{\"@type\":\"EntryPoint\",\"urlTemplate\":\"https:\/\/bottegaitaliana.ch\/?s={search_term_string}\"},\"query-input\":{\"@type\":\"PropertyValueSpecification\",\"valueRequired\":true,\"valueName\":\"search_term_string\"}}],\"inLanguage\":\"en-US\"},{\"@type\":\"Organization\",\"@id\":\"https:\/\/bottegaitaliana.ch\/#organization\",\"name\":\"Bottega Italiana\",\"url\":\"https:\/\/bottegaitaliana.ch\/\",\"logo\":{\"@type\":\"ImageObject\",\"inLanguage\":\"en-US\",\"@id\":\"https:\/\/bottegaitaliana.ch\/#\/schema\/logo\/image\/\",\"url\":\"https:\/\/bottegaitaliana.ch\/wp-content\/uploads\/2024\/08\/Logo2024.png\",\"contentUrl\":\"https:\/\/bottegaitaliana.ch\/wp-content\/uploads\/2024\/08\/Logo2024.png\",\"width\":469,\"height\":87,\"caption\":\"Bottega Italiana\"},\"image\":{\"@id\":\"https:\/\/bottegaitaliana.ch\/#\/schema\/logo\/image\/\"}}]}<\/script>\n<!-- \/ Yoast SEO plugin. -->","yoast_head_json":{"title":"Pesto alla Genovese 180 g - Bottega Italiana","robots":{"index":"index","follow":"follow","max-snippet":"max-snippet:-1","max-image-preview":"max-image-preview:large","max-video-preview":"max-video-preview:-1"},"canonical":"https:\/\/bottegaitaliana.ch\/en\/product\/pesto-alla-genovese-180-g\/","og_locale":"en_US","og_type":"article","og_title":"Pesto alla Genovese 180 g - Bottega Italiana","og_description":"Pesto alla Genovese mit Genovese-Basilikum D.O.P.  VERWENDUNGSWEISE  Pesto alla Genovese\u201c ist eine Fertigsauce zum Anrichten von Pasta, ideal zum Bestreichen von Canap\u00e9s und Pizza.  ZUTATEN:  Oliven\u00f6l, Basilikum Genovese D.O.P. 22%, Cashews, K\u00e4se, Meersalz, Knoblauch, Pinienkerne.  SENSORISCHE ANFORDERUNGEN:  Konsistenz: cremig, typisch f\u00fcr das Produkt. Farbe: gr\u00fcn, typisch f\u00fcr Basilikum. Geschmack und Geruch: intensiv, typisch f\u00fcr Basilikum.  \u00dcbersetzt mit DeepL.com (kostenlose Version)","og_url":"https:\/\/bottegaitaliana.ch\/en\/product\/pesto-alla-genovese-180-g\/","og_site_name":"Bottega Italiana","article_modified_time":"2024-12-13T21:25:59+00:00","og_image":[{"width":600,"height":600,"url":"https:\/\/bottegaitaliana.ch\/wp-content\/uploads\/2024\/10\/Pesto-genovese-180g-10127.jpg","type":"image\/jpeg"}],"twitter_card":"summary_large_image","schema":{"@context":"https:\/\/schema.org","@graph":[{"@type":"WebPage","@id":"https:\/\/bottegaitaliana.ch\/product\/pesto-alla-genovese-180-g\/","url":"https:\/\/bottegaitaliana.ch\/product\/pesto-alla-genovese-180-g\/","name":"Pesto alla Genovese 180 g - Bottega Italiana","isPartOf":{"@id":"https:\/\/bottegaitaliana.ch\/#website"},"primaryImageOfPage":{"@id":"https:\/\/bottegaitaliana.ch\/product\/pesto-alla-genovese-180-g\/#primaryimage"},"image":{"@id":"https:\/\/bottegaitaliana.ch\/product\/pesto-alla-genovese-180-g\/#primaryimage"},"thumbnailUrl":"https:\/\/bottegaitaliana.ch\/wp-content\/uploads\/2024\/10\/Pesto-genovese-180g-10127.jpg","datePublished":"2024-10-27T12:59:36+00:00","dateModified":"2024-12-13T21:25:59+00:00","breadcrumb":{"@id":"https:\/\/bottegaitaliana.ch\/product\/pesto-alla-genovese-180-g\/#breadcrumb"},"inLanguage":"en-US","potentialAction":[{"@type":"ReadAction","target":["https:\/\/bottegaitaliana.ch\/product\/pesto-alla-genovese-180-g\/"]}]},{"@type":"ImageObject","inLanguage":"en-US","@id":"https:\/\/bottegaitaliana.ch\/product\/pesto-alla-genovese-180-g\/#primaryimage","url":"https:\/\/bottegaitaliana.ch\/wp-content\/uploads\/2024\/10\/Pesto-genovese-180g-10127.jpg","contentUrl":"https:\/\/bottegaitaliana.ch\/wp-content\/uploads\/2024\/10\/Pesto-genovese-180g-10127.jpg","width":600,"height":600},{"@type":"BreadcrumbList","@id":"https:\/\/bottegaitaliana.ch\/product\/pesto-alla-genovese-180-g\/#breadcrumb","itemListElement":[{"@type":"ListItem","position":1,"name":"Startseite","item":"https:\/\/bottegaitaliana.ch\/"},{"@type":"ListItem","position":2,"name":"Shop","item":"https:\/\/bottegaitaliana.ch\/shop\/"},{"@type":"ListItem","position":3,"name":"Pesto alla Genovese 180 g"}]},{"@type":"WebSite","@id":"https:\/\/bottegaitaliana.ch\/#website","url":"https:\/\/bottegaitaliana.ch\/","name":"Bottega Italiana","description":"&quot;Italien in seiner besten Form \u2013 Direkt zu Ihnen nach Hause.&quot;","publisher":{"@id":"https:\/\/bottegaitaliana.ch\/#organization"},"potentialAction":[{"@type":"SearchAction","target":{"@type":"EntryPoint","urlTemplate":"https:\/\/bottegaitaliana.ch\/?s={search_term_string}"},"query-input":{"@type":"PropertyValueSpecification","valueRequired":true,"valueName":"search_term_string"}}],"inLanguage":"en-US"},{"@type":"Organization","@id":"https:\/\/bottegaitaliana.ch\/#organization","name":"Bottega Italiana","url":"https:\/\/bottegaitaliana.ch\/","logo":{"@type":"ImageObject","inLanguage":"en-US","@id":"https:\/\/bottegaitaliana.ch\/#\/schema\/logo\/image\/","url":"https:\/\/bottegaitaliana.ch\/wp-content\/uploads\/2024\/08\/Logo2024.png","contentUrl":"https:\/\/bottegaitaliana.ch\/wp-content\/uploads\/2024\/08\/Logo2024.png","width":469,"height":87,"caption":"Bottega Italiana"},"image":{"@id":"https:\/\/bottegaitaliana.ch\/#\/schema\/logo\/image\/"}}]}},"_links":{"self":[{"href":"https:\/\/bottegaitaliana.ch\/en\/wp-json\/wp\/v2\/product\/16659","targetHints":{"allow":["GET"]}}],"collection":[{"href":"https:\/\/bottegaitaliana.ch\/en\/wp-json\/wp\/v2\/product"}],"about":[{"href":"https:\/\/bottegaitaliana.ch\/en\/wp-json\/wp\/v2\/types\/product"}],"replies":[{"embeddable":true,"href":"https:\/\/bottegaitaliana.ch\/en\/wp-json\/wp\/v2\/comments?post=16659"}],"version-history":[{"count":1,"href":"https:\/\/bottegaitaliana.ch\/en\/wp-json\/wp\/v2\/product\/16659\/revisions"}],"predecessor-version":[{"id":16662,"href":"https:\/\/bottegaitaliana.ch\/en\/wp-json\/wp\/v2\/product\/16659\/revisions\/16662"}],"wp:featuredmedia":[{"embeddable":true,"href":"https:\/\/bottegaitaliana.ch\/en\/wp-json\/wp\/v2\/media\/16660"}],"wp:attachment":[{"href":"https:\/\/bottegaitaliana.ch\/en\/wp-json\/wp\/v2\/media?parent=16659"}],"wp:term":[{"taxonomy":"product_brand","embeddable":true,"href":"https:\/\/bottegaitaliana.ch\/en\/wp-json\/wp\/v2\/product_brand?post=16659"},{"taxonomy":"product_cat","embeddable":true,"href":"https:\/\/bottegaitaliana.ch\/en\/wp-json\/wp\/v2\/product_cat?post=16659"},{"taxonomy":"product_tag","embeddable":true,"href":"https:\/\/bottegaitaliana.ch\/en\/wp-json\/wp\/v2\/product_tag?post=16659"}],"curies":[{"name":"wp","href":"https:\/\/api.w.org\/{rel}","templated":true}]}}