{"id":16663,"date":"2024-10-27T14:34:38","date_gmt":"2024-10-27T13:34:38","guid":{"rendered":"https:\/\/bottegaitaliana.ch\/?post_type=product&#038;p=16663"},"modified":"2024-10-27T14:46:18","modified_gmt":"2024-10-27T13:46:18","slug":"pesto-rosso-pomopesto-180-gr","status":"publish","type":"product","link":"https:\/\/bottegaitaliana.ch\/en\/product\/pesto-rosso-pomopesto-180-gr\/","title":{"rendered":"Pesto rosso &#8222;Pomopesto&#8220; 180 gr"},"content":{"rendered":"","protected":false},"excerpt":{"rendered":"<p><strong>Inaudi Pomopesto<\/strong> basiert auf dem klassischen genuesischen Pesto-Rezept, angereichert mit dem intensiven Geschmack sonnengetrockneter Tomaten. Idealer Aufstrich auf Brot, Croutons und Canap\u00e9s als Aperitif, zum W\u00fcrzen aller warmen ersten G\u00e4nge, auf Ofenkartoffeln, auf Fleisch und vielen anderen Rezepten.<\/p>\n<p class=\"line-height-125 cke-line-height\"><strong>Zutaten: <\/strong>Tomatenmark, Oliven\u00f6l, getrocknete Tomaten 14%, Genueser Basilikum D.O.P. 9%, Pinienkerne, Speisesalz, Weinessig, aromatische Kr\u00e4uter, Gew\u00fcrze. <strong>GLUTENFREI<\/strong>.<\/p>\n<p class=\"line-height-125 cke-line-height\"><strong>Verpackung:<\/strong>\u00a0Glasbeh\u00e4lter (Inhalt: 180g)<\/p>\n<p class=\"line-height-125 cke-line-height\"><strong>Aufbewahrung:<\/strong>\u00a0an einem k\u00fchlen, trockenen und lichtgesch\u00fctzten Ort aufbewahren. Nach dem \u00d6ffnen mit Oliven\u00f6l bedecken, im K\u00fchlschrank aufbewahren und innerhalb weniger Tage verzehren.<\/p>","protected":false},"featured_media":16664,"comment_status":"open","ping_status":"closed","template":"","meta":[],"product_brand":[],"product_cat":[72,80,74],"product_tag":[],"class_list":{"0":"post-16663","1":"product","2":"type-product","3":"status-publish","4":"has-post-thumbnail","6":"product_cat-lebensmittel","7":"product_cat-saucen","8":"product_cat-diverses","10":"first","11":"instock","12":"shipping-taxable","13":"purchasable","14":"product-type-simple"},"yoast_head":"<!-- This site is optimized with the Yoast SEO plugin v25.0 - https:\/\/yoast.com\/wordpress\/plugins\/seo\/ -->\n<title>Pesto rosso &quot;Pomopesto&quot; 180 gr - Bottega Italiana<\/title>\n<meta name=\"robots\" content=\"index, follow, max-snippet:-1, max-image-preview:large, max-video-preview:-1\" \/>\n<link rel=\"canonical\" href=\"https:\/\/bottegaitaliana.ch\/en\/product\/pesto-rosso-pomopesto-180-gr\/\" \/>\n<meta property=\"og:locale\" content=\"en_US\" \/>\n<meta property=\"og:type\" content=\"article\" \/>\n<meta property=\"og:title\" content=\"Pesto rosso &quot;Pomopesto&quot; 180 gr - Bottega Italiana\" \/>\n<meta property=\"og:description\" content=\"Inaudi Pomopesto basiert auf dem klassischen genuesischen Pesto-Rezept, angereichert mit dem intensiven Geschmack sonnengetrockneter Tomaten. Idealer Aufstrich auf Brot, Croutons und Canap\u00e9s als Aperitif, zum W\u00fcrzen aller warmen ersten G\u00e4nge, auf Ofenkartoffeln, auf Fleisch und vielen anderen Rezepten. Zutaten: Tomatenmark, Oliven\u00f6l, getrocknete Tomaten 14%, Genueser Basilikum D.O.P. 9%, Pinienkerne, Speisesalz, Weinessig, aromatische Kr\u00e4uter, Gew\u00fcrze. GLUTENFREI. Verpackung:\u00a0Glasbeh\u00e4lter (Inhalt: 180g) Aufbewahrung:\u00a0an einem k\u00fchlen, trockenen und lichtgesch\u00fctzten Ort aufbewahren. Nach dem \u00d6ffnen mit Oliven\u00f6l bedecken, im K\u00fchlschrank aufbewahren und innerhalb weniger Tage verzehren.\" \/>\n<meta property=\"og:url\" content=\"https:\/\/bottegaitaliana.ch\/en\/product\/pesto-rosso-pomopesto-180-gr\/\" \/>\n<meta property=\"og:site_name\" content=\"Bottega Italiana\" \/>\n<meta property=\"article:modified_time\" content=\"2024-10-27T13:46:18+00:00\" \/>\n<meta property=\"og:image\" content=\"https:\/\/bottegaitaliana.ch\/wp-content\/uploads\/2024\/10\/Pesto-con-pomodori-secchi-basilico-pomopesto-180gr.jpg\" \/>\n\t<meta property=\"og:image:width\" content=\"600\" \/>\n\t<meta property=\"og:image:height\" content=\"600\" \/>\n\t<meta property=\"og:image:type\" content=\"image\/jpeg\" \/>\n<meta name=\"twitter:card\" content=\"summary_large_image\" \/>\n<script type=\"application\/ld+json\" class=\"yoast-schema-graph\">{\"@context\":\"https:\/\/schema.org\",\"@graph\":[{\"@type\":\"WebPage\",\"@id\":\"https:\/\/bottegaitaliana.ch\/product\/pesto-rosso-pomopesto-180-gr\/\",\"url\":\"https:\/\/bottegaitaliana.ch\/product\/pesto-rosso-pomopesto-180-gr\/\",\"name\":\"Pesto rosso \\\"Pomopesto\\\" 180 gr - Bottega Italiana\",\"isPartOf\":{\"@id\":\"https:\/\/bottegaitaliana.ch\/#website\"},\"primaryImageOfPage\":{\"@id\":\"https:\/\/bottegaitaliana.ch\/product\/pesto-rosso-pomopesto-180-gr\/#primaryimage\"},\"image\":{\"@id\":\"https:\/\/bottegaitaliana.ch\/product\/pesto-rosso-pomopesto-180-gr\/#primaryimage\"},\"thumbnailUrl\":\"https:\/\/bottegaitaliana.ch\/wp-content\/uploads\/2024\/10\/Pesto-con-pomodori-secchi-basilico-pomopesto-180gr.jpg\",\"datePublished\":\"2024-10-27T13:34:38+00:00\",\"dateModified\":\"2024-10-27T13:46:18+00:00\",\"breadcrumb\":{\"@id\":\"https:\/\/bottegaitaliana.ch\/product\/pesto-rosso-pomopesto-180-gr\/#breadcrumb\"},\"inLanguage\":\"en-US\",\"potentialAction\":[{\"@type\":\"ReadAction\",\"target\":[\"https:\/\/bottegaitaliana.ch\/product\/pesto-rosso-pomopesto-180-gr\/\"]}]},{\"@type\":\"ImageObject\",\"inLanguage\":\"en-US\",\"@id\":\"https:\/\/bottegaitaliana.ch\/product\/pesto-rosso-pomopesto-180-gr\/#primaryimage\",\"url\":\"https:\/\/bottegaitaliana.ch\/wp-content\/uploads\/2024\/10\/Pesto-con-pomodori-secchi-basilico-pomopesto-180gr.jpg\",\"contentUrl\":\"https:\/\/bottegaitaliana.ch\/wp-content\/uploads\/2024\/10\/Pesto-con-pomodori-secchi-basilico-pomopesto-180gr.jpg\",\"width\":600,\"height\":600},{\"@type\":\"BreadcrumbList\",\"@id\":\"https:\/\/bottegaitaliana.ch\/product\/pesto-rosso-pomopesto-180-gr\/#breadcrumb\",\"itemListElement\":[{\"@type\":\"ListItem\",\"position\":1,\"name\":\"Startseite\",\"item\":\"https:\/\/bottegaitaliana.ch\/\"},{\"@type\":\"ListItem\",\"position\":2,\"name\":\"Shop\",\"item\":\"https:\/\/bottegaitaliana.ch\/shop\/\"},{\"@type\":\"ListItem\",\"position\":3,\"name\":\"Pesto rosso &#8222;Pomopesto&#8220; 180 gr\"}]},{\"@type\":\"WebSite\",\"@id\":\"https:\/\/bottegaitaliana.ch\/#website\",\"url\":\"https:\/\/bottegaitaliana.ch\/\",\"name\":\"Bottega Italiana\",\"description\":\"&quot;Italien in seiner besten Form \u2013 Direkt zu Ihnen nach Hause.&quot;\",\"publisher\":{\"@id\":\"https:\/\/bottegaitaliana.ch\/#organization\"},\"potentialAction\":[{\"@type\":\"SearchAction\",\"target\":{\"@type\":\"EntryPoint\",\"urlTemplate\":\"https:\/\/bottegaitaliana.ch\/?s={search_term_string}\"},\"query-input\":{\"@type\":\"PropertyValueSpecification\",\"valueRequired\":true,\"valueName\":\"search_term_string\"}}],\"inLanguage\":\"en-US\"},{\"@type\":\"Organization\",\"@id\":\"https:\/\/bottegaitaliana.ch\/#organization\",\"name\":\"Bottega Italiana\",\"url\":\"https:\/\/bottegaitaliana.ch\/\",\"logo\":{\"@type\":\"ImageObject\",\"inLanguage\":\"en-US\",\"@id\":\"https:\/\/bottegaitaliana.ch\/#\/schema\/logo\/image\/\",\"url\":\"https:\/\/bottegaitaliana.ch\/wp-content\/uploads\/2024\/08\/Logo2024.png\",\"contentUrl\":\"https:\/\/bottegaitaliana.ch\/wp-content\/uploads\/2024\/08\/Logo2024.png\",\"width\":469,\"height\":87,\"caption\":\"Bottega Italiana\"},\"image\":{\"@id\":\"https:\/\/bottegaitaliana.ch\/#\/schema\/logo\/image\/\"}}]}<\/script>\n<!-- \/ Yoast SEO plugin. -->","yoast_head_json":{"title":"Pesto rosso \"Pomopesto\" 180 gr - Bottega Italiana","robots":{"index":"index","follow":"follow","max-snippet":"max-snippet:-1","max-image-preview":"max-image-preview:large","max-video-preview":"max-video-preview:-1"},"canonical":"https:\/\/bottegaitaliana.ch\/en\/product\/pesto-rosso-pomopesto-180-gr\/","og_locale":"en_US","og_type":"article","og_title":"Pesto rosso \"Pomopesto\" 180 gr - Bottega Italiana","og_description":"Inaudi Pomopesto basiert auf dem klassischen genuesischen Pesto-Rezept, angereichert mit dem intensiven Geschmack sonnengetrockneter Tomaten. Idealer Aufstrich auf Brot, Croutons und Canap\u00e9s als Aperitif, zum W\u00fcrzen aller warmen ersten G\u00e4nge, auf Ofenkartoffeln, auf Fleisch und vielen anderen Rezepten. Zutaten: Tomatenmark, Oliven\u00f6l, getrocknete Tomaten 14%, Genueser Basilikum D.O.P. 9%, Pinienkerne, Speisesalz, Weinessig, aromatische Kr\u00e4uter, Gew\u00fcrze. GLUTENFREI. Verpackung:\u00a0Glasbeh\u00e4lter (Inhalt: 180g) Aufbewahrung:\u00a0an einem k\u00fchlen, trockenen und lichtgesch\u00fctzten Ort aufbewahren. Nach dem \u00d6ffnen mit Oliven\u00f6l bedecken, im K\u00fchlschrank aufbewahren und innerhalb weniger Tage verzehren.","og_url":"https:\/\/bottegaitaliana.ch\/en\/product\/pesto-rosso-pomopesto-180-gr\/","og_site_name":"Bottega Italiana","article_modified_time":"2024-10-27T13:46:18+00:00","og_image":[{"width":600,"height":600,"url":"https:\/\/bottegaitaliana.ch\/wp-content\/uploads\/2024\/10\/Pesto-con-pomodori-secchi-basilico-pomopesto-180gr.jpg","type":"image\/jpeg"}],"twitter_card":"summary_large_image","schema":{"@context":"https:\/\/schema.org","@graph":[{"@type":"WebPage","@id":"https:\/\/bottegaitaliana.ch\/product\/pesto-rosso-pomopesto-180-gr\/","url":"https:\/\/bottegaitaliana.ch\/product\/pesto-rosso-pomopesto-180-gr\/","name":"Pesto rosso \"Pomopesto\" 180 gr - Bottega Italiana","isPartOf":{"@id":"https:\/\/bottegaitaliana.ch\/#website"},"primaryImageOfPage":{"@id":"https:\/\/bottegaitaliana.ch\/product\/pesto-rosso-pomopesto-180-gr\/#primaryimage"},"image":{"@id":"https:\/\/bottegaitaliana.ch\/product\/pesto-rosso-pomopesto-180-gr\/#primaryimage"},"thumbnailUrl":"https:\/\/bottegaitaliana.ch\/wp-content\/uploads\/2024\/10\/Pesto-con-pomodori-secchi-basilico-pomopesto-180gr.jpg","datePublished":"2024-10-27T13:34:38+00:00","dateModified":"2024-10-27T13:46:18+00:00","breadcrumb":{"@id":"https:\/\/bottegaitaliana.ch\/product\/pesto-rosso-pomopesto-180-gr\/#breadcrumb"},"inLanguage":"en-US","potentialAction":[{"@type":"ReadAction","target":["https:\/\/bottegaitaliana.ch\/product\/pesto-rosso-pomopesto-180-gr\/"]}]},{"@type":"ImageObject","inLanguage":"en-US","@id":"https:\/\/bottegaitaliana.ch\/product\/pesto-rosso-pomopesto-180-gr\/#primaryimage","url":"https:\/\/bottegaitaliana.ch\/wp-content\/uploads\/2024\/10\/Pesto-con-pomodori-secchi-basilico-pomopesto-180gr.jpg","contentUrl":"https:\/\/bottegaitaliana.ch\/wp-content\/uploads\/2024\/10\/Pesto-con-pomodori-secchi-basilico-pomopesto-180gr.jpg","width":600,"height":600},{"@type":"BreadcrumbList","@id":"https:\/\/bottegaitaliana.ch\/product\/pesto-rosso-pomopesto-180-gr\/#breadcrumb","itemListElement":[{"@type":"ListItem","position":1,"name":"Startseite","item":"https:\/\/bottegaitaliana.ch\/"},{"@type":"ListItem","position":2,"name":"Shop","item":"https:\/\/bottegaitaliana.ch\/shop\/"},{"@type":"ListItem","position":3,"name":"Pesto rosso &#8222;Pomopesto&#8220; 180 gr"}]},{"@type":"WebSite","@id":"https:\/\/bottegaitaliana.ch\/#website","url":"https:\/\/bottegaitaliana.ch\/","name":"Bottega Italiana","description":"&quot;Italien in seiner besten Form \u2013 Direkt zu Ihnen nach Hause.&quot;","publisher":{"@id":"https:\/\/bottegaitaliana.ch\/#organization"},"potentialAction":[{"@type":"SearchAction","target":{"@type":"EntryPoint","urlTemplate":"https:\/\/bottegaitaliana.ch\/?s={search_term_string}"},"query-input":{"@type":"PropertyValueSpecification","valueRequired":true,"valueName":"search_term_string"}}],"inLanguage":"en-US"},{"@type":"Organization","@id":"https:\/\/bottegaitaliana.ch\/#organization","name":"Bottega Italiana","url":"https:\/\/bottegaitaliana.ch\/","logo":{"@type":"ImageObject","inLanguage":"en-US","@id":"https:\/\/bottegaitaliana.ch\/#\/schema\/logo\/image\/","url":"https:\/\/bottegaitaliana.ch\/wp-content\/uploads\/2024\/08\/Logo2024.png","contentUrl":"https:\/\/bottegaitaliana.ch\/wp-content\/uploads\/2024\/08\/Logo2024.png","width":469,"height":87,"caption":"Bottega Italiana"},"image":{"@id":"https:\/\/bottegaitaliana.ch\/#\/schema\/logo\/image\/"}}]}},"_links":{"self":[{"href":"https:\/\/bottegaitaliana.ch\/en\/wp-json\/wp\/v2\/product\/16663","targetHints":{"allow":["GET"]}}],"collection":[{"href":"https:\/\/bottegaitaliana.ch\/en\/wp-json\/wp\/v2\/product"}],"about":[{"href":"https:\/\/bottegaitaliana.ch\/en\/wp-json\/wp\/v2\/types\/product"}],"replies":[{"embeddable":true,"href":"https:\/\/bottegaitaliana.ch\/en\/wp-json\/wp\/v2\/comments?post=16663"}],"version-history":[{"count":3,"href":"https:\/\/bottegaitaliana.ch\/en\/wp-json\/wp\/v2\/product\/16663\/revisions"}],"predecessor-version":[{"id":16667,"href":"https:\/\/bottegaitaliana.ch\/en\/wp-json\/wp\/v2\/product\/16663\/revisions\/16667"}],"wp:featuredmedia":[{"embeddable":true,"href":"https:\/\/bottegaitaliana.ch\/en\/wp-json\/wp\/v2\/media\/16664"}],"wp:attachment":[{"href":"https:\/\/bottegaitaliana.ch\/en\/wp-json\/wp\/v2\/media?parent=16663"}],"wp:term":[{"taxonomy":"product_brand","embeddable":true,"href":"https:\/\/bottegaitaliana.ch\/en\/wp-json\/wp\/v2\/product_brand?post=16663"},{"taxonomy":"product_cat","embeddable":true,"href":"https:\/\/bottegaitaliana.ch\/en\/wp-json\/wp\/v2\/product_cat?post=16663"},{"taxonomy":"product_tag","embeddable":true,"href":"https:\/\/bottegaitaliana.ch\/en\/wp-json\/wp\/v2\/product_tag?post=16663"}],"curies":[{"name":"wp","href":"https:\/\/api.w.org\/{rel}","templated":true}]}}