{"id":16668,"date":"2024-10-27T15:33:16","date_gmt":"2024-10-27T14:33:16","guid":{"rendered":"https:\/\/bottegaitaliana.ch\/?post_type=product&#038;p=16668"},"modified":"2024-12-13T11:04:22","modified_gmt":"2024-12-13T10:04:22","slug":"preparato-per-brodo-di-verdure-e-condimento-granulare-n-2-1-kg","status":"publish","type":"product","link":"https:\/\/bottegaitaliana.ch\/en\/product\/preparato-per-brodo-di-verdure-e-condimento-granulare-n-2-1-kg\/","title":{"rendered":"Well Vegi -Preparato per brodo di verdure e condimento granulare N. 2 (1 kg)"},"content":{"rendered":"","protected":false},"excerpt":{"rendered":"<p>Granulatf\u00f6rmige Zubereitung f\u00fcr Br\u00fche und W\u00fcrze, mit konzentrierten Pflanzens\u00e4ften. <strong>Gluten- und laktosefrei<\/strong>. Eine spezielle Br\u00fche, die in einem Niedrigtemperaturverfahren zubereitet wird, um alle Geschmacksnuancen und das Aroma der wertvollen Zutaten zu bewahren. Sie ist reich an Extrakten und Gem\u00fcse und hat einen vollen, feinen und harmonischen Geschmack, der typisch f\u00fcr eine gute hausgemachte Gem\u00fcsebr\u00fche ist. Einfach zu verwenden f\u00fcr ein hochwertiges Ergebnis. Ideal f\u00fcr die Zubereitung hervorragender Br\u00fchen, Suppen und Risottos. Als W\u00fcrzmittel, das direkt auf die Rezepte gegeben wird, auch anstelle von Salz, harmonisiert und bereichert es den Geschmack von Saucen, Hauptgerichten und Beilagen im Allgemeinen.<\/p>\n<p>1 kg<\/p>\n<p>&nbsp;<\/p>","protected":false},"featured_media":16670,"comment_status":"open","ping_status":"closed","template":"","meta":[],"product_brand":[],"product_cat":[72,80,74],"product_tag":[],"class_list":{"0":"post-16668","1":"product","2":"type-product","3":"status-publish","4":"has-post-thumbnail","6":"product_cat-lebensmittel","7":"product_cat-saucen","8":"product_cat-diverses","10":"first","11":"instock","12":"sale","13":"shipping-taxable","14":"purchasable","15":"product-type-simple"},"yoast_head":"<!-- This site is optimized with the Yoast SEO plugin v25.0 - https:\/\/yoast.com\/wordpress\/plugins\/seo\/ -->\n<title>Well Vegi -Preparato per brodo di verdure e condimento granulare N. 2 (1 kg) - Bottega Italiana<\/title>\n<meta name=\"robots\" content=\"index, follow, max-snippet:-1, max-image-preview:large, max-video-preview:-1\" \/>\n<link rel=\"canonical\" href=\"https:\/\/bottegaitaliana.ch\/en\/product\/preparato-per-brodo-di-verdure-e-condimento-granulare-n-2-1-kg\/\" \/>\n<meta property=\"og:locale\" content=\"en_US\" \/>\n<meta property=\"og:type\" content=\"article\" \/>\n<meta property=\"og:title\" content=\"Well Vegi -Preparato per brodo di verdure e condimento granulare N. 2 (1 kg) - Bottega Italiana\" \/>\n<meta property=\"og:description\" content=\"Granulatf\u00f6rmige Zubereitung f\u00fcr Br\u00fche und W\u00fcrze, mit konzentrierten Pflanzens\u00e4ften. Gluten- und laktosefrei. Eine spezielle Br\u00fche, die in einem Niedrigtemperaturverfahren zubereitet wird, um alle Geschmacksnuancen und das Aroma der wertvollen Zutaten zu bewahren. Sie ist reich an Extrakten und Gem\u00fcse und hat einen vollen, feinen und harmonischen Geschmack, der typisch f\u00fcr eine gute hausgemachte Gem\u00fcsebr\u00fche ist. Einfach zu verwenden f\u00fcr ein hochwertiges Ergebnis. Ideal f\u00fcr die Zubereitung hervorragender Br\u00fchen, Suppen und Risottos. Als W\u00fcrzmittel, das direkt auf die Rezepte gegeben wird, auch anstelle von Salz, harmonisiert und bereichert es den Geschmack von Saucen, Hauptgerichten und Beilagen im Allgemeinen.  1 kg  &nbsp;\" \/>\n<meta property=\"og:url\" content=\"https:\/\/bottegaitaliana.ch\/en\/product\/preparato-per-brodo-di-verdure-e-condimento-granulare-n-2-1-kg\/\" \/>\n<meta property=\"og:site_name\" content=\"Bottega Italiana\" \/>\n<meta property=\"article:modified_time\" content=\"2024-12-13T10:04:22+00:00\" \/>\n<meta property=\"og:image\" content=\"https:\/\/bottegaitaliana.ch\/wp-content\/uploads\/2024\/10\/well-n-2.jpg\" \/>\n\t<meta property=\"og:image:width\" content=\"1200\" \/>\n\t<meta property=\"og:image:height\" content=\"1200\" \/>\n\t<meta property=\"og:image:type\" content=\"image\/jpeg\" \/>\n<meta name=\"twitter:card\" content=\"summary_large_image\" \/>\n<script type=\"application\/ld+json\" class=\"yoast-schema-graph\">{\"@context\":\"https:\/\/schema.org\",\"@graph\":[{\"@type\":\"WebPage\",\"@id\":\"https:\/\/bottegaitaliana.ch\/product\/preparato-per-brodo-di-verdure-e-condimento-granulare-n-2-1-kg\/\",\"url\":\"https:\/\/bottegaitaliana.ch\/product\/preparato-per-brodo-di-verdure-e-condimento-granulare-n-2-1-kg\/\",\"name\":\"Well Vegi -Preparato per brodo di verdure e condimento granulare N. 2 (1 kg) - Bottega Italiana\",\"isPartOf\":{\"@id\":\"https:\/\/bottegaitaliana.ch\/#website\"},\"primaryImageOfPage\":{\"@id\":\"https:\/\/bottegaitaliana.ch\/product\/preparato-per-brodo-di-verdure-e-condimento-granulare-n-2-1-kg\/#primaryimage\"},\"image\":{\"@id\":\"https:\/\/bottegaitaliana.ch\/product\/preparato-per-brodo-di-verdure-e-condimento-granulare-n-2-1-kg\/#primaryimage\"},\"thumbnailUrl\":\"https:\/\/bottegaitaliana.ch\/wp-content\/uploads\/2024\/10\/well-n-2.jpg\",\"datePublished\":\"2024-10-27T14:33:16+00:00\",\"dateModified\":\"2024-12-13T10:04:22+00:00\",\"breadcrumb\":{\"@id\":\"https:\/\/bottegaitaliana.ch\/product\/preparato-per-brodo-di-verdure-e-condimento-granulare-n-2-1-kg\/#breadcrumb\"},\"inLanguage\":\"en-US\",\"potentialAction\":[{\"@type\":\"ReadAction\",\"target\":[\"https:\/\/bottegaitaliana.ch\/product\/preparato-per-brodo-di-verdure-e-condimento-granulare-n-2-1-kg\/\"]}]},{\"@type\":\"ImageObject\",\"inLanguage\":\"en-US\",\"@id\":\"https:\/\/bottegaitaliana.ch\/product\/preparato-per-brodo-di-verdure-e-condimento-granulare-n-2-1-kg\/#primaryimage\",\"url\":\"https:\/\/bottegaitaliana.ch\/wp-content\/uploads\/2024\/10\/well-n-2.jpg\",\"contentUrl\":\"https:\/\/bottegaitaliana.ch\/wp-content\/uploads\/2024\/10\/well-n-2.jpg\",\"width\":1200,\"height\":1200},{\"@type\":\"BreadcrumbList\",\"@id\":\"https:\/\/bottegaitaliana.ch\/product\/preparato-per-brodo-di-verdure-e-condimento-granulare-n-2-1-kg\/#breadcrumb\",\"itemListElement\":[{\"@type\":\"ListItem\",\"position\":1,\"name\":\"Startseite\",\"item\":\"https:\/\/bottegaitaliana.ch\/\"},{\"@type\":\"ListItem\",\"position\":2,\"name\":\"Shop\",\"item\":\"https:\/\/bottegaitaliana.ch\/shop\/\"},{\"@type\":\"ListItem\",\"position\":3,\"name\":\"Well Vegi -Preparato per brodo di verdure e condimento granulare N. 2 (1 kg)\"}]},{\"@type\":\"WebSite\",\"@id\":\"https:\/\/bottegaitaliana.ch\/#website\",\"url\":\"https:\/\/bottegaitaliana.ch\/\",\"name\":\"Bottega Italiana\",\"description\":\"&quot;Italien in seiner besten Form \u2013 Direkt zu Ihnen nach Hause.&quot;\",\"publisher\":{\"@id\":\"https:\/\/bottegaitaliana.ch\/#organization\"},\"potentialAction\":[{\"@type\":\"SearchAction\",\"target\":{\"@type\":\"EntryPoint\",\"urlTemplate\":\"https:\/\/bottegaitaliana.ch\/?s={search_term_string}\"},\"query-input\":{\"@type\":\"PropertyValueSpecification\",\"valueRequired\":true,\"valueName\":\"search_term_string\"}}],\"inLanguage\":\"en-US\"},{\"@type\":\"Organization\",\"@id\":\"https:\/\/bottegaitaliana.ch\/#organization\",\"name\":\"Bottega Italiana\",\"url\":\"https:\/\/bottegaitaliana.ch\/\",\"logo\":{\"@type\":\"ImageObject\",\"inLanguage\":\"en-US\",\"@id\":\"https:\/\/bottegaitaliana.ch\/#\/schema\/logo\/image\/\",\"url\":\"https:\/\/bottegaitaliana.ch\/wp-content\/uploads\/2024\/08\/Logo2024.png\",\"contentUrl\":\"https:\/\/bottegaitaliana.ch\/wp-content\/uploads\/2024\/08\/Logo2024.png\",\"width\":469,\"height\":87,\"caption\":\"Bottega Italiana\"},\"image\":{\"@id\":\"https:\/\/bottegaitaliana.ch\/#\/schema\/logo\/image\/\"}}]}<\/script>\n<!-- \/ Yoast SEO plugin. -->","yoast_head_json":{"title":"Well Vegi -Preparato per brodo di verdure e condimento granulare N. 2 (1 kg) - Bottega Italiana","robots":{"index":"index","follow":"follow","max-snippet":"max-snippet:-1","max-image-preview":"max-image-preview:large","max-video-preview":"max-video-preview:-1"},"canonical":"https:\/\/bottegaitaliana.ch\/en\/product\/preparato-per-brodo-di-verdure-e-condimento-granulare-n-2-1-kg\/","og_locale":"en_US","og_type":"article","og_title":"Well Vegi -Preparato per brodo di verdure e condimento granulare N. 2 (1 kg) - Bottega Italiana","og_description":"Granulatf\u00f6rmige Zubereitung f\u00fcr Br\u00fche und W\u00fcrze, mit konzentrierten Pflanzens\u00e4ften. Gluten- und laktosefrei. Eine spezielle Br\u00fche, die in einem Niedrigtemperaturverfahren zubereitet wird, um alle Geschmacksnuancen und das Aroma der wertvollen Zutaten zu bewahren. Sie ist reich an Extrakten und Gem\u00fcse und hat einen vollen, feinen und harmonischen Geschmack, der typisch f\u00fcr eine gute hausgemachte Gem\u00fcsebr\u00fche ist. Einfach zu verwenden f\u00fcr ein hochwertiges Ergebnis. Ideal f\u00fcr die Zubereitung hervorragender Br\u00fchen, Suppen und Risottos. Als W\u00fcrzmittel, das direkt auf die Rezepte gegeben wird, auch anstelle von Salz, harmonisiert und bereichert es den Geschmack von Saucen, Hauptgerichten und Beilagen im Allgemeinen.  1 kg  &nbsp;","og_url":"https:\/\/bottegaitaliana.ch\/en\/product\/preparato-per-brodo-di-verdure-e-condimento-granulare-n-2-1-kg\/","og_site_name":"Bottega Italiana","article_modified_time":"2024-12-13T10:04:22+00:00","og_image":[{"width":1200,"height":1200,"url":"https:\/\/bottegaitaliana.ch\/wp-content\/uploads\/2024\/10\/well-n-2.jpg","type":"image\/jpeg"}],"twitter_card":"summary_large_image","schema":{"@context":"https:\/\/schema.org","@graph":[{"@type":"WebPage","@id":"https:\/\/bottegaitaliana.ch\/product\/preparato-per-brodo-di-verdure-e-condimento-granulare-n-2-1-kg\/","url":"https:\/\/bottegaitaliana.ch\/product\/preparato-per-brodo-di-verdure-e-condimento-granulare-n-2-1-kg\/","name":"Well Vegi -Preparato per brodo di verdure e condimento granulare N. 2 (1 kg) - Bottega Italiana","isPartOf":{"@id":"https:\/\/bottegaitaliana.ch\/#website"},"primaryImageOfPage":{"@id":"https:\/\/bottegaitaliana.ch\/product\/preparato-per-brodo-di-verdure-e-condimento-granulare-n-2-1-kg\/#primaryimage"},"image":{"@id":"https:\/\/bottegaitaliana.ch\/product\/preparato-per-brodo-di-verdure-e-condimento-granulare-n-2-1-kg\/#primaryimage"},"thumbnailUrl":"https:\/\/bottegaitaliana.ch\/wp-content\/uploads\/2024\/10\/well-n-2.jpg","datePublished":"2024-10-27T14:33:16+00:00","dateModified":"2024-12-13T10:04:22+00:00","breadcrumb":{"@id":"https:\/\/bottegaitaliana.ch\/product\/preparato-per-brodo-di-verdure-e-condimento-granulare-n-2-1-kg\/#breadcrumb"},"inLanguage":"en-US","potentialAction":[{"@type":"ReadAction","target":["https:\/\/bottegaitaliana.ch\/product\/preparato-per-brodo-di-verdure-e-condimento-granulare-n-2-1-kg\/"]}]},{"@type":"ImageObject","inLanguage":"en-US","@id":"https:\/\/bottegaitaliana.ch\/product\/preparato-per-brodo-di-verdure-e-condimento-granulare-n-2-1-kg\/#primaryimage","url":"https:\/\/bottegaitaliana.ch\/wp-content\/uploads\/2024\/10\/well-n-2.jpg","contentUrl":"https:\/\/bottegaitaliana.ch\/wp-content\/uploads\/2024\/10\/well-n-2.jpg","width":1200,"height":1200},{"@type":"BreadcrumbList","@id":"https:\/\/bottegaitaliana.ch\/product\/preparato-per-brodo-di-verdure-e-condimento-granulare-n-2-1-kg\/#breadcrumb","itemListElement":[{"@type":"ListItem","position":1,"name":"Startseite","item":"https:\/\/bottegaitaliana.ch\/"},{"@type":"ListItem","position":2,"name":"Shop","item":"https:\/\/bottegaitaliana.ch\/shop\/"},{"@type":"ListItem","position":3,"name":"Well Vegi -Preparato per brodo di verdure e condimento granulare N. 2 (1 kg)"}]},{"@type":"WebSite","@id":"https:\/\/bottegaitaliana.ch\/#website","url":"https:\/\/bottegaitaliana.ch\/","name":"Bottega Italiana","description":"&quot;Italien in seiner besten Form \u2013 Direkt zu Ihnen nach Hause.&quot;","publisher":{"@id":"https:\/\/bottegaitaliana.ch\/#organization"},"potentialAction":[{"@type":"SearchAction","target":{"@type":"EntryPoint","urlTemplate":"https:\/\/bottegaitaliana.ch\/?s={search_term_string}"},"query-input":{"@type":"PropertyValueSpecification","valueRequired":true,"valueName":"search_term_string"}}],"inLanguage":"en-US"},{"@type":"Organization","@id":"https:\/\/bottegaitaliana.ch\/#organization","name":"Bottega Italiana","url":"https:\/\/bottegaitaliana.ch\/","logo":{"@type":"ImageObject","inLanguage":"en-US","@id":"https:\/\/bottegaitaliana.ch\/#\/schema\/logo\/image\/","url":"https:\/\/bottegaitaliana.ch\/wp-content\/uploads\/2024\/08\/Logo2024.png","contentUrl":"https:\/\/bottegaitaliana.ch\/wp-content\/uploads\/2024\/08\/Logo2024.png","width":469,"height":87,"caption":"Bottega Italiana"},"image":{"@id":"https:\/\/bottegaitaliana.ch\/#\/schema\/logo\/image\/"}}]}},"_links":{"self":[{"href":"https:\/\/bottegaitaliana.ch\/en\/wp-json\/wp\/v2\/product\/16668","targetHints":{"allow":["GET"]}}],"collection":[{"href":"https:\/\/bottegaitaliana.ch\/en\/wp-json\/wp\/v2\/product"}],"about":[{"href":"https:\/\/bottegaitaliana.ch\/en\/wp-json\/wp\/v2\/types\/product"}],"replies":[{"embeddable":true,"href":"https:\/\/bottegaitaliana.ch\/en\/wp-json\/wp\/v2\/comments?post=16668"}],"version-history":[{"count":5,"href":"https:\/\/bottegaitaliana.ch\/en\/wp-json\/wp\/v2\/product\/16668\/revisions"}],"predecessor-version":[{"id":16681,"href":"https:\/\/bottegaitaliana.ch\/en\/wp-json\/wp\/v2\/product\/16668\/revisions\/16681"}],"wp:featuredmedia":[{"embeddable":true,"href":"https:\/\/bottegaitaliana.ch\/en\/wp-json\/wp\/v2\/media\/16670"}],"wp:attachment":[{"href":"https:\/\/bottegaitaliana.ch\/en\/wp-json\/wp\/v2\/media?parent=16668"}],"wp:term":[{"taxonomy":"product_brand","embeddable":true,"href":"https:\/\/bottegaitaliana.ch\/en\/wp-json\/wp\/v2\/product_brand?post=16668"},{"taxonomy":"product_cat","embeddable":true,"href":"https:\/\/bottegaitaliana.ch\/en\/wp-json\/wp\/v2\/product_cat?post=16668"},{"taxonomy":"product_tag","embeddable":true,"href":"https:\/\/bottegaitaliana.ch\/en\/wp-json\/wp\/v2\/product_tag?post=16668"}],"curies":[{"name":"wp","href":"https:\/\/api.w.org\/{rel}","templated":true}]}}