{"id":16697,"date":"2024-10-31T19:43:25","date_gmt":"2024-10-31T18:43:25","guid":{"rendered":"https:\/\/bottegaitaliana.ch\/?post_type=product&#038;p=16697"},"modified":"2024-12-29T19:28:26","modified_gmt":"2024-12-29T18:28:26","slug":"de-cecco-spaghettini-n-11-500-gr","status":"publish","type":"product","link":"https:\/\/bottegaitaliana.ch\/en\/product\/de-cecco-spaghettini-n-11-500-gr\/","title":{"rendered":"De Cecco Spaghettini N.11- 500 gr"},"content":{"rendered":"","protected":false},"excerpt":{"rendered":"<p>Als eine schmackhafte, kleinere Variante der klassischen Spaghetti sind die Spaghettini eine Nudelsorte, die aus S\u00fcditalien, insbesondere aus Neapel, stammt. K\u00f6stlich und f\u00fcr diese Nudelsorte hervorragend geeignet sind warme oder kalte Saucen, deren Grundlage frische Tomaten, Gem\u00fcse oder aromatische Kr\u00e4uter sind. Auch schnell zubereitete Saucen mit nativem Oliven\u00f6l extra, Knoblauch, Peperoncino und Sardellen eignen sich hervorragend. Zudem passen zu den Spaghettini auch Saucen mit Fisch, deren Grundlage Weichtiere und Meeresfr\u00fcchte sind.<\/p>\n<p>In Packungen zu 500 gr erh\u00e4ltlich.<\/p>","protected":false},"featured_media":16158,"comment_status":"closed","ping_status":"closed","template":"","meta":[],"product_brand":[],"product_cat":[72,76,78],"product_tag":[],"class_list":{"0":"post-16697","1":"product","2":"type-product","3":"status-publish","4":"has-post-thumbnail","6":"product_cat-lebensmittel","7":"product_cat-pasta","8":"product_cat-de-cecco","10":"first","11":"instock","12":"sale","13":"shipping-taxable","14":"purchasable","15":"product-type-simple"},"yoast_head":"<!-- This site is optimized with the Yoast SEO plugin v25.0 - https:\/\/yoast.com\/wordpress\/plugins\/seo\/ -->\n<title>De Cecco Spaghettini N.11- 500 gr - Bottega Italiana<\/title>\n<meta name=\"robots\" content=\"index, follow, max-snippet:-1, max-image-preview:large, max-video-preview:-1\" \/>\n<link rel=\"canonical\" href=\"https:\/\/bottegaitaliana.ch\/en\/product\/de-cecco-spaghettini-n-11-500-gr\/\" \/>\n<meta property=\"og:locale\" content=\"en_US\" \/>\n<meta property=\"og:type\" content=\"article\" \/>\n<meta property=\"og:title\" content=\"De Cecco Spaghettini N.11- 500 gr - Bottega Italiana\" \/>\n<meta property=\"og:description\" content=\"Als eine schmackhafte, kleinere Variante der klassischen Spaghetti sind die Spaghettini eine Nudelsorte, die aus S\u00fcditalien, insbesondere aus Neapel, stammt. K\u00f6stlich und f\u00fcr diese Nudelsorte hervorragend geeignet sind warme oder kalte Saucen, deren Grundlage frische Tomaten, Gem\u00fcse oder aromatische Kr\u00e4uter sind. Auch schnell zubereitete Saucen mit nativem Oliven\u00f6l extra, Knoblauch, Peperoncino und Sardellen eignen sich hervorragend. Zudem passen zu den Spaghettini auch Saucen mit Fisch, deren Grundlage Weichtiere und Meeresfr\u00fcchte sind.  In Packungen zu 500 gr erh\u00e4ltlich.\" \/>\n<meta property=\"og:url\" content=\"https:\/\/bottegaitaliana.ch\/en\/product\/de-cecco-spaghettini-n-11-500-gr\/\" \/>\n<meta property=\"og:site_name\" content=\"Bottega Italiana\" \/>\n<meta property=\"article:modified_time\" content=\"2024-12-29T18:28:26+00:00\" \/>\n<meta property=\"og:image\" content=\"https:\/\/bottegaitaliana.ch\/wp-content\/uploads\/2024\/08\/Spaghettini-n-11_600x600@2x.png\" \/>\n\t<meta property=\"og:image:width\" content=\"1200\" \/>\n\t<meta property=\"og:image:height\" content=\"1200\" \/>\n\t<meta property=\"og:image:type\" content=\"image\/png\" \/>\n<meta name=\"twitter:card\" content=\"summary_large_image\" \/>\n<script type=\"application\/ld+json\" class=\"yoast-schema-graph\">{\"@context\":\"https:\/\/schema.org\",\"@graph\":[{\"@type\":\"WebPage\",\"@id\":\"https:\/\/bottegaitaliana.ch\/product\/de-cecco-spaghettini-n-11-500-gr\/\",\"url\":\"https:\/\/bottegaitaliana.ch\/product\/de-cecco-spaghettini-n-11-500-gr\/\",\"name\":\"De Cecco Spaghettini N.11- 500 gr - Bottega Italiana\",\"isPartOf\":{\"@id\":\"https:\/\/bottegaitaliana.ch\/#website\"},\"primaryImageOfPage\":{\"@id\":\"https:\/\/bottegaitaliana.ch\/product\/de-cecco-spaghettini-n-11-500-gr\/#primaryimage\"},\"image\":{\"@id\":\"https:\/\/bottegaitaliana.ch\/product\/de-cecco-spaghettini-n-11-500-gr\/#primaryimage\"},\"thumbnailUrl\":\"https:\/\/bottegaitaliana.ch\/wp-content\/uploads\/2024\/08\/Spaghettini-n-11_600x600@2x.png\",\"datePublished\":\"2024-10-31T18:43:25+00:00\",\"dateModified\":\"2024-12-29T18:28:26+00:00\",\"breadcrumb\":{\"@id\":\"https:\/\/bottegaitaliana.ch\/product\/de-cecco-spaghettini-n-11-500-gr\/#breadcrumb\"},\"inLanguage\":\"en-US\",\"potentialAction\":[{\"@type\":\"ReadAction\",\"target\":[\"https:\/\/bottegaitaliana.ch\/product\/de-cecco-spaghettini-n-11-500-gr\/\"]}]},{\"@type\":\"ImageObject\",\"inLanguage\":\"en-US\",\"@id\":\"https:\/\/bottegaitaliana.ch\/product\/de-cecco-spaghettini-n-11-500-gr\/#primaryimage\",\"url\":\"https:\/\/bottegaitaliana.ch\/wp-content\/uploads\/2024\/08\/Spaghettini-n-11_600x600@2x.png\",\"contentUrl\":\"https:\/\/bottegaitaliana.ch\/wp-content\/uploads\/2024\/08\/Spaghettini-n-11_600x600@2x.png\",\"width\":1200,\"height\":1200},{\"@type\":\"BreadcrumbList\",\"@id\":\"https:\/\/bottegaitaliana.ch\/product\/de-cecco-spaghettini-n-11-500-gr\/#breadcrumb\",\"itemListElement\":[{\"@type\":\"ListItem\",\"position\":1,\"name\":\"Startseite\",\"item\":\"https:\/\/bottegaitaliana.ch\/\"},{\"@type\":\"ListItem\",\"position\":2,\"name\":\"Shop\",\"item\":\"https:\/\/bottegaitaliana.ch\/shop\/\"},{\"@type\":\"ListItem\",\"position\":3,\"name\":\"De Cecco Spaghettini N.11- 500 gr\"}]},{\"@type\":\"WebSite\",\"@id\":\"https:\/\/bottegaitaliana.ch\/#website\",\"url\":\"https:\/\/bottegaitaliana.ch\/\",\"name\":\"Bottega Italiana\",\"description\":\"&quot;Italien in seiner besten Form \u2013 Direkt zu Ihnen nach Hause.&quot;\",\"publisher\":{\"@id\":\"https:\/\/bottegaitaliana.ch\/#organization\"},\"potentialAction\":[{\"@type\":\"SearchAction\",\"target\":{\"@type\":\"EntryPoint\",\"urlTemplate\":\"https:\/\/bottegaitaliana.ch\/?s={search_term_string}\"},\"query-input\":{\"@type\":\"PropertyValueSpecification\",\"valueRequired\":true,\"valueName\":\"search_term_string\"}}],\"inLanguage\":\"en-US\"},{\"@type\":\"Organization\",\"@id\":\"https:\/\/bottegaitaliana.ch\/#organization\",\"name\":\"Bottega Italiana\",\"url\":\"https:\/\/bottegaitaliana.ch\/\",\"logo\":{\"@type\":\"ImageObject\",\"inLanguage\":\"en-US\",\"@id\":\"https:\/\/bottegaitaliana.ch\/#\/schema\/logo\/image\/\",\"url\":\"https:\/\/bottegaitaliana.ch\/wp-content\/uploads\/2024\/08\/Logo2024.png\",\"contentUrl\":\"https:\/\/bottegaitaliana.ch\/wp-content\/uploads\/2024\/08\/Logo2024.png\",\"width\":469,\"height\":87,\"caption\":\"Bottega Italiana\"},\"image\":{\"@id\":\"https:\/\/bottegaitaliana.ch\/#\/schema\/logo\/image\/\"}}]}<\/script>\n<!-- \/ Yoast SEO plugin. -->","yoast_head_json":{"title":"De Cecco Spaghettini N.11- 500 gr - Bottega Italiana","robots":{"index":"index","follow":"follow","max-snippet":"max-snippet:-1","max-image-preview":"max-image-preview:large","max-video-preview":"max-video-preview:-1"},"canonical":"https:\/\/bottegaitaliana.ch\/en\/product\/de-cecco-spaghettini-n-11-500-gr\/","og_locale":"en_US","og_type":"article","og_title":"De Cecco Spaghettini N.11- 500 gr - Bottega Italiana","og_description":"Als eine schmackhafte, kleinere Variante der klassischen Spaghetti sind die Spaghettini eine Nudelsorte, die aus S\u00fcditalien, insbesondere aus Neapel, stammt. K\u00f6stlich und f\u00fcr diese Nudelsorte hervorragend geeignet sind warme oder kalte Saucen, deren Grundlage frische Tomaten, Gem\u00fcse oder aromatische Kr\u00e4uter sind. Auch schnell zubereitete Saucen mit nativem Oliven\u00f6l extra, Knoblauch, Peperoncino und Sardellen eignen sich hervorragend. Zudem passen zu den Spaghettini auch Saucen mit Fisch, deren Grundlage Weichtiere und Meeresfr\u00fcchte sind.  In Packungen zu 500 gr erh\u00e4ltlich.","og_url":"https:\/\/bottegaitaliana.ch\/en\/product\/de-cecco-spaghettini-n-11-500-gr\/","og_site_name":"Bottega Italiana","article_modified_time":"2024-12-29T18:28:26+00:00","og_image":[{"width":1200,"height":1200,"url":"https:\/\/bottegaitaliana.ch\/wp-content\/uploads\/2024\/08\/Spaghettini-n-11_600x600@2x.png","type":"image\/png"}],"twitter_card":"summary_large_image","schema":{"@context":"https:\/\/schema.org","@graph":[{"@type":"WebPage","@id":"https:\/\/bottegaitaliana.ch\/product\/de-cecco-spaghettini-n-11-500-gr\/","url":"https:\/\/bottegaitaliana.ch\/product\/de-cecco-spaghettini-n-11-500-gr\/","name":"De Cecco Spaghettini N.11- 500 gr - Bottega Italiana","isPartOf":{"@id":"https:\/\/bottegaitaliana.ch\/#website"},"primaryImageOfPage":{"@id":"https:\/\/bottegaitaliana.ch\/product\/de-cecco-spaghettini-n-11-500-gr\/#primaryimage"},"image":{"@id":"https:\/\/bottegaitaliana.ch\/product\/de-cecco-spaghettini-n-11-500-gr\/#primaryimage"},"thumbnailUrl":"https:\/\/bottegaitaliana.ch\/wp-content\/uploads\/2024\/08\/Spaghettini-n-11_600x600@2x.png","datePublished":"2024-10-31T18:43:25+00:00","dateModified":"2024-12-29T18:28:26+00:00","breadcrumb":{"@id":"https:\/\/bottegaitaliana.ch\/product\/de-cecco-spaghettini-n-11-500-gr\/#breadcrumb"},"inLanguage":"en-US","potentialAction":[{"@type":"ReadAction","target":["https:\/\/bottegaitaliana.ch\/product\/de-cecco-spaghettini-n-11-500-gr\/"]}]},{"@type":"ImageObject","inLanguage":"en-US","@id":"https:\/\/bottegaitaliana.ch\/product\/de-cecco-spaghettini-n-11-500-gr\/#primaryimage","url":"https:\/\/bottegaitaliana.ch\/wp-content\/uploads\/2024\/08\/Spaghettini-n-11_600x600@2x.png","contentUrl":"https:\/\/bottegaitaliana.ch\/wp-content\/uploads\/2024\/08\/Spaghettini-n-11_600x600@2x.png","width":1200,"height":1200},{"@type":"BreadcrumbList","@id":"https:\/\/bottegaitaliana.ch\/product\/de-cecco-spaghettini-n-11-500-gr\/#breadcrumb","itemListElement":[{"@type":"ListItem","position":1,"name":"Startseite","item":"https:\/\/bottegaitaliana.ch\/"},{"@type":"ListItem","position":2,"name":"Shop","item":"https:\/\/bottegaitaliana.ch\/shop\/"},{"@type":"ListItem","position":3,"name":"De Cecco Spaghettini N.11- 500 gr"}]},{"@type":"WebSite","@id":"https:\/\/bottegaitaliana.ch\/#website","url":"https:\/\/bottegaitaliana.ch\/","name":"Bottega Italiana","description":"&quot;Italien in seiner besten Form \u2013 Direkt zu Ihnen nach Hause.&quot;","publisher":{"@id":"https:\/\/bottegaitaliana.ch\/#organization"},"potentialAction":[{"@type":"SearchAction","target":{"@type":"EntryPoint","urlTemplate":"https:\/\/bottegaitaliana.ch\/?s={search_term_string}"},"query-input":{"@type":"PropertyValueSpecification","valueRequired":true,"valueName":"search_term_string"}}],"inLanguage":"en-US"},{"@type":"Organization","@id":"https:\/\/bottegaitaliana.ch\/#organization","name":"Bottega Italiana","url":"https:\/\/bottegaitaliana.ch\/","logo":{"@type":"ImageObject","inLanguage":"en-US","@id":"https:\/\/bottegaitaliana.ch\/#\/schema\/logo\/image\/","url":"https:\/\/bottegaitaliana.ch\/wp-content\/uploads\/2024\/08\/Logo2024.png","contentUrl":"https:\/\/bottegaitaliana.ch\/wp-content\/uploads\/2024\/08\/Logo2024.png","width":469,"height":87,"caption":"Bottega Italiana"},"image":{"@id":"https:\/\/bottegaitaliana.ch\/#\/schema\/logo\/image\/"}}]}},"_links":{"self":[{"href":"https:\/\/bottegaitaliana.ch\/en\/wp-json\/wp\/v2\/product\/16697","targetHints":{"allow":["GET"]}}],"collection":[{"href":"https:\/\/bottegaitaliana.ch\/en\/wp-json\/wp\/v2\/product"}],"about":[{"href":"https:\/\/bottegaitaliana.ch\/en\/wp-json\/wp\/v2\/types\/product"}],"replies":[{"embeddable":true,"href":"https:\/\/bottegaitaliana.ch\/en\/wp-json\/wp\/v2\/comments?post=16697"}],"version-history":[{"count":2,"href":"https:\/\/bottegaitaliana.ch\/en\/wp-json\/wp\/v2\/product\/16697\/revisions"}],"predecessor-version":[{"id":16700,"href":"https:\/\/bottegaitaliana.ch\/en\/wp-json\/wp\/v2\/product\/16697\/revisions\/16700"}],"wp:featuredmedia":[{"embeddable":true,"href":"https:\/\/bottegaitaliana.ch\/en\/wp-json\/wp\/v2\/media\/16158"}],"wp:attachment":[{"href":"https:\/\/bottegaitaliana.ch\/en\/wp-json\/wp\/v2\/media?parent=16697"}],"wp:term":[{"taxonomy":"product_brand","embeddable":true,"href":"https:\/\/bottegaitaliana.ch\/en\/wp-json\/wp\/v2\/product_brand?post=16697"},{"taxonomy":"product_cat","embeddable":true,"href":"https:\/\/bottegaitaliana.ch\/en\/wp-json\/wp\/v2\/product_cat?post=16697"},{"taxonomy":"product_tag","embeddable":true,"href":"https:\/\/bottegaitaliana.ch\/en\/wp-json\/wp\/v2\/product_tag?post=16697"}],"curies":[{"name":"wp","href":"https:\/\/api.w.org\/{rel}","templated":true}]}}