{"id":16709,"date":"2024-10-31T20:55:21","date_gmt":"2024-10-31T19:55:21","guid":{"rendered":"https:\/\/bottegaitaliana.ch\/?post_type=product&#038;p=16709"},"modified":"2025-01-05T15:44:03","modified_gmt":"2025-01-05T14:44:03","slug":"pesto-di-finocchietto-selvatico-artigianale-le-tre-castagne-delletna-170g","status":"publish","type":"product","link":"https:\/\/bottegaitaliana.ch\/en\/product\/pesto-di-finocchietto-selvatico-artigianale-le-tre-castagne-delletna-170g\/","title":{"rendered":"Pesto di finocchietto selvatico artigianale, Le Tre Castagne Dell\u2019Etna 170g"},"content":{"rendered":"<p>Genie\u00dfen Sie das unverwechselbare Aroma des <strong>Pesto di Finocchietto Selvatico Artigianale<\/strong>, ein handwerklich hergestelltes Pesto mit wildem Fenchel, das aus hochwertigen Zutaten gefertigt wird. Mit 170g reinem Genuss bringt dieses Pesto die wahre italienische Tradition auf Ihren Tisch. Ideal zum W\u00fcrzen von Pasta, Fleischgerichten oder als aromatischer Aufstrich. Frei von k\u00fcnstlichen Zusatzstoffen und Konservierungsmitteln, ist es die perfekte Wahl f\u00fcr Feinschmecker, die Wert auf nat\u00fcrliche Zutaten und authentischen Geschmack legen.<\/p>","protected":false},"excerpt":{"rendered":"<p>Wildes Fenchelpesto ist eine delikate und duftende Sauce sizilianischen Ursprungs. Fenchel ist die Hauptzutat f\u00fcr die typische Pasta mit Sardinen. Er kann zum W\u00fcrzen von Nudelgerichten oder zum Abschmecken anderer Gerichte verwendet werden.<\/p>\n<p>Zutaten:<\/p>\n<p>Sizilianischer Wildfenchel 50%, Sonnenblumenkern\u00f6l, natives Oliven\u00f6l extra, Salz, gefriergetrockneter Knoblauch, Pfeffer<\/p>","protected":false},"featured_media":16711,"comment_status":"open","ping_status":"closed","template":"","meta":[],"product_brand":[],"product_cat":[125,72,80,74],"product_tag":[142,144,141],"class_list":{"0":"post-16709","1":"product","2":"type-product","3":"status-publish","4":"has-post-thumbnail","6":"product_cat-antipasti","7":"product_cat-lebensmittel","8":"product_cat-saucen","9":"product_cat-diverses","10":"product_tag-finocchietto","11":"product_tag-le-tre-castagne-delletna","12":"product_tag-pesto","14":"first","15":"instock","16":"sale","17":"shipping-taxable","18":"purchasable","19":"product-type-simple"},"yoast_head":"<!-- This site is optimized with the Yoast SEO plugin v25.0 - https:\/\/yoast.com\/wordpress\/plugins\/seo\/ -->\n<title>Pesto di finocchietto selvatico artigianale, Le Tre Castagne Dell\u2019Etna 170g Bottega Italiana -<\/title>\n<meta name=\"description\" content=\"Bestellen Sie das Pesto di Finocchietto Selvatico Artigianale 170g, ideal f\u00fcr Pasta, Fleisch oder als Dip. Reiner, nat\u00fcrlicher Geschmack. Jetzt kaufen!&quot;\" \/>\n<meta name=\"robots\" content=\"index, follow, max-snippet:-1, max-image-preview:large, max-video-preview:-1\" \/>\n<link rel=\"canonical\" href=\"https:\/\/bottegaitaliana.ch\/en\/product\/pesto-di-finocchietto-selvatico-artigianale-le-tre-castagne-delletna-170g\/\" \/>\n<meta property=\"og:locale\" content=\"en_US\" \/>\n<meta property=\"og:type\" content=\"article\" \/>\n<meta property=\"og:title\" content=\"Pesto di finocchietto selvatico artigianale, Le Tre Castagne Dell\u2019Etna 170g Bottega Italiana -\" \/>\n<meta property=\"og:description\" content=\"Bestellen Sie das Pesto di Finocchietto Selvatico Artigianale 170g, ideal f\u00fcr Pasta, Fleisch oder als Dip. Reiner, nat\u00fcrlicher Geschmack. Jetzt kaufen!&quot;\" \/>\n<meta property=\"og:url\" content=\"https:\/\/bottegaitaliana.ch\/en\/product\/pesto-di-finocchietto-selvatico-artigianale-le-tre-castagne-delletna-170g\/\" \/>\n<meta property=\"og:site_name\" content=\"Bottega Italiana\" \/>\n<meta property=\"article:modified_time\" content=\"2025-01-05T14:44:03+00:00\" \/>\n<meta property=\"og:image\" content=\"https:\/\/bottegaitaliana.ch\/wp-content\/uploads\/2024\/10\/pesto-finocchietto170gr.jpg\" \/>\n\t<meta property=\"og:image:width\" content=\"1254\" \/>\n\t<meta property=\"og:image:height\" content=\"1500\" \/>\n\t<meta property=\"og:image:type\" content=\"image\/jpeg\" \/>\n<meta name=\"twitter:card\" content=\"summary_large_image\" \/>\n<meta name=\"twitter:label1\" content=\"Est. reading time\" \/>\n\t<meta name=\"twitter:data1\" content=\"1 minute\" \/>\n<script type=\"application\/ld+json\" class=\"yoast-schema-graph\">{\"@context\":\"https:\/\/schema.org\",\"@graph\":[{\"@type\":\"WebPage\",\"@id\":\"https:\/\/bottegaitaliana.ch\/product\/pesto-di-finocchietto-selvatico-artigianale-le-tre-castagne-delletna-170g\/\",\"url\":\"https:\/\/bottegaitaliana.ch\/product\/pesto-di-finocchietto-selvatico-artigianale-le-tre-castagne-delletna-170g\/\",\"name\":\"Pesto di finocchietto selvatico artigianale, Le Tre Castagne Dell\u2019Etna 170g Bottega Italiana -\",\"isPartOf\":{\"@id\":\"https:\/\/bottegaitaliana.ch\/#website\"},\"primaryImageOfPage\":{\"@id\":\"https:\/\/bottegaitaliana.ch\/product\/pesto-di-finocchietto-selvatico-artigianale-le-tre-castagne-delletna-170g\/#primaryimage\"},\"image\":{\"@id\":\"https:\/\/bottegaitaliana.ch\/product\/pesto-di-finocchietto-selvatico-artigianale-le-tre-castagne-delletna-170g\/#primaryimage\"},\"thumbnailUrl\":\"https:\/\/bottegaitaliana.ch\/wp-content\/uploads\/2024\/10\/pesto-finocchietto170gr.jpg\",\"datePublished\":\"2024-10-31T19:55:21+00:00\",\"dateModified\":\"2025-01-05T14:44:03+00:00\",\"description\":\"Bestellen Sie das Pesto di Finocchietto Selvatico Artigianale 170g, ideal f\u00fcr Pasta, Fleisch oder als Dip. Reiner, nat\u00fcrlicher Geschmack. Jetzt kaufen!\\\"\",\"breadcrumb\":{\"@id\":\"https:\/\/bottegaitaliana.ch\/product\/pesto-di-finocchietto-selvatico-artigianale-le-tre-castagne-delletna-170g\/#breadcrumb\"},\"inLanguage\":\"en-US\",\"potentialAction\":[{\"@type\":\"ReadAction\",\"target\":[\"https:\/\/bottegaitaliana.ch\/product\/pesto-di-finocchietto-selvatico-artigianale-le-tre-castagne-delletna-170g\/\"]}]},{\"@type\":\"ImageObject\",\"inLanguage\":\"en-US\",\"@id\":\"https:\/\/bottegaitaliana.ch\/product\/pesto-di-finocchietto-selvatico-artigianale-le-tre-castagne-delletna-170g\/#primaryimage\",\"url\":\"https:\/\/bottegaitaliana.ch\/wp-content\/uploads\/2024\/10\/pesto-finocchietto170gr.jpg\",\"contentUrl\":\"https:\/\/bottegaitaliana.ch\/wp-content\/uploads\/2024\/10\/pesto-finocchietto170gr.jpg\",\"width\":1254,\"height\":1500},{\"@type\":\"BreadcrumbList\",\"@id\":\"https:\/\/bottegaitaliana.ch\/product\/pesto-di-finocchietto-selvatico-artigianale-le-tre-castagne-delletna-170g\/#breadcrumb\",\"itemListElement\":[{\"@type\":\"ListItem\",\"position\":1,\"name\":\"Startseite\",\"item\":\"https:\/\/bottegaitaliana.ch\/\"},{\"@type\":\"ListItem\",\"position\":2,\"name\":\"Shop\",\"item\":\"https:\/\/bottegaitaliana.ch\/shop\/\"},{\"@type\":\"ListItem\",\"position\":3,\"name\":\"Pesto di finocchietto selvatico artigianale, Le Tre Castagne Dell\u2019Etna 170g\"}]},{\"@type\":\"WebSite\",\"@id\":\"https:\/\/bottegaitaliana.ch\/#website\",\"url\":\"https:\/\/bottegaitaliana.ch\/\",\"name\":\"Bottega Italiana\",\"description\":\"&quot;Italien in seiner besten Form \u2013 Direkt zu Ihnen nach Hause.&quot;\",\"publisher\":{\"@id\":\"https:\/\/bottegaitaliana.ch\/#organization\"},\"potentialAction\":[{\"@type\":\"SearchAction\",\"target\":{\"@type\":\"EntryPoint\",\"urlTemplate\":\"https:\/\/bottegaitaliana.ch\/?s={search_term_string}\"},\"query-input\":{\"@type\":\"PropertyValueSpecification\",\"valueRequired\":true,\"valueName\":\"search_term_string\"}}],\"inLanguage\":\"en-US\"},{\"@type\":\"Organization\",\"@id\":\"https:\/\/bottegaitaliana.ch\/#organization\",\"name\":\"Bottega Italiana\",\"url\":\"https:\/\/bottegaitaliana.ch\/\",\"logo\":{\"@type\":\"ImageObject\",\"inLanguage\":\"en-US\",\"@id\":\"https:\/\/bottegaitaliana.ch\/#\/schema\/logo\/image\/\",\"url\":\"https:\/\/bottegaitaliana.ch\/wp-content\/uploads\/2024\/08\/Logo2024.png\",\"contentUrl\":\"https:\/\/bottegaitaliana.ch\/wp-content\/uploads\/2024\/08\/Logo2024.png\",\"width\":469,\"height\":87,\"caption\":\"Bottega Italiana\"},\"image\":{\"@id\":\"https:\/\/bottegaitaliana.ch\/#\/schema\/logo\/image\/\"}}]}<\/script>\n<!-- \/ Yoast SEO plugin. -->","yoast_head_json":{"title":"Pesto di finocchietto selvatico artigianale, Le Tre Castagne Dell\u2019Etna 170g Bottega Italiana -","description":"Bestellen Sie das Pesto di Finocchietto Selvatico Artigianale 170g, ideal f\u00fcr Pasta, Fleisch oder als Dip. Reiner, nat\u00fcrlicher Geschmack. Jetzt kaufen!\"","robots":{"index":"index","follow":"follow","max-snippet":"max-snippet:-1","max-image-preview":"max-image-preview:large","max-video-preview":"max-video-preview:-1"},"canonical":"https:\/\/bottegaitaliana.ch\/en\/product\/pesto-di-finocchietto-selvatico-artigianale-le-tre-castagne-delletna-170g\/","og_locale":"en_US","og_type":"article","og_title":"Pesto di finocchietto selvatico artigianale, Le Tre Castagne Dell\u2019Etna 170g Bottega Italiana -","og_description":"Bestellen Sie das Pesto di Finocchietto Selvatico Artigianale 170g, ideal f\u00fcr Pasta, Fleisch oder als Dip. Reiner, nat\u00fcrlicher Geschmack. Jetzt kaufen!\"","og_url":"https:\/\/bottegaitaliana.ch\/en\/product\/pesto-di-finocchietto-selvatico-artigianale-le-tre-castagne-delletna-170g\/","og_site_name":"Bottega Italiana","article_modified_time":"2025-01-05T14:44:03+00:00","og_image":[{"width":1254,"height":1500,"url":"https:\/\/bottegaitaliana.ch\/wp-content\/uploads\/2024\/10\/pesto-finocchietto170gr.jpg","type":"image\/jpeg"}],"twitter_card":"summary_large_image","twitter_misc":{"Est. reading time":"1 minute"},"schema":{"@context":"https:\/\/schema.org","@graph":[{"@type":"WebPage","@id":"https:\/\/bottegaitaliana.ch\/product\/pesto-di-finocchietto-selvatico-artigianale-le-tre-castagne-delletna-170g\/","url":"https:\/\/bottegaitaliana.ch\/product\/pesto-di-finocchietto-selvatico-artigianale-le-tre-castagne-delletna-170g\/","name":"Pesto di finocchietto selvatico artigianale, Le Tre Castagne Dell\u2019Etna 170g Bottega Italiana -","isPartOf":{"@id":"https:\/\/bottegaitaliana.ch\/#website"},"primaryImageOfPage":{"@id":"https:\/\/bottegaitaliana.ch\/product\/pesto-di-finocchietto-selvatico-artigianale-le-tre-castagne-delletna-170g\/#primaryimage"},"image":{"@id":"https:\/\/bottegaitaliana.ch\/product\/pesto-di-finocchietto-selvatico-artigianale-le-tre-castagne-delletna-170g\/#primaryimage"},"thumbnailUrl":"https:\/\/bottegaitaliana.ch\/wp-content\/uploads\/2024\/10\/pesto-finocchietto170gr.jpg","datePublished":"2024-10-31T19:55:21+00:00","dateModified":"2025-01-05T14:44:03+00:00","description":"Bestellen Sie das Pesto di Finocchietto Selvatico Artigianale 170g, ideal f\u00fcr Pasta, Fleisch oder als Dip. Reiner, nat\u00fcrlicher Geschmack. Jetzt kaufen!\"","breadcrumb":{"@id":"https:\/\/bottegaitaliana.ch\/product\/pesto-di-finocchietto-selvatico-artigianale-le-tre-castagne-delletna-170g\/#breadcrumb"},"inLanguage":"en-US","potentialAction":[{"@type":"ReadAction","target":["https:\/\/bottegaitaliana.ch\/product\/pesto-di-finocchietto-selvatico-artigianale-le-tre-castagne-delletna-170g\/"]}]},{"@type":"ImageObject","inLanguage":"en-US","@id":"https:\/\/bottegaitaliana.ch\/product\/pesto-di-finocchietto-selvatico-artigianale-le-tre-castagne-delletna-170g\/#primaryimage","url":"https:\/\/bottegaitaliana.ch\/wp-content\/uploads\/2024\/10\/pesto-finocchietto170gr.jpg","contentUrl":"https:\/\/bottegaitaliana.ch\/wp-content\/uploads\/2024\/10\/pesto-finocchietto170gr.jpg","width":1254,"height":1500},{"@type":"BreadcrumbList","@id":"https:\/\/bottegaitaliana.ch\/product\/pesto-di-finocchietto-selvatico-artigianale-le-tre-castagne-delletna-170g\/#breadcrumb","itemListElement":[{"@type":"ListItem","position":1,"name":"Startseite","item":"https:\/\/bottegaitaliana.ch\/"},{"@type":"ListItem","position":2,"name":"Shop","item":"https:\/\/bottegaitaliana.ch\/shop\/"},{"@type":"ListItem","position":3,"name":"Pesto di finocchietto selvatico artigianale, Le Tre Castagne Dell\u2019Etna 170g"}]},{"@type":"WebSite","@id":"https:\/\/bottegaitaliana.ch\/#website","url":"https:\/\/bottegaitaliana.ch\/","name":"Bottega Italiana","description":"&quot;Italien in seiner besten Form \u2013 Direkt zu Ihnen nach Hause.&quot;","publisher":{"@id":"https:\/\/bottegaitaliana.ch\/#organization"},"potentialAction":[{"@type":"SearchAction","target":{"@type":"EntryPoint","urlTemplate":"https:\/\/bottegaitaliana.ch\/?s={search_term_string}"},"query-input":{"@type":"PropertyValueSpecification","valueRequired":true,"valueName":"search_term_string"}}],"inLanguage":"en-US"},{"@type":"Organization","@id":"https:\/\/bottegaitaliana.ch\/#organization","name":"Bottega Italiana","url":"https:\/\/bottegaitaliana.ch\/","logo":{"@type":"ImageObject","inLanguage":"en-US","@id":"https:\/\/bottegaitaliana.ch\/#\/schema\/logo\/image\/","url":"https:\/\/bottegaitaliana.ch\/wp-content\/uploads\/2024\/08\/Logo2024.png","contentUrl":"https:\/\/bottegaitaliana.ch\/wp-content\/uploads\/2024\/08\/Logo2024.png","width":469,"height":87,"caption":"Bottega Italiana"},"image":{"@id":"https:\/\/bottegaitaliana.ch\/#\/schema\/logo\/image\/"}}]}},"_links":{"self":[{"href":"https:\/\/bottegaitaliana.ch\/en\/wp-json\/wp\/v2\/product\/16709","targetHints":{"allow":["GET"]}}],"collection":[{"href":"https:\/\/bottegaitaliana.ch\/en\/wp-json\/wp\/v2\/product"}],"about":[{"href":"https:\/\/bottegaitaliana.ch\/en\/wp-json\/wp\/v2\/types\/product"}],"replies":[{"embeddable":true,"href":"https:\/\/bottegaitaliana.ch\/en\/wp-json\/wp\/v2\/comments?post=16709"}],"version-history":[{"count":5,"href":"https:\/\/bottegaitaliana.ch\/en\/wp-json\/wp\/v2\/product\/16709\/revisions"}],"predecessor-version":[{"id":17161,"href":"https:\/\/bottegaitaliana.ch\/en\/wp-json\/wp\/v2\/product\/16709\/revisions\/17161"}],"wp:featuredmedia":[{"embeddable":true,"href":"https:\/\/bottegaitaliana.ch\/en\/wp-json\/wp\/v2\/media\/16711"}],"wp:attachment":[{"href":"https:\/\/bottegaitaliana.ch\/en\/wp-json\/wp\/v2\/media?parent=16709"}],"wp:term":[{"taxonomy":"product_brand","embeddable":true,"href":"https:\/\/bottegaitaliana.ch\/en\/wp-json\/wp\/v2\/product_brand?post=16709"},{"taxonomy":"product_cat","embeddable":true,"href":"https:\/\/bottegaitaliana.ch\/en\/wp-json\/wp\/v2\/product_cat?post=16709"},{"taxonomy":"product_tag","embeddable":true,"href":"https:\/\/bottegaitaliana.ch\/en\/wp-json\/wp\/v2\/product_tag?post=16709"}],"curies":[{"name":"wp","href":"https:\/\/api.w.org\/{rel}","templated":true}]}}