{"id":16906,"date":"2024-12-13T18:01:23","date_gmt":"2024-12-13T17:01:23","guid":{"rendered":"https:\/\/bottegaitaliana.ch\/?post_type=product&#038;p=16906"},"modified":"2025-01-02T18:00:11","modified_gmt":"2025-01-02T17:00:11","slug":"pate-di-carciofi-170-gr","status":"publish","type":"product","link":"https:\/\/bottegaitaliana.ch\/en\/product\/pate-di-carciofi-170-gr\/","title":{"rendered":"Le Tre Castagne Dell&#8217;Etna, Pat\u00e8 di carciofi 170 gr."},"content":{"rendered":"<p>Eine weiche und umh\u00fcllende Artischocken-Pat\u00e9 mit einem authentischen und raffinierten Geschmack. Sie wird mit ausgew\u00e4hlten Artischocken zubereitet und ist ideal zum Verfeinern von Bruschetta, Crostini oder als Basis f\u00fcr schmackhafte Rezepte. Ihre cremige Textur und ihr delikater Geschmack machen sie zur idealen Bereicherung von Vorspeisen oder zur Kreation einzigartiger Gerichte mit einem Hauch von Originalit\u00e4t. Vielseitig und unwiderstehlich, ist er eine ausgezeichnete Wahl f\u00fcr jeden Anlass.<\/p>","protected":false},"excerpt":{"rendered":"<p>Eine Artischocken-Pat\u00e9, die sich hervorragend auf warmem, ger\u00f6stetem Brot oder als delikate Beilage zu Hauptgerichten geniessen l\u00e4sst.<\/p>","protected":false},"featured_media":16907,"comment_status":"open","ping_status":"closed","template":"","meta":[],"product_brand":[],"product_cat":[125,129],"product_tag":[143,144,134],"class_list":{"0":"post-16906","1":"product","2":"type-product","3":"status-publish","4":"has-post-thumbnail","6":"product_cat-antipasti","7":"product_cat-pate","8":"product_tag-carciofi","9":"product_tag-le-tre-castagne-delletna","10":"product_tag-pate","12":"first","13":"instock","14":"shipping-taxable","15":"purchasable","16":"product-type-simple"},"yoast_head":"<!-- This site is optimized with the Yoast SEO plugin v25.0 - https:\/\/yoast.com\/wordpress\/plugins\/seo\/ -->\n<title>Le Tre Castagne Dell&#039;Etna, Pat\u00e8 di carciofi 170 gr. - Bottega Italiana<\/title>\n<meta name=\"robots\" content=\"index, follow, max-snippet:-1, max-image-preview:large, max-video-preview:-1\" \/>\n<link rel=\"canonical\" href=\"https:\/\/bottegaitaliana.ch\/en\/product\/pate-di-carciofi-170-gr\/\" \/>\n<meta property=\"og:locale\" content=\"en_US\" \/>\n<meta property=\"og:type\" content=\"article\" \/>\n<meta property=\"og:title\" content=\"Le Tre Castagne Dell&#039;Etna, Pat\u00e8 di carciofi 170 gr. - Bottega Italiana\" \/>\n<meta property=\"og:description\" content=\"Eine Artischocken-Pat\u00e9, die sich hervorragend auf warmem, ger\u00f6stetem Brot oder als delikate Beilage zu Hauptgerichten geniessen l\u00e4sst.\" \/>\n<meta property=\"og:url\" content=\"https:\/\/bottegaitaliana.ch\/en\/product\/pate-di-carciofi-170-gr\/\" \/>\n<meta property=\"og:site_name\" content=\"Bottega Italiana\" \/>\n<meta property=\"article:modified_time\" content=\"2025-01-02T17:00:11+00:00\" \/>\n<meta property=\"og:image\" content=\"https:\/\/bottegaitaliana.ch\/wp-content\/uploads\/2024\/12\/47571.jpg\" \/>\n\t<meta property=\"og:image:width\" content=\"2000\" \/>\n\t<meta property=\"og:image:height\" content=\"2000\" \/>\n\t<meta property=\"og:image:type\" content=\"image\/jpeg\" \/>\n<meta name=\"twitter:card\" content=\"summary_large_image\" \/>\n<script type=\"application\/ld+json\" class=\"yoast-schema-graph\">{\"@context\":\"https:\/\/schema.org\",\"@graph\":[{\"@type\":\"WebPage\",\"@id\":\"https:\/\/bottegaitaliana.ch\/product\/pate-di-carciofi-170-gr\/\",\"url\":\"https:\/\/bottegaitaliana.ch\/product\/pate-di-carciofi-170-gr\/\",\"name\":\"Le Tre Castagne Dell'Etna, Pat\u00e8 di carciofi 170 gr. - Bottega Italiana\",\"isPartOf\":{\"@id\":\"https:\/\/bottegaitaliana.ch\/#website\"},\"primaryImageOfPage\":{\"@id\":\"https:\/\/bottegaitaliana.ch\/product\/pate-di-carciofi-170-gr\/#primaryimage\"},\"image\":{\"@id\":\"https:\/\/bottegaitaliana.ch\/product\/pate-di-carciofi-170-gr\/#primaryimage\"},\"thumbnailUrl\":\"https:\/\/bottegaitaliana.ch\/wp-content\/uploads\/2024\/12\/47571.jpg\",\"datePublished\":\"2024-12-13T17:01:23+00:00\",\"dateModified\":\"2025-01-02T17:00:11+00:00\",\"breadcrumb\":{\"@id\":\"https:\/\/bottegaitaliana.ch\/product\/pate-di-carciofi-170-gr\/#breadcrumb\"},\"inLanguage\":\"en-US\",\"potentialAction\":[{\"@type\":\"ReadAction\",\"target\":[\"https:\/\/bottegaitaliana.ch\/product\/pate-di-carciofi-170-gr\/\"]}]},{\"@type\":\"ImageObject\",\"inLanguage\":\"en-US\",\"@id\":\"https:\/\/bottegaitaliana.ch\/product\/pate-di-carciofi-170-gr\/#primaryimage\",\"url\":\"https:\/\/bottegaitaliana.ch\/wp-content\/uploads\/2024\/12\/47571.jpg\",\"contentUrl\":\"https:\/\/bottegaitaliana.ch\/wp-content\/uploads\/2024\/12\/47571.jpg\",\"width\":2000,\"height\":2000},{\"@type\":\"BreadcrumbList\",\"@id\":\"https:\/\/bottegaitaliana.ch\/product\/pate-di-carciofi-170-gr\/#breadcrumb\",\"itemListElement\":[{\"@type\":\"ListItem\",\"position\":1,\"name\":\"Startseite\",\"item\":\"https:\/\/bottegaitaliana.ch\/\"},{\"@type\":\"ListItem\",\"position\":2,\"name\":\"Shop\",\"item\":\"https:\/\/bottegaitaliana.ch\/shop\/\"},{\"@type\":\"ListItem\",\"position\":3,\"name\":\"Le Tre Castagne Dell&#8217;Etna, Pat\u00e8 di carciofi 170 gr.\"}]},{\"@type\":\"WebSite\",\"@id\":\"https:\/\/bottegaitaliana.ch\/#website\",\"url\":\"https:\/\/bottegaitaliana.ch\/\",\"name\":\"Bottega Italiana\",\"description\":\"&quot;Italien in seiner besten Form \u2013 Direkt zu Ihnen nach Hause.&quot;\",\"publisher\":{\"@id\":\"https:\/\/bottegaitaliana.ch\/#organization\"},\"potentialAction\":[{\"@type\":\"SearchAction\",\"target\":{\"@type\":\"EntryPoint\",\"urlTemplate\":\"https:\/\/bottegaitaliana.ch\/?s={search_term_string}\"},\"query-input\":{\"@type\":\"PropertyValueSpecification\",\"valueRequired\":true,\"valueName\":\"search_term_string\"}}],\"inLanguage\":\"en-US\"},{\"@type\":\"Organization\",\"@id\":\"https:\/\/bottegaitaliana.ch\/#organization\",\"name\":\"Bottega Italiana\",\"url\":\"https:\/\/bottegaitaliana.ch\/\",\"logo\":{\"@type\":\"ImageObject\",\"inLanguage\":\"en-US\",\"@id\":\"https:\/\/bottegaitaliana.ch\/#\/schema\/logo\/image\/\",\"url\":\"https:\/\/bottegaitaliana.ch\/wp-content\/uploads\/2024\/08\/Logo2024.png\",\"contentUrl\":\"https:\/\/bottegaitaliana.ch\/wp-content\/uploads\/2024\/08\/Logo2024.png\",\"width\":469,\"height\":87,\"caption\":\"Bottega Italiana\"},\"image\":{\"@id\":\"https:\/\/bottegaitaliana.ch\/#\/schema\/logo\/image\/\"}}]}<\/script>\n<!-- \/ Yoast SEO plugin. -->","yoast_head_json":{"title":"Le Tre Castagne Dell'Etna, Pat\u00e8 di carciofi 170 gr. - Bottega Italiana","robots":{"index":"index","follow":"follow","max-snippet":"max-snippet:-1","max-image-preview":"max-image-preview:large","max-video-preview":"max-video-preview:-1"},"canonical":"https:\/\/bottegaitaliana.ch\/en\/product\/pate-di-carciofi-170-gr\/","og_locale":"en_US","og_type":"article","og_title":"Le Tre Castagne Dell'Etna, Pat\u00e8 di carciofi 170 gr. - Bottega Italiana","og_description":"Eine Artischocken-Pat\u00e9, die sich hervorragend auf warmem, ger\u00f6stetem Brot oder als delikate Beilage zu Hauptgerichten geniessen l\u00e4sst.","og_url":"https:\/\/bottegaitaliana.ch\/en\/product\/pate-di-carciofi-170-gr\/","og_site_name":"Bottega Italiana","article_modified_time":"2025-01-02T17:00:11+00:00","og_image":[{"width":2000,"height":2000,"url":"https:\/\/bottegaitaliana.ch\/wp-content\/uploads\/2024\/12\/47571.jpg","type":"image\/jpeg"}],"twitter_card":"summary_large_image","schema":{"@context":"https:\/\/schema.org","@graph":[{"@type":"WebPage","@id":"https:\/\/bottegaitaliana.ch\/product\/pate-di-carciofi-170-gr\/","url":"https:\/\/bottegaitaliana.ch\/product\/pate-di-carciofi-170-gr\/","name":"Le Tre Castagne Dell'Etna, Pat\u00e8 di carciofi 170 gr. - Bottega Italiana","isPartOf":{"@id":"https:\/\/bottegaitaliana.ch\/#website"},"primaryImageOfPage":{"@id":"https:\/\/bottegaitaliana.ch\/product\/pate-di-carciofi-170-gr\/#primaryimage"},"image":{"@id":"https:\/\/bottegaitaliana.ch\/product\/pate-di-carciofi-170-gr\/#primaryimage"},"thumbnailUrl":"https:\/\/bottegaitaliana.ch\/wp-content\/uploads\/2024\/12\/47571.jpg","datePublished":"2024-12-13T17:01:23+00:00","dateModified":"2025-01-02T17:00:11+00:00","breadcrumb":{"@id":"https:\/\/bottegaitaliana.ch\/product\/pate-di-carciofi-170-gr\/#breadcrumb"},"inLanguage":"en-US","potentialAction":[{"@type":"ReadAction","target":["https:\/\/bottegaitaliana.ch\/product\/pate-di-carciofi-170-gr\/"]}]},{"@type":"ImageObject","inLanguage":"en-US","@id":"https:\/\/bottegaitaliana.ch\/product\/pate-di-carciofi-170-gr\/#primaryimage","url":"https:\/\/bottegaitaliana.ch\/wp-content\/uploads\/2024\/12\/47571.jpg","contentUrl":"https:\/\/bottegaitaliana.ch\/wp-content\/uploads\/2024\/12\/47571.jpg","width":2000,"height":2000},{"@type":"BreadcrumbList","@id":"https:\/\/bottegaitaliana.ch\/product\/pate-di-carciofi-170-gr\/#breadcrumb","itemListElement":[{"@type":"ListItem","position":1,"name":"Startseite","item":"https:\/\/bottegaitaliana.ch\/"},{"@type":"ListItem","position":2,"name":"Shop","item":"https:\/\/bottegaitaliana.ch\/shop\/"},{"@type":"ListItem","position":3,"name":"Le Tre Castagne Dell&#8217;Etna, Pat\u00e8 di carciofi 170 gr."}]},{"@type":"WebSite","@id":"https:\/\/bottegaitaliana.ch\/#website","url":"https:\/\/bottegaitaliana.ch\/","name":"Bottega Italiana","description":"&quot;Italien in seiner besten Form \u2013 Direkt zu Ihnen nach Hause.&quot;","publisher":{"@id":"https:\/\/bottegaitaliana.ch\/#organization"},"potentialAction":[{"@type":"SearchAction","target":{"@type":"EntryPoint","urlTemplate":"https:\/\/bottegaitaliana.ch\/?s={search_term_string}"},"query-input":{"@type":"PropertyValueSpecification","valueRequired":true,"valueName":"search_term_string"}}],"inLanguage":"en-US"},{"@type":"Organization","@id":"https:\/\/bottegaitaliana.ch\/#organization","name":"Bottega Italiana","url":"https:\/\/bottegaitaliana.ch\/","logo":{"@type":"ImageObject","inLanguage":"en-US","@id":"https:\/\/bottegaitaliana.ch\/#\/schema\/logo\/image\/","url":"https:\/\/bottegaitaliana.ch\/wp-content\/uploads\/2024\/08\/Logo2024.png","contentUrl":"https:\/\/bottegaitaliana.ch\/wp-content\/uploads\/2024\/08\/Logo2024.png","width":469,"height":87,"caption":"Bottega Italiana"},"image":{"@id":"https:\/\/bottegaitaliana.ch\/#\/schema\/logo\/image\/"}}]}},"_links":{"self":[{"href":"https:\/\/bottegaitaliana.ch\/en\/wp-json\/wp\/v2\/product\/16906","targetHints":{"allow":["GET"]}}],"collection":[{"href":"https:\/\/bottegaitaliana.ch\/en\/wp-json\/wp\/v2\/product"}],"about":[{"href":"https:\/\/bottegaitaliana.ch\/en\/wp-json\/wp\/v2\/types\/product"}],"replies":[{"embeddable":true,"href":"https:\/\/bottegaitaliana.ch\/en\/wp-json\/wp\/v2\/comments?post=16906"}],"version-history":[{"count":4,"href":"https:\/\/bottegaitaliana.ch\/en\/wp-json\/wp\/v2\/product\/16906\/revisions"}],"predecessor-version":[{"id":16931,"href":"https:\/\/bottegaitaliana.ch\/en\/wp-json\/wp\/v2\/product\/16906\/revisions\/16931"}],"wp:featuredmedia":[{"embeddable":true,"href":"https:\/\/bottegaitaliana.ch\/en\/wp-json\/wp\/v2\/media\/16907"}],"wp:attachment":[{"href":"https:\/\/bottegaitaliana.ch\/en\/wp-json\/wp\/v2\/media?parent=16906"}],"wp:term":[{"taxonomy":"product_brand","embeddable":true,"href":"https:\/\/bottegaitaliana.ch\/en\/wp-json\/wp\/v2\/product_brand?post=16906"},{"taxonomy":"product_cat","embeddable":true,"href":"https:\/\/bottegaitaliana.ch\/en\/wp-json\/wp\/v2\/product_cat?post=16906"},{"taxonomy":"product_tag","embeddable":true,"href":"https:\/\/bottegaitaliana.ch\/en\/wp-json\/wp\/v2\/product_tag?post=16906"}],"curies":[{"name":"wp","href":"https:\/\/api.w.org\/{rel}","templated":true}]}}