{"id":16943,"date":"2024-12-15T15:21:10","date_gmt":"2024-12-15T14:21:10","guid":{"rendered":"https:\/\/bottegaitaliana.ch\/?post_type=product&#038;p=16943"},"modified":"2024-12-15T16:43:00","modified_gmt":"2024-12-15T15:43:00","slug":"confettura-di-pomodori-le-tre-castagne-100-gr","status":"publish","type":"product","link":"https:\/\/bottegaitaliana.ch\/en\/product\/confettura-di-pomodori-le-tre-castagne-100-gr\/","title":{"rendered":"Confettura di Pomodori, Le Tre Castagne Dell&#8217;Etna 100 gr"},"content":{"rendered":"","protected":false},"excerpt":{"rendered":"<p>Entdecken Sie unsere Confettura di Pomodori (Tomatenmarmelade), eine k\u00f6stliche Kombination aus s\u00fcssem und leicht s\u00e4uerlichem Geschmack, hergestellt aus frischen Tomaten und ausgew\u00e4hlten Zutaten. Perfekt zu K\u00e4se, Fleisch oder als originelle Erg\u00e4nzung zu Ihrem Fr\u00fchst\u00fcck und Aperitif. Probieren Sie sie aus und verw\u00f6hnen Sie Ihren Gaumen mit einem einzigartigen und raffinierten Genuss!<\/p>","protected":false},"featured_media":0,"comment_status":"open","ping_status":"closed","template":"","meta":[],"product_brand":[],"product_cat":[125,128,129,130,135,72,80,74],"product_tag":[139,144,153,134],"class_list":{"0":"post-16943","1":"product","2":"type-product","3":"status-publish","5":"product_cat-antipasti","6":"product_cat-gemuese","7":"product_cat-pate","8":"product_cat-spezialitaeten","9":"product_cat-suese-aufstrich-creme","10":"product_cat-lebensmittel","11":"product_cat-saucen","12":"product_cat-diverses","13":"product_tag-crema","14":"product_tag-le-tre-castagne-delletna","15":"product_tag-marmelade","16":"product_tag-pate","18":"first","19":"instock","20":"shipping-taxable","21":"purchasable","22":"product-type-simple"},"yoast_head":"<!-- This site is optimized with the Yoast SEO plugin v25.0 - https:\/\/yoast.com\/wordpress\/plugins\/seo\/ -->\n<title>Confettura di Pomodori, Le Tre Castagne Dell&#039;Etna 100 gr - Bottega Italiana<\/title>\n<meta name=\"robots\" content=\"index, follow, max-snippet:-1, max-image-preview:large, max-video-preview:-1\" \/>\n<link rel=\"canonical\" href=\"https:\/\/bottegaitaliana.ch\/en\/product\/confettura-di-pomodori-le-tre-castagne-100-gr\/\" \/>\n<meta property=\"og:locale\" content=\"en_US\" \/>\n<meta property=\"og:type\" content=\"article\" \/>\n<meta property=\"og:title\" content=\"Confettura di Pomodori, Le Tre Castagne Dell&#039;Etna 100 gr - Bottega Italiana\" \/>\n<meta property=\"og:description\" content=\"Entdecken Sie unsere Confettura di Pomodori (Tomatenmarmelade), eine k\u00f6stliche Kombination aus s\u00fcssem und leicht s\u00e4uerlichem Geschmack, hergestellt aus frischen Tomaten und ausgew\u00e4hlten Zutaten. Perfekt zu K\u00e4se, Fleisch oder als originelle Erg\u00e4nzung zu Ihrem Fr\u00fchst\u00fcck und Aperitif. Probieren Sie sie aus und verw\u00f6hnen Sie Ihren Gaumen mit einem einzigartigen und raffinierten Genuss!\" \/>\n<meta property=\"og:url\" content=\"https:\/\/bottegaitaliana.ch\/en\/product\/confettura-di-pomodori-le-tre-castagne-100-gr\/\" \/>\n<meta property=\"og:site_name\" content=\"Bottega Italiana\" \/>\n<meta property=\"article:modified_time\" content=\"2024-12-15T15:43:00+00:00\" \/>\n<meta name=\"twitter:card\" content=\"summary_large_image\" \/>\n<script type=\"application\/ld+json\" class=\"yoast-schema-graph\">{\"@context\":\"https:\/\/schema.org\",\"@graph\":[{\"@type\":\"WebPage\",\"@id\":\"https:\/\/bottegaitaliana.ch\/product\/confettura-di-pomodori-le-tre-castagne-100-gr\/\",\"url\":\"https:\/\/bottegaitaliana.ch\/product\/confettura-di-pomodori-le-tre-castagne-100-gr\/\",\"name\":\"Confettura di Pomodori, Le Tre Castagne Dell'Etna 100 gr - Bottega Italiana\",\"isPartOf\":{\"@id\":\"https:\/\/bottegaitaliana.ch\/#website\"},\"datePublished\":\"2024-12-15T14:21:10+00:00\",\"dateModified\":\"2024-12-15T15:43:00+00:00\",\"breadcrumb\":{\"@id\":\"https:\/\/bottegaitaliana.ch\/product\/confettura-di-pomodori-le-tre-castagne-100-gr\/#breadcrumb\"},\"inLanguage\":\"en-US\",\"potentialAction\":[{\"@type\":\"ReadAction\",\"target\":[\"https:\/\/bottegaitaliana.ch\/product\/confettura-di-pomodori-le-tre-castagne-100-gr\/\"]}]},{\"@type\":\"BreadcrumbList\",\"@id\":\"https:\/\/bottegaitaliana.ch\/product\/confettura-di-pomodori-le-tre-castagne-100-gr\/#breadcrumb\",\"itemListElement\":[{\"@type\":\"ListItem\",\"position\":1,\"name\":\"Startseite\",\"item\":\"https:\/\/bottegaitaliana.ch\/\"},{\"@type\":\"ListItem\",\"position\":2,\"name\":\"Shop\",\"item\":\"https:\/\/bottegaitaliana.ch\/shop\/\"},{\"@type\":\"ListItem\",\"position\":3,\"name\":\"Confettura di Pomodori, Le Tre Castagne Dell&#8217;Etna 100 gr\"}]},{\"@type\":\"WebSite\",\"@id\":\"https:\/\/bottegaitaliana.ch\/#website\",\"url\":\"https:\/\/bottegaitaliana.ch\/\",\"name\":\"Bottega Italiana\",\"description\":\"&quot;Italien in seiner besten Form \u2013 Direkt zu Ihnen nach Hause.&quot;\",\"publisher\":{\"@id\":\"https:\/\/bottegaitaliana.ch\/#organization\"},\"potentialAction\":[{\"@type\":\"SearchAction\",\"target\":{\"@type\":\"EntryPoint\",\"urlTemplate\":\"https:\/\/bottegaitaliana.ch\/?s={search_term_string}\"},\"query-input\":{\"@type\":\"PropertyValueSpecification\",\"valueRequired\":true,\"valueName\":\"search_term_string\"}}],\"inLanguage\":\"en-US\"},{\"@type\":\"Organization\",\"@id\":\"https:\/\/bottegaitaliana.ch\/#organization\",\"name\":\"Bottega Italiana\",\"url\":\"https:\/\/bottegaitaliana.ch\/\",\"logo\":{\"@type\":\"ImageObject\",\"inLanguage\":\"en-US\",\"@id\":\"https:\/\/bottegaitaliana.ch\/#\/schema\/logo\/image\/\",\"url\":\"https:\/\/bottegaitaliana.ch\/wp-content\/uploads\/2024\/08\/Logo2024.png\",\"contentUrl\":\"https:\/\/bottegaitaliana.ch\/wp-content\/uploads\/2024\/08\/Logo2024.png\",\"width\":469,\"height\":87,\"caption\":\"Bottega Italiana\"},\"image\":{\"@id\":\"https:\/\/bottegaitaliana.ch\/#\/schema\/logo\/image\/\"}}]}<\/script>\n<!-- \/ Yoast SEO plugin. -->","yoast_head_json":{"title":"Confettura di Pomodori, Le Tre Castagne Dell'Etna 100 gr - Bottega Italiana","robots":{"index":"index","follow":"follow","max-snippet":"max-snippet:-1","max-image-preview":"max-image-preview:large","max-video-preview":"max-video-preview:-1"},"canonical":"https:\/\/bottegaitaliana.ch\/en\/product\/confettura-di-pomodori-le-tre-castagne-100-gr\/","og_locale":"en_US","og_type":"article","og_title":"Confettura di Pomodori, Le Tre Castagne Dell'Etna 100 gr - Bottega Italiana","og_description":"Entdecken Sie unsere Confettura di Pomodori (Tomatenmarmelade), eine k\u00f6stliche Kombination aus s\u00fcssem und leicht s\u00e4uerlichem Geschmack, hergestellt aus frischen Tomaten und ausgew\u00e4hlten Zutaten. Perfekt zu K\u00e4se, Fleisch oder als originelle Erg\u00e4nzung zu Ihrem Fr\u00fchst\u00fcck und Aperitif. Probieren Sie sie aus und verw\u00f6hnen Sie Ihren Gaumen mit einem einzigartigen und raffinierten Genuss!","og_url":"https:\/\/bottegaitaliana.ch\/en\/product\/confettura-di-pomodori-le-tre-castagne-100-gr\/","og_site_name":"Bottega Italiana","article_modified_time":"2024-12-15T15:43:00+00:00","twitter_card":"summary_large_image","schema":{"@context":"https:\/\/schema.org","@graph":[{"@type":"WebPage","@id":"https:\/\/bottegaitaliana.ch\/product\/confettura-di-pomodori-le-tre-castagne-100-gr\/","url":"https:\/\/bottegaitaliana.ch\/product\/confettura-di-pomodori-le-tre-castagne-100-gr\/","name":"Confettura di Pomodori, Le Tre Castagne Dell'Etna 100 gr - Bottega Italiana","isPartOf":{"@id":"https:\/\/bottegaitaliana.ch\/#website"},"datePublished":"2024-12-15T14:21:10+00:00","dateModified":"2024-12-15T15:43:00+00:00","breadcrumb":{"@id":"https:\/\/bottegaitaliana.ch\/product\/confettura-di-pomodori-le-tre-castagne-100-gr\/#breadcrumb"},"inLanguage":"en-US","potentialAction":[{"@type":"ReadAction","target":["https:\/\/bottegaitaliana.ch\/product\/confettura-di-pomodori-le-tre-castagne-100-gr\/"]}]},{"@type":"BreadcrumbList","@id":"https:\/\/bottegaitaliana.ch\/product\/confettura-di-pomodori-le-tre-castagne-100-gr\/#breadcrumb","itemListElement":[{"@type":"ListItem","position":1,"name":"Startseite","item":"https:\/\/bottegaitaliana.ch\/"},{"@type":"ListItem","position":2,"name":"Shop","item":"https:\/\/bottegaitaliana.ch\/shop\/"},{"@type":"ListItem","position":3,"name":"Confettura di Pomodori, Le Tre Castagne Dell&#8217;Etna 100 gr"}]},{"@type":"WebSite","@id":"https:\/\/bottegaitaliana.ch\/#website","url":"https:\/\/bottegaitaliana.ch\/","name":"Bottega Italiana","description":"&quot;Italien in seiner besten Form \u2013 Direkt zu Ihnen nach Hause.&quot;","publisher":{"@id":"https:\/\/bottegaitaliana.ch\/#organization"},"potentialAction":[{"@type":"SearchAction","target":{"@type":"EntryPoint","urlTemplate":"https:\/\/bottegaitaliana.ch\/?s={search_term_string}"},"query-input":{"@type":"PropertyValueSpecification","valueRequired":true,"valueName":"search_term_string"}}],"inLanguage":"en-US"},{"@type":"Organization","@id":"https:\/\/bottegaitaliana.ch\/#organization","name":"Bottega Italiana","url":"https:\/\/bottegaitaliana.ch\/","logo":{"@type":"ImageObject","inLanguage":"en-US","@id":"https:\/\/bottegaitaliana.ch\/#\/schema\/logo\/image\/","url":"https:\/\/bottegaitaliana.ch\/wp-content\/uploads\/2024\/08\/Logo2024.png","contentUrl":"https:\/\/bottegaitaliana.ch\/wp-content\/uploads\/2024\/08\/Logo2024.png","width":469,"height":87,"caption":"Bottega Italiana"},"image":{"@id":"https:\/\/bottegaitaliana.ch\/#\/schema\/logo\/image\/"}}]}},"_links":{"self":[{"href":"https:\/\/bottegaitaliana.ch\/en\/wp-json\/wp\/v2\/product\/16943","targetHints":{"allow":["GET"]}}],"collection":[{"href":"https:\/\/bottegaitaliana.ch\/en\/wp-json\/wp\/v2\/product"}],"about":[{"href":"https:\/\/bottegaitaliana.ch\/en\/wp-json\/wp\/v2\/types\/product"}],"replies":[{"embeddable":true,"href":"https:\/\/bottegaitaliana.ch\/en\/wp-json\/wp\/v2\/comments?post=16943"}],"version-history":[{"count":3,"href":"https:\/\/bottegaitaliana.ch\/en\/wp-json\/wp\/v2\/product\/16943\/revisions"}],"predecessor-version":[{"id":16966,"href":"https:\/\/bottegaitaliana.ch\/en\/wp-json\/wp\/v2\/product\/16943\/revisions\/16966"}],"wp:attachment":[{"href":"https:\/\/bottegaitaliana.ch\/en\/wp-json\/wp\/v2\/media?parent=16943"}],"wp:term":[{"taxonomy":"product_brand","embeddable":true,"href":"https:\/\/bottegaitaliana.ch\/en\/wp-json\/wp\/v2\/product_brand?post=16943"},{"taxonomy":"product_cat","embeddable":true,"href":"https:\/\/bottegaitaliana.ch\/en\/wp-json\/wp\/v2\/product_cat?post=16943"},{"taxonomy":"product_tag","embeddable":true,"href":"https:\/\/bottegaitaliana.ch\/en\/wp-json\/wp\/v2\/product_tag?post=16943"}],"curies":[{"name":"wp","href":"https:\/\/api.w.org\/{rel}","templated":true}]}}