{"id":16951,"date":"2024-12-15T15:34:23","date_gmt":"2024-12-15T14:34:23","guid":{"rendered":"https:\/\/bottegaitaliana.ch\/?post_type=product&#038;p=16951"},"modified":"2024-12-15T15:54:16","modified_gmt":"2024-12-15T14:54:16","slug":"caponata-alla-siciliana-le-tre-castagne-290-gr-kopie","status":"publish","type":"product","link":"https:\/\/bottegaitaliana.ch\/en\/product\/caponata-alla-siciliana-le-tre-castagne-290-gr-kopie\/","title":{"rendered":"Caponata Alla Siciliana, Le tre Castagne 290 gr"},"content":{"rendered":"<p>Entdecken Sie unsere Caponata Alla Siciliana, ein traditionelles Gericht aus frischem Gem\u00fcse wie Auberginen, Tomaten, Sellerie und Oliven, verfeinert mit einem ausgewogenen s\u00fcss-sauren Geschmack. Perfekt als Vorspeise, Beilage oder zu ger\u00f6stetem Brot. Ein authentisches Rezept, das den Geschmack Siziliens direkt auf Ihren Tisch bringt!<\/p>","protected":false},"excerpt":{"rendered":"<p>Perfekt als Vorspeise, Beilage oder zu ger\u00f6stetem Brot. Ein authentisches Rezept, das den Geschmack Siziliens direkt auf Ihren Tisch bringt!<\/p>","protected":false},"featured_media":16952,"comment_status":"open","ping_status":"closed","template":"","meta":[],"product_brand":[],"product_cat":[125,128,129,130,72,80,74],"product_tag":[146,144,149],"class_list":{"0":"post-16951","1":"product","2":"type-product","3":"status-publish","4":"has-post-thumbnail","6":"product_cat-antipasti","7":"product_cat-gemuese","8":"product_cat-pate","9":"product_cat-spezialitaeten","10":"product_cat-lebensmittel","11":"product_cat-saucen","12":"product_cat-diverses","13":"product_tag-antipasto","14":"product_tag-le-tre-castagne-delletna","15":"product_tag-sauce","17":"first","18":"instock","19":"shipping-taxable","20":"purchasable","21":"product-type-simple"},"yoast_head":"<!-- This site is optimized with the Yoast SEO plugin v25.0 - https:\/\/yoast.com\/wordpress\/plugins\/seo\/ -->\n<title>Caponata Alla Siciliana, Le tre Castagne 290 gr - Bottega Italiana<\/title>\n<meta name=\"robots\" content=\"index, follow, max-snippet:-1, max-image-preview:large, max-video-preview:-1\" \/>\n<link rel=\"canonical\" href=\"https:\/\/bottegaitaliana.ch\/en\/product\/caponata-alla-siciliana-le-tre-castagne-290-gr-kopie\/\" \/>\n<meta property=\"og:locale\" content=\"en_US\" \/>\n<meta property=\"og:type\" content=\"article\" \/>\n<meta property=\"og:title\" content=\"Caponata Alla Siciliana, Le tre Castagne 290 gr - Bottega Italiana\" \/>\n<meta property=\"og:description\" content=\"Perfekt als Vorspeise, Beilage oder zu ger\u00f6stetem Brot. Ein authentisches Rezept, das den Geschmack Siziliens direkt auf Ihren Tisch bringt!\" \/>\n<meta property=\"og:url\" content=\"https:\/\/bottegaitaliana.ch\/en\/product\/caponata-alla-siciliana-le-tre-castagne-290-gr-kopie\/\" \/>\n<meta property=\"og:site_name\" content=\"Bottega Italiana\" \/>\n<meta property=\"article:modified_time\" content=\"2024-12-15T14:54:16+00:00\" \/>\n<meta property=\"og:image\" content=\"https:\/\/bottegaitaliana.ch\/wp-content\/uploads\/2024\/12\/Caponata-alla-siciliana-200gr.jpg\" \/>\n\t<meta property=\"og:image:width\" content=\"768\" \/>\n\t<meta property=\"og:image:height\" content=\"662\" \/>\n\t<meta property=\"og:image:type\" content=\"image\/jpeg\" \/>\n<meta name=\"twitter:card\" content=\"summary_large_image\" \/>\n<script type=\"application\/ld+json\" class=\"yoast-schema-graph\">{\"@context\":\"https:\/\/schema.org\",\"@graph\":[{\"@type\":\"WebPage\",\"@id\":\"https:\/\/bottegaitaliana.ch\/product\/caponata-alla-siciliana-le-tre-castagne-290-gr-kopie\/\",\"url\":\"https:\/\/bottegaitaliana.ch\/product\/caponata-alla-siciliana-le-tre-castagne-290-gr-kopie\/\",\"name\":\"Caponata Alla Siciliana, Le tre Castagne 290 gr - Bottega Italiana\",\"isPartOf\":{\"@id\":\"https:\/\/bottegaitaliana.ch\/#website\"},\"primaryImageOfPage\":{\"@id\":\"https:\/\/bottegaitaliana.ch\/product\/caponata-alla-siciliana-le-tre-castagne-290-gr-kopie\/#primaryimage\"},\"image\":{\"@id\":\"https:\/\/bottegaitaliana.ch\/product\/caponata-alla-siciliana-le-tre-castagne-290-gr-kopie\/#primaryimage\"},\"thumbnailUrl\":\"https:\/\/bottegaitaliana.ch\/wp-content\/uploads\/2024\/12\/Caponata-alla-siciliana-200gr.jpg\",\"datePublished\":\"2024-12-15T14:34:23+00:00\",\"dateModified\":\"2024-12-15T14:54:16+00:00\",\"breadcrumb\":{\"@id\":\"https:\/\/bottegaitaliana.ch\/product\/caponata-alla-siciliana-le-tre-castagne-290-gr-kopie\/#breadcrumb\"},\"inLanguage\":\"en-US\",\"potentialAction\":[{\"@type\":\"ReadAction\",\"target\":[\"https:\/\/bottegaitaliana.ch\/product\/caponata-alla-siciliana-le-tre-castagne-290-gr-kopie\/\"]}]},{\"@type\":\"ImageObject\",\"inLanguage\":\"en-US\",\"@id\":\"https:\/\/bottegaitaliana.ch\/product\/caponata-alla-siciliana-le-tre-castagne-290-gr-kopie\/#primaryimage\",\"url\":\"https:\/\/bottegaitaliana.ch\/wp-content\/uploads\/2024\/12\/Caponata-alla-siciliana-200gr.jpg\",\"contentUrl\":\"https:\/\/bottegaitaliana.ch\/wp-content\/uploads\/2024\/12\/Caponata-alla-siciliana-200gr.jpg\",\"width\":768,\"height\":662},{\"@type\":\"BreadcrumbList\",\"@id\":\"https:\/\/bottegaitaliana.ch\/product\/caponata-alla-siciliana-le-tre-castagne-290-gr-kopie\/#breadcrumb\",\"itemListElement\":[{\"@type\":\"ListItem\",\"position\":1,\"name\":\"Startseite\",\"item\":\"https:\/\/bottegaitaliana.ch\/\"},{\"@type\":\"ListItem\",\"position\":2,\"name\":\"Shop\",\"item\":\"https:\/\/bottegaitaliana.ch\/shop\/\"},{\"@type\":\"ListItem\",\"position\":3,\"name\":\"Caponata Alla Siciliana, Le tre Castagne 290 gr\"}]},{\"@type\":\"WebSite\",\"@id\":\"https:\/\/bottegaitaliana.ch\/#website\",\"url\":\"https:\/\/bottegaitaliana.ch\/\",\"name\":\"Bottega Italiana\",\"description\":\"&quot;Italien in seiner besten Form \u2013 Direkt zu Ihnen nach Hause.&quot;\",\"publisher\":{\"@id\":\"https:\/\/bottegaitaliana.ch\/#organization\"},\"potentialAction\":[{\"@type\":\"SearchAction\",\"target\":{\"@type\":\"EntryPoint\",\"urlTemplate\":\"https:\/\/bottegaitaliana.ch\/?s={search_term_string}\"},\"query-input\":{\"@type\":\"PropertyValueSpecification\",\"valueRequired\":true,\"valueName\":\"search_term_string\"}}],\"inLanguage\":\"en-US\"},{\"@type\":\"Organization\",\"@id\":\"https:\/\/bottegaitaliana.ch\/#organization\",\"name\":\"Bottega Italiana\",\"url\":\"https:\/\/bottegaitaliana.ch\/\",\"logo\":{\"@type\":\"ImageObject\",\"inLanguage\":\"en-US\",\"@id\":\"https:\/\/bottegaitaliana.ch\/#\/schema\/logo\/image\/\",\"url\":\"https:\/\/bottegaitaliana.ch\/wp-content\/uploads\/2024\/08\/Logo2024.png\",\"contentUrl\":\"https:\/\/bottegaitaliana.ch\/wp-content\/uploads\/2024\/08\/Logo2024.png\",\"width\":469,\"height\":87,\"caption\":\"Bottega Italiana\"},\"image\":{\"@id\":\"https:\/\/bottegaitaliana.ch\/#\/schema\/logo\/image\/\"}}]}<\/script>\n<!-- \/ Yoast SEO plugin. -->","yoast_head_json":{"title":"Caponata Alla Siciliana, Le tre Castagne 290 gr - Bottega Italiana","robots":{"index":"index","follow":"follow","max-snippet":"max-snippet:-1","max-image-preview":"max-image-preview:large","max-video-preview":"max-video-preview:-1"},"canonical":"https:\/\/bottegaitaliana.ch\/en\/product\/caponata-alla-siciliana-le-tre-castagne-290-gr-kopie\/","og_locale":"en_US","og_type":"article","og_title":"Caponata Alla Siciliana, Le tre Castagne 290 gr - Bottega Italiana","og_description":"Perfekt als Vorspeise, Beilage oder zu ger\u00f6stetem Brot. Ein authentisches Rezept, das den Geschmack Siziliens direkt auf Ihren Tisch bringt!","og_url":"https:\/\/bottegaitaliana.ch\/en\/product\/caponata-alla-siciliana-le-tre-castagne-290-gr-kopie\/","og_site_name":"Bottega Italiana","article_modified_time":"2024-12-15T14:54:16+00:00","og_image":[{"width":768,"height":662,"url":"https:\/\/bottegaitaliana.ch\/wp-content\/uploads\/2024\/12\/Caponata-alla-siciliana-200gr.jpg","type":"image\/jpeg"}],"twitter_card":"summary_large_image","schema":{"@context":"https:\/\/schema.org","@graph":[{"@type":"WebPage","@id":"https:\/\/bottegaitaliana.ch\/product\/caponata-alla-siciliana-le-tre-castagne-290-gr-kopie\/","url":"https:\/\/bottegaitaliana.ch\/product\/caponata-alla-siciliana-le-tre-castagne-290-gr-kopie\/","name":"Caponata Alla Siciliana, Le tre Castagne 290 gr - Bottega Italiana","isPartOf":{"@id":"https:\/\/bottegaitaliana.ch\/#website"},"primaryImageOfPage":{"@id":"https:\/\/bottegaitaliana.ch\/product\/caponata-alla-siciliana-le-tre-castagne-290-gr-kopie\/#primaryimage"},"image":{"@id":"https:\/\/bottegaitaliana.ch\/product\/caponata-alla-siciliana-le-tre-castagne-290-gr-kopie\/#primaryimage"},"thumbnailUrl":"https:\/\/bottegaitaliana.ch\/wp-content\/uploads\/2024\/12\/Caponata-alla-siciliana-200gr.jpg","datePublished":"2024-12-15T14:34:23+00:00","dateModified":"2024-12-15T14:54:16+00:00","breadcrumb":{"@id":"https:\/\/bottegaitaliana.ch\/product\/caponata-alla-siciliana-le-tre-castagne-290-gr-kopie\/#breadcrumb"},"inLanguage":"en-US","potentialAction":[{"@type":"ReadAction","target":["https:\/\/bottegaitaliana.ch\/product\/caponata-alla-siciliana-le-tre-castagne-290-gr-kopie\/"]}]},{"@type":"ImageObject","inLanguage":"en-US","@id":"https:\/\/bottegaitaliana.ch\/product\/caponata-alla-siciliana-le-tre-castagne-290-gr-kopie\/#primaryimage","url":"https:\/\/bottegaitaliana.ch\/wp-content\/uploads\/2024\/12\/Caponata-alla-siciliana-200gr.jpg","contentUrl":"https:\/\/bottegaitaliana.ch\/wp-content\/uploads\/2024\/12\/Caponata-alla-siciliana-200gr.jpg","width":768,"height":662},{"@type":"BreadcrumbList","@id":"https:\/\/bottegaitaliana.ch\/product\/caponata-alla-siciliana-le-tre-castagne-290-gr-kopie\/#breadcrumb","itemListElement":[{"@type":"ListItem","position":1,"name":"Startseite","item":"https:\/\/bottegaitaliana.ch\/"},{"@type":"ListItem","position":2,"name":"Shop","item":"https:\/\/bottegaitaliana.ch\/shop\/"},{"@type":"ListItem","position":3,"name":"Caponata Alla Siciliana, Le tre Castagne 290 gr"}]},{"@type":"WebSite","@id":"https:\/\/bottegaitaliana.ch\/#website","url":"https:\/\/bottegaitaliana.ch\/","name":"Bottega Italiana","description":"&quot;Italien in seiner besten Form \u2013 Direkt zu Ihnen nach Hause.&quot;","publisher":{"@id":"https:\/\/bottegaitaliana.ch\/#organization"},"potentialAction":[{"@type":"SearchAction","target":{"@type":"EntryPoint","urlTemplate":"https:\/\/bottegaitaliana.ch\/?s={search_term_string}"},"query-input":{"@type":"PropertyValueSpecification","valueRequired":true,"valueName":"search_term_string"}}],"inLanguage":"en-US"},{"@type":"Organization","@id":"https:\/\/bottegaitaliana.ch\/#organization","name":"Bottega Italiana","url":"https:\/\/bottegaitaliana.ch\/","logo":{"@type":"ImageObject","inLanguage":"en-US","@id":"https:\/\/bottegaitaliana.ch\/#\/schema\/logo\/image\/","url":"https:\/\/bottegaitaliana.ch\/wp-content\/uploads\/2024\/08\/Logo2024.png","contentUrl":"https:\/\/bottegaitaliana.ch\/wp-content\/uploads\/2024\/08\/Logo2024.png","width":469,"height":87,"caption":"Bottega Italiana"},"image":{"@id":"https:\/\/bottegaitaliana.ch\/#\/schema\/logo\/image\/"}}]}},"_links":{"self":[{"href":"https:\/\/bottegaitaliana.ch\/en\/wp-json\/wp\/v2\/product\/16951","targetHints":{"allow":["GET"]}}],"collection":[{"href":"https:\/\/bottegaitaliana.ch\/en\/wp-json\/wp\/v2\/product"}],"about":[{"href":"https:\/\/bottegaitaliana.ch\/en\/wp-json\/wp\/v2\/types\/product"}],"replies":[{"embeddable":true,"href":"https:\/\/bottegaitaliana.ch\/en\/wp-json\/wp\/v2\/comments?post=16951"}],"version-history":[{"count":1,"href":"https:\/\/bottegaitaliana.ch\/en\/wp-json\/wp\/v2\/product\/16951\/revisions"}],"predecessor-version":[{"id":16953,"href":"https:\/\/bottegaitaliana.ch\/en\/wp-json\/wp\/v2\/product\/16951\/revisions\/16953"}],"wp:featuredmedia":[{"embeddable":true,"href":"https:\/\/bottegaitaliana.ch\/en\/wp-json\/wp\/v2\/media\/16952"}],"wp:attachment":[{"href":"https:\/\/bottegaitaliana.ch\/en\/wp-json\/wp\/v2\/media?parent=16951"}],"wp:term":[{"taxonomy":"product_brand","embeddable":true,"href":"https:\/\/bottegaitaliana.ch\/en\/wp-json\/wp\/v2\/product_brand?post=16951"},{"taxonomy":"product_cat","embeddable":true,"href":"https:\/\/bottegaitaliana.ch\/en\/wp-json\/wp\/v2\/product_cat?post=16951"},{"taxonomy":"product_tag","embeddable":true,"href":"https:\/\/bottegaitaliana.ch\/en\/wp-json\/wp\/v2\/product_tag?post=16951"}],"curies":[{"name":"wp","href":"https:\/\/api.w.org\/{rel}","templated":true}]}}