{"id":16957,"date":"2024-12-15T16:26:15","date_gmt":"2024-12-15T15:26:15","guid":{"rendered":"https:\/\/bottegaitaliana.ch\/?post_type=product&#038;p=16957"},"modified":"2024-12-15T18:19:00","modified_gmt":"2024-12-15T17:19:00","slug":"confettura-extra-di-fichi-di-sicilia-le-tre-castagne-delletna-250-gr","status":"publish","type":"product","link":"https:\/\/bottegaitaliana.ch\/en\/product\/confettura-extra-di-fichi-di-sicilia-le-tre-castagne-delletna-250-gr\/","title":{"rendered":"Confettura extra di Fichi di Sicilia Le Tre Castagne Dell&#8217;Etna 250 gr."},"content":{"rendered":"<p>Konfit\u00fcre aus extra sizilianischen Feigen, hergestellt aus sorgf\u00e4ltig ausgew\u00e4hlten, frischen sizilianischen Fr\u00fcchten und unter Anwendung eines Kochverfahrens, das die ern\u00e4hrungsphysiologischen Eigenschaften und Merkmale der Fr\u00fcchte respektiert und die Nutzung ihres nat\u00fcrlichen Zuckers erm\u00f6glicht, so dass weniger Zucker hinzugef\u00fcgt wird.<\/p>\n<p>Produkt ohne Konservierungsstoffe und k\u00fcnstliche Farbstoffe und glutenfrei.<\/p>\n<p>Hervorragend zum Fr\u00fchst\u00fcck und als Zwischenmahlzeit zu genie\u00dfen. Ideal f\u00fcr Desserts und als Beilage zu Wurstwaren und K\u00e4se<\/p>","protected":false},"excerpt":{"rendered":"<p>Extra sizilianische Feigenkonfit\u00fcre aus sorgf\u00e4ltig ausgew\u00e4hlten frischen sizilianischen Fr\u00fcchten. 250 g-Glas.<\/p>\n<p>Produkt ohne Konservierungsstoffe und k\u00fcnstliche Farbstoffe und glutenfrei.<\/p>\n<p>Hervorragend zum Fr\u00fchst\u00fcck und als Zwischenmahlzeit zu genie\u00dfen. Ideal f\u00fcr Desserts und als Beilage zu Wurstwaren und K\u00e4se<\/p>","protected":false},"featured_media":16958,"comment_status":"open","ping_status":"closed","template":"","meta":[],"product_brand":[],"product_cat":[125,129,130,135,72,81,74],"product_tag":[146,144,153,134,152],"class_list":{"0":"post-16957","1":"product","2":"type-product","3":"status-publish","4":"has-post-thumbnail","6":"product_cat-antipasti","7":"product_cat-pate","8":"product_cat-spezialitaeten","9":"product_cat-suese-aufstrich-creme","10":"product_cat-lebensmittel","11":"product_cat-suesses-snacks","12":"product_cat-diverses","13":"product_tag-antipasto","14":"product_tag-le-tre-castagne-delletna","15":"product_tag-marmelade","16":"product_tag-pate","17":"product_tag-spezialitaeten","19":"first","20":"instock","21":"shipping-taxable","22":"purchasable","23":"product-type-simple"},"yoast_head":"<!-- This site is optimized with the Yoast SEO plugin v25.0 - https:\/\/yoast.com\/wordpress\/plugins\/seo\/ -->\n<title>Confettura extra di Fichi di Sicilia Le Tre Castagne Dell&#039;Etna 250 gr. - Bottega Italiana<\/title>\n<meta name=\"robots\" content=\"index, follow, max-snippet:-1, max-image-preview:large, max-video-preview:-1\" \/>\n<link rel=\"canonical\" href=\"https:\/\/bottegaitaliana.ch\/en\/product\/confettura-extra-di-fichi-di-sicilia-le-tre-castagne-delletna-250-gr\/\" \/>\n<meta property=\"og:locale\" content=\"en_US\" \/>\n<meta property=\"og:type\" content=\"article\" \/>\n<meta property=\"og:title\" content=\"Confettura extra di Fichi di Sicilia Le Tre Castagne Dell&#039;Etna 250 gr. - Bottega Italiana\" \/>\n<meta property=\"og:description\" content=\"Extra sizilianische Feigenkonfit\u00fcre aus sorgf\u00e4ltig ausgew\u00e4hlten frischen sizilianischen Fr\u00fcchten. 250 g-Glas.  Produkt ohne Konservierungsstoffe und k\u00fcnstliche Farbstoffe und glutenfrei.  Hervorragend zum Fr\u00fchst\u00fcck und als Zwischenmahlzeit zu genie\u00dfen. Ideal f\u00fcr Desserts und als Beilage zu Wurstwaren und K\u00e4se\" \/>\n<meta property=\"og:url\" content=\"https:\/\/bottegaitaliana.ch\/en\/product\/confettura-extra-di-fichi-di-sicilia-le-tre-castagne-delletna-250-gr\/\" \/>\n<meta property=\"og:site_name\" content=\"Bottega Italiana\" \/>\n<meta property=\"article:modified_time\" content=\"2024-12-15T17:19:00+00:00\" \/>\n<meta property=\"og:image\" content=\"https:\/\/bottegaitaliana.ch\/wp-content\/uploads\/2024\/12\/fichi-Confettura.png\" \/>\n\t<meta property=\"og:image:width\" content=\"635\" \/>\n\t<meta property=\"og:image:height\" content=\"766\" \/>\n\t<meta property=\"og:image:type\" content=\"image\/png\" \/>\n<meta name=\"twitter:card\" content=\"summary_large_image\" \/>\n<script type=\"application\/ld+json\" class=\"yoast-schema-graph\">{\"@context\":\"https:\/\/schema.org\",\"@graph\":[{\"@type\":\"WebPage\",\"@id\":\"https:\/\/bottegaitaliana.ch\/product\/confettura-extra-di-fichi-di-sicilia-le-tre-castagne-delletna-250-gr\/\",\"url\":\"https:\/\/bottegaitaliana.ch\/product\/confettura-extra-di-fichi-di-sicilia-le-tre-castagne-delletna-250-gr\/\",\"name\":\"Confettura extra di Fichi di Sicilia Le Tre Castagne Dell'Etna 250 gr. - Bottega Italiana\",\"isPartOf\":{\"@id\":\"https:\/\/bottegaitaliana.ch\/#website\"},\"primaryImageOfPage\":{\"@id\":\"https:\/\/bottegaitaliana.ch\/product\/confettura-extra-di-fichi-di-sicilia-le-tre-castagne-delletna-250-gr\/#primaryimage\"},\"image\":{\"@id\":\"https:\/\/bottegaitaliana.ch\/product\/confettura-extra-di-fichi-di-sicilia-le-tre-castagne-delletna-250-gr\/#primaryimage\"},\"thumbnailUrl\":\"https:\/\/bottegaitaliana.ch\/wp-content\/uploads\/2024\/12\/fichi-Confettura.png\",\"datePublished\":\"2024-12-15T15:26:15+00:00\",\"dateModified\":\"2024-12-15T17:19:00+00:00\",\"breadcrumb\":{\"@id\":\"https:\/\/bottegaitaliana.ch\/product\/confettura-extra-di-fichi-di-sicilia-le-tre-castagne-delletna-250-gr\/#breadcrumb\"},\"inLanguage\":\"en-US\",\"potentialAction\":[{\"@type\":\"ReadAction\",\"target\":[\"https:\/\/bottegaitaliana.ch\/product\/confettura-extra-di-fichi-di-sicilia-le-tre-castagne-delletna-250-gr\/\"]}]},{\"@type\":\"ImageObject\",\"inLanguage\":\"en-US\",\"@id\":\"https:\/\/bottegaitaliana.ch\/product\/confettura-extra-di-fichi-di-sicilia-le-tre-castagne-delletna-250-gr\/#primaryimage\",\"url\":\"https:\/\/bottegaitaliana.ch\/wp-content\/uploads\/2024\/12\/fichi-Confettura.png\",\"contentUrl\":\"https:\/\/bottegaitaliana.ch\/wp-content\/uploads\/2024\/12\/fichi-Confettura.png\",\"width\":635,\"height\":766},{\"@type\":\"BreadcrumbList\",\"@id\":\"https:\/\/bottegaitaliana.ch\/product\/confettura-extra-di-fichi-di-sicilia-le-tre-castagne-delletna-250-gr\/#breadcrumb\",\"itemListElement\":[{\"@type\":\"ListItem\",\"position\":1,\"name\":\"Startseite\",\"item\":\"https:\/\/bottegaitaliana.ch\/\"},{\"@type\":\"ListItem\",\"position\":2,\"name\":\"Shop\",\"item\":\"https:\/\/bottegaitaliana.ch\/shop\/\"},{\"@type\":\"ListItem\",\"position\":3,\"name\":\"Confettura extra di Fichi di Sicilia Le Tre Castagne Dell&#8217;Etna 250 gr.\"}]},{\"@type\":\"WebSite\",\"@id\":\"https:\/\/bottegaitaliana.ch\/#website\",\"url\":\"https:\/\/bottegaitaliana.ch\/\",\"name\":\"Bottega Italiana\",\"description\":\"&quot;Italien in seiner besten Form \u2013 Direkt zu Ihnen nach Hause.&quot;\",\"publisher\":{\"@id\":\"https:\/\/bottegaitaliana.ch\/#organization\"},\"potentialAction\":[{\"@type\":\"SearchAction\",\"target\":{\"@type\":\"EntryPoint\",\"urlTemplate\":\"https:\/\/bottegaitaliana.ch\/?s={search_term_string}\"},\"query-input\":{\"@type\":\"PropertyValueSpecification\",\"valueRequired\":true,\"valueName\":\"search_term_string\"}}],\"inLanguage\":\"en-US\"},{\"@type\":\"Organization\",\"@id\":\"https:\/\/bottegaitaliana.ch\/#organization\",\"name\":\"Bottega Italiana\",\"url\":\"https:\/\/bottegaitaliana.ch\/\",\"logo\":{\"@type\":\"ImageObject\",\"inLanguage\":\"en-US\",\"@id\":\"https:\/\/bottegaitaliana.ch\/#\/schema\/logo\/image\/\",\"url\":\"https:\/\/bottegaitaliana.ch\/wp-content\/uploads\/2024\/08\/Logo2024.png\",\"contentUrl\":\"https:\/\/bottegaitaliana.ch\/wp-content\/uploads\/2024\/08\/Logo2024.png\",\"width\":469,\"height\":87,\"caption\":\"Bottega Italiana\"},\"image\":{\"@id\":\"https:\/\/bottegaitaliana.ch\/#\/schema\/logo\/image\/\"}}]}<\/script>\n<!-- \/ Yoast SEO plugin. -->","yoast_head_json":{"title":"Confettura extra di Fichi di Sicilia Le Tre Castagne Dell'Etna 250 gr. - Bottega Italiana","robots":{"index":"index","follow":"follow","max-snippet":"max-snippet:-1","max-image-preview":"max-image-preview:large","max-video-preview":"max-video-preview:-1"},"canonical":"https:\/\/bottegaitaliana.ch\/en\/product\/confettura-extra-di-fichi-di-sicilia-le-tre-castagne-delletna-250-gr\/","og_locale":"en_US","og_type":"article","og_title":"Confettura extra di Fichi di Sicilia Le Tre Castagne Dell'Etna 250 gr. - Bottega Italiana","og_description":"Extra sizilianische Feigenkonfit\u00fcre aus sorgf\u00e4ltig ausgew\u00e4hlten frischen sizilianischen Fr\u00fcchten. 250 g-Glas.  Produkt ohne Konservierungsstoffe und k\u00fcnstliche Farbstoffe und glutenfrei.  Hervorragend zum Fr\u00fchst\u00fcck und als Zwischenmahlzeit zu genie\u00dfen. Ideal f\u00fcr Desserts und als Beilage zu Wurstwaren und K\u00e4se","og_url":"https:\/\/bottegaitaliana.ch\/en\/product\/confettura-extra-di-fichi-di-sicilia-le-tre-castagne-delletna-250-gr\/","og_site_name":"Bottega Italiana","article_modified_time":"2024-12-15T17:19:00+00:00","og_image":[{"width":635,"height":766,"url":"https:\/\/bottegaitaliana.ch\/wp-content\/uploads\/2024\/12\/fichi-Confettura.png","type":"image\/png"}],"twitter_card":"summary_large_image","schema":{"@context":"https:\/\/schema.org","@graph":[{"@type":"WebPage","@id":"https:\/\/bottegaitaliana.ch\/product\/confettura-extra-di-fichi-di-sicilia-le-tre-castagne-delletna-250-gr\/","url":"https:\/\/bottegaitaliana.ch\/product\/confettura-extra-di-fichi-di-sicilia-le-tre-castagne-delletna-250-gr\/","name":"Confettura extra di Fichi di Sicilia Le Tre Castagne Dell'Etna 250 gr. - Bottega Italiana","isPartOf":{"@id":"https:\/\/bottegaitaliana.ch\/#website"},"primaryImageOfPage":{"@id":"https:\/\/bottegaitaliana.ch\/product\/confettura-extra-di-fichi-di-sicilia-le-tre-castagne-delletna-250-gr\/#primaryimage"},"image":{"@id":"https:\/\/bottegaitaliana.ch\/product\/confettura-extra-di-fichi-di-sicilia-le-tre-castagne-delletna-250-gr\/#primaryimage"},"thumbnailUrl":"https:\/\/bottegaitaliana.ch\/wp-content\/uploads\/2024\/12\/fichi-Confettura.png","datePublished":"2024-12-15T15:26:15+00:00","dateModified":"2024-12-15T17:19:00+00:00","breadcrumb":{"@id":"https:\/\/bottegaitaliana.ch\/product\/confettura-extra-di-fichi-di-sicilia-le-tre-castagne-delletna-250-gr\/#breadcrumb"},"inLanguage":"en-US","potentialAction":[{"@type":"ReadAction","target":["https:\/\/bottegaitaliana.ch\/product\/confettura-extra-di-fichi-di-sicilia-le-tre-castagne-delletna-250-gr\/"]}]},{"@type":"ImageObject","inLanguage":"en-US","@id":"https:\/\/bottegaitaliana.ch\/product\/confettura-extra-di-fichi-di-sicilia-le-tre-castagne-delletna-250-gr\/#primaryimage","url":"https:\/\/bottegaitaliana.ch\/wp-content\/uploads\/2024\/12\/fichi-Confettura.png","contentUrl":"https:\/\/bottegaitaliana.ch\/wp-content\/uploads\/2024\/12\/fichi-Confettura.png","width":635,"height":766},{"@type":"BreadcrumbList","@id":"https:\/\/bottegaitaliana.ch\/product\/confettura-extra-di-fichi-di-sicilia-le-tre-castagne-delletna-250-gr\/#breadcrumb","itemListElement":[{"@type":"ListItem","position":1,"name":"Startseite","item":"https:\/\/bottegaitaliana.ch\/"},{"@type":"ListItem","position":2,"name":"Shop","item":"https:\/\/bottegaitaliana.ch\/shop\/"},{"@type":"ListItem","position":3,"name":"Confettura extra di Fichi di Sicilia Le Tre Castagne Dell&#8217;Etna 250 gr."}]},{"@type":"WebSite","@id":"https:\/\/bottegaitaliana.ch\/#website","url":"https:\/\/bottegaitaliana.ch\/","name":"Bottega Italiana","description":"&quot;Italien in seiner besten Form \u2013 Direkt zu Ihnen nach Hause.&quot;","publisher":{"@id":"https:\/\/bottegaitaliana.ch\/#organization"},"potentialAction":[{"@type":"SearchAction","target":{"@type":"EntryPoint","urlTemplate":"https:\/\/bottegaitaliana.ch\/?s={search_term_string}"},"query-input":{"@type":"PropertyValueSpecification","valueRequired":true,"valueName":"search_term_string"}}],"inLanguage":"en-US"},{"@type":"Organization","@id":"https:\/\/bottegaitaliana.ch\/#organization","name":"Bottega Italiana","url":"https:\/\/bottegaitaliana.ch\/","logo":{"@type":"ImageObject","inLanguage":"en-US","@id":"https:\/\/bottegaitaliana.ch\/#\/schema\/logo\/image\/","url":"https:\/\/bottegaitaliana.ch\/wp-content\/uploads\/2024\/08\/Logo2024.png","contentUrl":"https:\/\/bottegaitaliana.ch\/wp-content\/uploads\/2024\/08\/Logo2024.png","width":469,"height":87,"caption":"Bottega Italiana"},"image":{"@id":"https:\/\/bottegaitaliana.ch\/#\/schema\/logo\/image\/"}}]}},"_links":{"self":[{"href":"https:\/\/bottegaitaliana.ch\/en\/wp-json\/wp\/v2\/product\/16957","targetHints":{"allow":["GET"]}}],"collection":[{"href":"https:\/\/bottegaitaliana.ch\/en\/wp-json\/wp\/v2\/product"}],"about":[{"href":"https:\/\/bottegaitaliana.ch\/en\/wp-json\/wp\/v2\/types\/product"}],"replies":[{"embeddable":true,"href":"https:\/\/bottegaitaliana.ch\/en\/wp-json\/wp\/v2\/comments?post=16957"}],"version-history":[{"count":1,"href":"https:\/\/bottegaitaliana.ch\/en\/wp-json\/wp\/v2\/product\/16957\/revisions"}],"predecessor-version":[{"id":16959,"href":"https:\/\/bottegaitaliana.ch\/en\/wp-json\/wp\/v2\/product\/16957\/revisions\/16959"}],"wp:featuredmedia":[{"embeddable":true,"href":"https:\/\/bottegaitaliana.ch\/en\/wp-json\/wp\/v2\/media\/16958"}],"wp:attachment":[{"href":"https:\/\/bottegaitaliana.ch\/en\/wp-json\/wp\/v2\/media?parent=16957"}],"wp:term":[{"taxonomy":"product_brand","embeddable":true,"href":"https:\/\/bottegaitaliana.ch\/en\/wp-json\/wp\/v2\/product_brand?post=16957"},{"taxonomy":"product_cat","embeddable":true,"href":"https:\/\/bottegaitaliana.ch\/en\/wp-json\/wp\/v2\/product_cat?post=16957"},{"taxonomy":"product_tag","embeddable":true,"href":"https:\/\/bottegaitaliana.ch\/en\/wp-json\/wp\/v2\/product_tag?post=16957"}],"curies":[{"name":"wp","href":"https:\/\/api.w.org\/{rel}","templated":true}]}}