{"id":16971,"date":"2024-12-15T17:02:58","date_gmt":"2024-12-15T16:02:58","guid":{"rendered":"https:\/\/bottegaitaliana.ch\/?post_type=product&#038;p=16971"},"modified":"2025-01-19T08:26:31","modified_gmt":"2025-01-19T07:26:31","slug":"peperoncini-ripieni-di-acciughe-le-tre-castagne-delletna-280-gr","status":"publish","type":"product","link":"https:\/\/bottegaitaliana.ch\/en\/product\/peperoncini-ripieni-di-acciughe-le-tre-castagne-delletna-280-gr\/","title":{"rendered":"Peperoncini ripieni di Acciughe, Le Tre Castagne Dell&#8217;Etna 280 Gr."},"content":{"rendered":"<p>Genie\u00dfen Sie die w\u00fcrzige K\u00f6stlichkeit der <strong>Peperoncini Ripieni di Acciughe<\/strong> von <strong>Le Tre Castagne dell&#8217;Etna<\/strong>. Diese scharfen, gef\u00fcllten Paprika werden mit hochwertigen Sardellen aus der Region Sizilien gef\u00fcllt und bieten ein intensives, salzig-w\u00fcrziges Aroma, das Ihre Geschmacksknospen verf\u00fchrt. Perfekt als Antipasto, auf Bruschetta oder als Beilage zu Fleischgerichten.<\/p>\n<p>Die <strong>Peperoncini Ripieni di Acciughe<\/strong> sind 100% nat\u00fcrlich, ohne k\u00fcnstliche Zusatzstoffe oder Konservierungsstoffe. In einer praktischen 280 g Glaspackung verpackt, ist dieses Produkt ideal f\u00fcr Feinschmecker, die authentische sizilianische Aromen lieben.<\/p>\n<ul>\n<li>Gef\u00fcllt mit hochwertigen Sardellen aus Sizilien<\/li>\n<li>100% nat\u00fcrliche Zutaten, ohne Konservierungsstoffe<\/li>\n<li>Vielseitig einsetzbar: als Antipasto, auf Bruschetta oder zu Fleisch<\/li>\n<li>280 g Glas \u2013 ideal f\u00fcr den t\u00e4glichen Gebrauch oder als Geschenk<\/li>\n<\/ul>\n<p>Verleihen Sie Ihren Gerichten mit diesen einzigartigen gef\u00fcllten Peperoncini einen echten sizilianischen Touch!<\/p>\n<p>&nbsp;<\/p>","protected":false},"excerpt":{"rendered":"<p>Diese Peperoncini sind mit zarten, salzigen Anchovis gef\u00fcllt und bieten ein intensives Geschmackserlebnis. Ideal als Vorspeise, in Salaten oder als Snack f\u00fcr zwischendurch. In einem praktischen Glas mit 280 g f\u00fcr lange Frische. Perfekt f\u00fcr Liebhaber der mediterranen K\u00fcche und f\u00fcr alle, die au\u00dfergew\u00f6hnliche Aromen sch\u00e4tzen.<\/p>\n<p>&nbsp;<\/p>\n<p><strong>Verwendung<\/strong>: Als Antipasti, in Salaten, auf Pizza oder als Snack&lt;br \/&gt;<strong>Herkunft<\/strong>: Italien<br \/>\n<strong>Inhalt<\/strong>: 280 g<\/p>","protected":false},"featured_media":17070,"comment_status":"open","ping_status":"closed","template":"","meta":[],"product_brand":[],"product_cat":[125,128,74],"product_tag":[146,144,147,133],"class_list":{"0":"post-16971","1":"product","2":"type-product","3":"status-publish","4":"has-post-thumbnail","6":"product_cat-antipasti","7":"product_cat-gemuese","8":"product_cat-diverses","9":"product_tag-antipasto","10":"product_tag-le-tre-castagne-delletna","11":"product_tag-peperoncini","12":"product_tag-peperoncino","14":"first","15":"instock","16":"sale","17":"featured","18":"shipping-taxable","19":"purchasable","20":"product-type-simple"},"yoast_head":"<!-- This site is optimized with the Yoast SEO plugin v25.0 - https:\/\/yoast.com\/wordpress\/plugins\/seo\/ -->\n<title>Peperoncini ripieni di Acciughe, Le Tre Castagne Dell&#039;Etna 280 Gr. - Bottega Italiana<\/title>\n<meta name=\"description\" content=\"Die Peperoncini Ripieni di Acciughe von Le Tre Castagne dell&#039;Etna bieten die perfekte Kombination aus scharfen Paprika und sardellenf\u00fcllung.\" \/>\n<meta name=\"robots\" content=\"index, follow, max-snippet:-1, max-image-preview:large, max-video-preview:-1\" \/>\n<link rel=\"canonical\" href=\"https:\/\/bottegaitaliana.ch\/en\/product\/peperoncini-ripieni-di-acciughe-le-tre-castagne-delletna-280-gr\/\" \/>\n<meta property=\"og:locale\" content=\"en_US\" \/>\n<meta property=\"og:type\" content=\"article\" \/>\n<meta property=\"og:title\" content=\"Peperoncini ripieni di Acciughe, Le Tre Castagne Dell&#039;Etna 280 Gr. - Bottega Italiana\" \/>\n<meta property=\"og:description\" content=\"Die Peperoncini Ripieni di Acciughe von Le Tre Castagne dell&#039;Etna bieten die perfekte Kombination aus scharfen Paprika und sardellenf\u00fcllung.\" \/>\n<meta property=\"og:url\" content=\"https:\/\/bottegaitaliana.ch\/en\/product\/peperoncini-ripieni-di-acciughe-le-tre-castagne-delletna-280-gr\/\" \/>\n<meta property=\"og:site_name\" content=\"Bottega Italiana\" \/>\n<meta property=\"article:modified_time\" content=\"2025-01-19T07:26:31+00:00\" \/>\n<meta property=\"og:image\" content=\"https:\/\/bottegaitaliana.ch\/wp-content\/uploads\/2024\/12\/1000008623.jpg\" \/>\n\t<meta property=\"og:image:width\" content=\"2250\" \/>\n\t<meta property=\"og:image:height\" content=\"3000\" \/>\n\t<meta property=\"og:image:type\" content=\"image\/jpeg\" \/>\n<meta name=\"twitter:card\" content=\"summary_large_image\" \/>\n<meta name=\"twitter:label1\" content=\"Est. reading time\" \/>\n\t<meta name=\"twitter:data1\" content=\"1 minute\" \/>\n<script type=\"application\/ld+json\" class=\"yoast-schema-graph\">{\"@context\":\"https:\/\/schema.org\",\"@graph\":[{\"@type\":\"WebPage\",\"@id\":\"https:\/\/bottegaitaliana.ch\/product\/peperoncini-ripieni-di-acciughe-le-tre-castagne-delletna-280-gr\/\",\"url\":\"https:\/\/bottegaitaliana.ch\/product\/peperoncini-ripieni-di-acciughe-le-tre-castagne-delletna-280-gr\/\",\"name\":\"Peperoncini ripieni di Acciughe, Le Tre Castagne Dell'Etna 280 Gr. - Bottega Italiana\",\"isPartOf\":{\"@id\":\"https:\/\/bottegaitaliana.ch\/#website\"},\"primaryImageOfPage\":{\"@id\":\"https:\/\/bottegaitaliana.ch\/product\/peperoncini-ripieni-di-acciughe-le-tre-castagne-delletna-280-gr\/#primaryimage\"},\"image\":{\"@id\":\"https:\/\/bottegaitaliana.ch\/product\/peperoncini-ripieni-di-acciughe-le-tre-castagne-delletna-280-gr\/#primaryimage\"},\"thumbnailUrl\":\"https:\/\/bottegaitaliana.ch\/wp-content\/uploads\/2024\/12\/1000008623.jpg\",\"datePublished\":\"2024-12-15T16:02:58+00:00\",\"dateModified\":\"2025-01-19T07:26:31+00:00\",\"description\":\"Die Peperoncini Ripieni di Acciughe von Le Tre Castagne dell'Etna bieten die perfekte Kombination aus scharfen Paprika und sardellenf\u00fcllung.\",\"breadcrumb\":{\"@id\":\"https:\/\/bottegaitaliana.ch\/product\/peperoncini-ripieni-di-acciughe-le-tre-castagne-delletna-280-gr\/#breadcrumb\"},\"inLanguage\":\"en-US\",\"potentialAction\":[{\"@type\":\"ReadAction\",\"target\":[\"https:\/\/bottegaitaliana.ch\/product\/peperoncini-ripieni-di-acciughe-le-tre-castagne-delletna-280-gr\/\"]}]},{\"@type\":\"ImageObject\",\"inLanguage\":\"en-US\",\"@id\":\"https:\/\/bottegaitaliana.ch\/product\/peperoncini-ripieni-di-acciughe-le-tre-castagne-delletna-280-gr\/#primaryimage\",\"url\":\"https:\/\/bottegaitaliana.ch\/wp-content\/uploads\/2024\/12\/1000008623.jpg\",\"contentUrl\":\"https:\/\/bottegaitaliana.ch\/wp-content\/uploads\/2024\/12\/1000008623.jpg\",\"width\":2250,\"height\":3000},{\"@type\":\"BreadcrumbList\",\"@id\":\"https:\/\/bottegaitaliana.ch\/product\/peperoncini-ripieni-di-acciughe-le-tre-castagne-delletna-280-gr\/#breadcrumb\",\"itemListElement\":[{\"@type\":\"ListItem\",\"position\":1,\"name\":\"Startseite\",\"item\":\"https:\/\/bottegaitaliana.ch\/\"},{\"@type\":\"ListItem\",\"position\":2,\"name\":\"Shop\",\"item\":\"https:\/\/bottegaitaliana.ch\/shop\/\"},{\"@type\":\"ListItem\",\"position\":3,\"name\":\"Peperoncini ripieni di Acciughe, Le Tre Castagne Dell&#8217;Etna 280 Gr.\"}]},{\"@type\":\"WebSite\",\"@id\":\"https:\/\/bottegaitaliana.ch\/#website\",\"url\":\"https:\/\/bottegaitaliana.ch\/\",\"name\":\"Bottega Italiana\",\"description\":\"&quot;Italien in seiner besten Form \u2013 Direkt zu Ihnen nach Hause.&quot;\",\"publisher\":{\"@id\":\"https:\/\/bottegaitaliana.ch\/#organization\"},\"potentialAction\":[{\"@type\":\"SearchAction\",\"target\":{\"@type\":\"EntryPoint\",\"urlTemplate\":\"https:\/\/bottegaitaliana.ch\/?s={search_term_string}\"},\"query-input\":{\"@type\":\"PropertyValueSpecification\",\"valueRequired\":true,\"valueName\":\"search_term_string\"}}],\"inLanguage\":\"en-US\"},{\"@type\":\"Organization\",\"@id\":\"https:\/\/bottegaitaliana.ch\/#organization\",\"name\":\"Bottega Italiana\",\"url\":\"https:\/\/bottegaitaliana.ch\/\",\"logo\":{\"@type\":\"ImageObject\",\"inLanguage\":\"en-US\",\"@id\":\"https:\/\/bottegaitaliana.ch\/#\/schema\/logo\/image\/\",\"url\":\"https:\/\/bottegaitaliana.ch\/wp-content\/uploads\/2024\/08\/Logo2024.png\",\"contentUrl\":\"https:\/\/bottegaitaliana.ch\/wp-content\/uploads\/2024\/08\/Logo2024.png\",\"width\":469,\"height\":87,\"caption\":\"Bottega Italiana\"},\"image\":{\"@id\":\"https:\/\/bottegaitaliana.ch\/#\/schema\/logo\/image\/\"}}]}<\/script>\n<!-- \/ Yoast SEO plugin. -->","yoast_head_json":{"title":"Peperoncini ripieni di Acciughe, Le Tre Castagne Dell'Etna 280 Gr. - Bottega Italiana","description":"Die Peperoncini Ripieni di Acciughe von Le Tre Castagne dell'Etna bieten die perfekte Kombination aus scharfen Paprika und sardellenf\u00fcllung.","robots":{"index":"index","follow":"follow","max-snippet":"max-snippet:-1","max-image-preview":"max-image-preview:large","max-video-preview":"max-video-preview:-1"},"canonical":"https:\/\/bottegaitaliana.ch\/en\/product\/peperoncini-ripieni-di-acciughe-le-tre-castagne-delletna-280-gr\/","og_locale":"en_US","og_type":"article","og_title":"Peperoncini ripieni di Acciughe, Le Tre Castagne Dell'Etna 280 Gr. - Bottega Italiana","og_description":"Die Peperoncini Ripieni di Acciughe von Le Tre Castagne dell'Etna bieten die perfekte Kombination aus scharfen Paprika und sardellenf\u00fcllung.","og_url":"https:\/\/bottegaitaliana.ch\/en\/product\/peperoncini-ripieni-di-acciughe-le-tre-castagne-delletna-280-gr\/","og_site_name":"Bottega Italiana","article_modified_time":"2025-01-19T07:26:31+00:00","og_image":[{"width":2250,"height":3000,"url":"https:\/\/bottegaitaliana.ch\/wp-content\/uploads\/2024\/12\/1000008623.jpg","type":"image\/jpeg"}],"twitter_card":"summary_large_image","twitter_misc":{"Est. reading time":"1 minute"},"schema":{"@context":"https:\/\/schema.org","@graph":[{"@type":"WebPage","@id":"https:\/\/bottegaitaliana.ch\/product\/peperoncini-ripieni-di-acciughe-le-tre-castagne-delletna-280-gr\/","url":"https:\/\/bottegaitaliana.ch\/product\/peperoncini-ripieni-di-acciughe-le-tre-castagne-delletna-280-gr\/","name":"Peperoncini ripieni di Acciughe, Le Tre Castagne Dell'Etna 280 Gr. - Bottega Italiana","isPartOf":{"@id":"https:\/\/bottegaitaliana.ch\/#website"},"primaryImageOfPage":{"@id":"https:\/\/bottegaitaliana.ch\/product\/peperoncini-ripieni-di-acciughe-le-tre-castagne-delletna-280-gr\/#primaryimage"},"image":{"@id":"https:\/\/bottegaitaliana.ch\/product\/peperoncini-ripieni-di-acciughe-le-tre-castagne-delletna-280-gr\/#primaryimage"},"thumbnailUrl":"https:\/\/bottegaitaliana.ch\/wp-content\/uploads\/2024\/12\/1000008623.jpg","datePublished":"2024-12-15T16:02:58+00:00","dateModified":"2025-01-19T07:26:31+00:00","description":"Die Peperoncini Ripieni di Acciughe von Le Tre Castagne dell'Etna bieten die perfekte Kombination aus scharfen Paprika und sardellenf\u00fcllung.","breadcrumb":{"@id":"https:\/\/bottegaitaliana.ch\/product\/peperoncini-ripieni-di-acciughe-le-tre-castagne-delletna-280-gr\/#breadcrumb"},"inLanguage":"en-US","potentialAction":[{"@type":"ReadAction","target":["https:\/\/bottegaitaliana.ch\/product\/peperoncini-ripieni-di-acciughe-le-tre-castagne-delletna-280-gr\/"]}]},{"@type":"ImageObject","inLanguage":"en-US","@id":"https:\/\/bottegaitaliana.ch\/product\/peperoncini-ripieni-di-acciughe-le-tre-castagne-delletna-280-gr\/#primaryimage","url":"https:\/\/bottegaitaliana.ch\/wp-content\/uploads\/2024\/12\/1000008623.jpg","contentUrl":"https:\/\/bottegaitaliana.ch\/wp-content\/uploads\/2024\/12\/1000008623.jpg","width":2250,"height":3000},{"@type":"BreadcrumbList","@id":"https:\/\/bottegaitaliana.ch\/product\/peperoncini-ripieni-di-acciughe-le-tre-castagne-delletna-280-gr\/#breadcrumb","itemListElement":[{"@type":"ListItem","position":1,"name":"Startseite","item":"https:\/\/bottegaitaliana.ch\/"},{"@type":"ListItem","position":2,"name":"Shop","item":"https:\/\/bottegaitaliana.ch\/shop\/"},{"@type":"ListItem","position":3,"name":"Peperoncini ripieni di Acciughe, Le Tre Castagne Dell&#8217;Etna 280 Gr."}]},{"@type":"WebSite","@id":"https:\/\/bottegaitaliana.ch\/#website","url":"https:\/\/bottegaitaliana.ch\/","name":"Bottega Italiana","description":"&quot;Italien in seiner besten Form \u2013 Direkt zu Ihnen nach Hause.&quot;","publisher":{"@id":"https:\/\/bottegaitaliana.ch\/#organization"},"potentialAction":[{"@type":"SearchAction","target":{"@type":"EntryPoint","urlTemplate":"https:\/\/bottegaitaliana.ch\/?s={search_term_string}"},"query-input":{"@type":"PropertyValueSpecification","valueRequired":true,"valueName":"search_term_string"}}],"inLanguage":"en-US"},{"@type":"Organization","@id":"https:\/\/bottegaitaliana.ch\/#organization","name":"Bottega Italiana","url":"https:\/\/bottegaitaliana.ch\/","logo":{"@type":"ImageObject","inLanguage":"en-US","@id":"https:\/\/bottegaitaliana.ch\/#\/schema\/logo\/image\/","url":"https:\/\/bottegaitaliana.ch\/wp-content\/uploads\/2024\/08\/Logo2024.png","contentUrl":"https:\/\/bottegaitaliana.ch\/wp-content\/uploads\/2024\/08\/Logo2024.png","width":469,"height":87,"caption":"Bottega Italiana"},"image":{"@id":"https:\/\/bottegaitaliana.ch\/#\/schema\/logo\/image\/"}}]}},"_links":{"self":[{"href":"https:\/\/bottegaitaliana.ch\/en\/wp-json\/wp\/v2\/product\/16971","targetHints":{"allow":["GET"]}}],"collection":[{"href":"https:\/\/bottegaitaliana.ch\/en\/wp-json\/wp\/v2\/product"}],"about":[{"href":"https:\/\/bottegaitaliana.ch\/en\/wp-json\/wp\/v2\/types\/product"}],"replies":[{"embeddable":true,"href":"https:\/\/bottegaitaliana.ch\/en\/wp-json\/wp\/v2\/comments?post=16971"}],"version-history":[{"count":6,"href":"https:\/\/bottegaitaliana.ch\/en\/wp-json\/wp\/v2\/product\/16971\/revisions"}],"predecessor-version":[{"id":17099,"href":"https:\/\/bottegaitaliana.ch\/en\/wp-json\/wp\/v2\/product\/16971\/revisions\/17099"}],"wp:featuredmedia":[{"embeddable":true,"href":"https:\/\/bottegaitaliana.ch\/en\/wp-json\/wp\/v2\/media\/17070"}],"wp:attachment":[{"href":"https:\/\/bottegaitaliana.ch\/en\/wp-json\/wp\/v2\/media?parent=16971"}],"wp:term":[{"taxonomy":"product_brand","embeddable":true,"href":"https:\/\/bottegaitaliana.ch\/en\/wp-json\/wp\/v2\/product_brand?post=16971"},{"taxonomy":"product_cat","embeddable":true,"href":"https:\/\/bottegaitaliana.ch\/en\/wp-json\/wp\/v2\/product_cat?post=16971"},{"taxonomy":"product_tag","embeddable":true,"href":"https:\/\/bottegaitaliana.ch\/en\/wp-json\/wp\/v2\/product_tag?post=16971"}],"curies":[{"name":"wp","href":"https:\/\/api.w.org\/{rel}","templated":true}]}}