{"id":17013,"date":"2024-12-22T10:51:14","date_gmt":"2024-12-22T09:51:14","guid":{"rendered":"https:\/\/bottegaitaliana.ch\/?post_type=product&#038;p=17013"},"modified":"2024-12-29T12:47:47","modified_gmt":"2024-12-29T11:47:47","slug":"taralli-pugliesi-mit-chili-wuerzig-und-knusprig-jetzt-online-bestellen","status":"publish","type":"product","link":"https:\/\/bottegaitaliana.ch\/en\/product\/taralli-pugliesi-mit-chili-wuerzig-und-knusprig-jetzt-online-bestellen\/","title":{"rendered":"Taralli Pugliesi Al Peperoncino, Terre Dei Trulli 250gr"},"content":{"rendered":"<p>Die <strong>Taralli Pugliesi mit Chili<\/strong> sind eine unwiderstehliche Variante der klassischen Taralli, perfekt f\u00fcr Liebhaber intensiver und scharfer Aromen. Hergestellt aus hochwertigen, nat\u00fcrlichen Zutaten wie Oliven\u00f6l, Mehl, Wei\u00dfwein und Chili, bieten diese knusprigen Teigringe eine einzigartige Textur und einen intensiven, w\u00fcrzigen Geschmack. Ideal als Snack, f\u00fcr Aperitifs oder um deine geselligen Momente zu bereichern, bringen unsere <strong>Taralli mit Chili<\/strong> den authentischen Geschmack Apuliens direkt zu dir nach Hause. Einfach, aber voller Geschmack \u2013 perfekt f\u00fcr alle, die ein intensives Geschmackserlebnis suchen.<\/p>\n<p>Bestelle jetzt unsere <strong>handgemachten Taralli Pugliesi mit Chili<\/strong> online und genie\u00dfe den echten Geschmack Apuliens.<\/p>","protected":false},"excerpt":{"rendered":"<p>Die &lt;strong&gt;Taralli Pugliesi mit Chili sind knusprig, w&uuml;rzig und ideal f&uuml;r Liebhaber scharfer Aromen. Hergestellt aus nat&uuml;rlichen Zutaten wie Oliven&ouml;l, Mehl, Wei&szlig;wein und Chili, bieten diese Taralli ein einzigartiges Geschmackserlebnis. Perfekt als Snack oder zum Aperitif, vereinen sie Tradition und einen intensiven, scharfen Geschmack. Bestellen Sie jetzt unsere <strong>handgemachten Taralli Pugliesi mit Chili<\/strong> online und genie\u00dfen Sie den echten Geschmack Apuliens.<\/p>","protected":false},"featured_media":17014,"comment_status":"open","ping_status":"closed","template":"","meta":[],"product_brand":[],"product_cat":[125,72,74],"product_tag":[146],"class_list":{"0":"post-17013","1":"product","2":"type-product","3":"status-publish","4":"has-post-thumbnail","6":"product_cat-antipasti","7":"product_cat-lebensmittel","8":"product_cat-diverses","9":"product_tag-antipasto","11":"first","12":"instock","13":"shipping-taxable","14":"purchasable","15":"product-type-simple"},"yoast_head":"<!-- This site is optimized with the Yoast SEO plugin v25.0 - https:\/\/yoast.com\/wordpress\/plugins\/seo\/ -->\n<title>Taralli Pugliesi Al Peperoncino, Terre Dei Trulli 250gr - Bottega Italiana<\/title>\n<meta name=\"description\" content=\"Taralli Pugliesi mit Chili \u2013 knusprig und w\u00fcrzig, 100% nat\u00fcrliche Zutaten. Perfekt als Snack oder zu Antipasti. 250 g Packung.\" \/>\n<meta name=\"robots\" content=\"index, follow, max-snippet:-1, max-image-preview:large, max-video-preview:-1\" \/>\n<link rel=\"canonical\" href=\"https:\/\/bottegaitaliana.ch\/en\/product\/taralli-pugliesi-mit-chili-wuerzig-und-knusprig-jetzt-online-bestellen\/\" \/>\n<meta property=\"og:locale\" content=\"en_US\" \/>\n<meta property=\"og:type\" content=\"article\" \/>\n<meta property=\"og:title\" content=\"Taralli Pugliesi Al Peperoncino, Terre Dei Trulli 250gr - Bottega Italiana\" \/>\n<meta property=\"og:description\" content=\"Taralli Pugliesi mit Chili \u2013 knusprig und w\u00fcrzig, 100% nat\u00fcrliche Zutaten. Perfekt als Snack oder zu Antipasti. 250 g Packung.\" \/>\n<meta property=\"og:url\" content=\"https:\/\/bottegaitaliana.ch\/en\/product\/taralli-pugliesi-mit-chili-wuerzig-und-knusprig-jetzt-online-bestellen\/\" \/>\n<meta property=\"og:site_name\" content=\"Bottega Italiana\" \/>\n<meta property=\"article:modified_time\" content=\"2024-12-29T11:47:47+00:00\" \/>\n<meta property=\"og:image\" content=\"https:\/\/bottegaitaliana.ch\/wp-content\/uploads\/2024\/12\/Taralli-Peperoncino.jpg\" \/>\n\t<meta property=\"og:image:width\" content=\"1314\" \/>\n\t<meta property=\"og:image:height\" content=\"1500\" \/>\n\t<meta property=\"og:image:type\" content=\"image\/jpeg\" \/>\n<meta name=\"twitter:card\" content=\"summary_large_image\" \/>\n<meta name=\"twitter:label1\" content=\"Est. reading time\" \/>\n\t<meta name=\"twitter:data1\" content=\"1 minute\" \/>\n<script type=\"application\/ld+json\" class=\"yoast-schema-graph\">{\"@context\":\"https:\/\/schema.org\",\"@graph\":[{\"@type\":\"WebPage\",\"@id\":\"https:\/\/bottegaitaliana.ch\/product\/taralli-pugliesi-mit-chili-wuerzig-und-knusprig-jetzt-online-bestellen\/\",\"url\":\"https:\/\/bottegaitaliana.ch\/product\/taralli-pugliesi-mit-chili-wuerzig-und-knusprig-jetzt-online-bestellen\/\",\"name\":\"Taralli Pugliesi Al Peperoncino, Terre Dei Trulli 250gr - Bottega Italiana\",\"isPartOf\":{\"@id\":\"https:\/\/bottegaitaliana.ch\/#website\"},\"primaryImageOfPage\":{\"@id\":\"https:\/\/bottegaitaliana.ch\/product\/taralli-pugliesi-mit-chili-wuerzig-und-knusprig-jetzt-online-bestellen\/#primaryimage\"},\"image\":{\"@id\":\"https:\/\/bottegaitaliana.ch\/product\/taralli-pugliesi-mit-chili-wuerzig-und-knusprig-jetzt-online-bestellen\/#primaryimage\"},\"thumbnailUrl\":\"https:\/\/bottegaitaliana.ch\/wp-content\/uploads\/2024\/12\/Taralli-Peperoncino.jpg\",\"datePublished\":\"2024-12-22T09:51:14+00:00\",\"dateModified\":\"2024-12-29T11:47:47+00:00\",\"description\":\"Taralli Pugliesi mit Chili \u2013 knusprig und w\u00fcrzig, 100% nat\u00fcrliche Zutaten. Perfekt als Snack oder zu Antipasti. 250 g Packung.\",\"breadcrumb\":{\"@id\":\"https:\/\/bottegaitaliana.ch\/product\/taralli-pugliesi-mit-chili-wuerzig-und-knusprig-jetzt-online-bestellen\/#breadcrumb\"},\"inLanguage\":\"en-US\",\"potentialAction\":[{\"@type\":\"ReadAction\",\"target\":[\"https:\/\/bottegaitaliana.ch\/product\/taralli-pugliesi-mit-chili-wuerzig-und-knusprig-jetzt-online-bestellen\/\"]}]},{\"@type\":\"ImageObject\",\"inLanguage\":\"en-US\",\"@id\":\"https:\/\/bottegaitaliana.ch\/product\/taralli-pugliesi-mit-chili-wuerzig-und-knusprig-jetzt-online-bestellen\/#primaryimage\",\"url\":\"https:\/\/bottegaitaliana.ch\/wp-content\/uploads\/2024\/12\/Taralli-Peperoncino.jpg\",\"contentUrl\":\"https:\/\/bottegaitaliana.ch\/wp-content\/uploads\/2024\/12\/Taralli-Peperoncino.jpg\",\"width\":1314,\"height\":1500},{\"@type\":\"BreadcrumbList\",\"@id\":\"https:\/\/bottegaitaliana.ch\/product\/taralli-pugliesi-mit-chili-wuerzig-und-knusprig-jetzt-online-bestellen\/#breadcrumb\",\"itemListElement\":[{\"@type\":\"ListItem\",\"position\":1,\"name\":\"Startseite\",\"item\":\"https:\/\/bottegaitaliana.ch\/\"},{\"@type\":\"ListItem\",\"position\":2,\"name\":\"Shop\",\"item\":\"https:\/\/bottegaitaliana.ch\/shop\/\"},{\"@type\":\"ListItem\",\"position\":3,\"name\":\"Taralli Pugliesi Al Peperoncino, Terre Dei Trulli 250gr\"}]},{\"@type\":\"WebSite\",\"@id\":\"https:\/\/bottegaitaliana.ch\/#website\",\"url\":\"https:\/\/bottegaitaliana.ch\/\",\"name\":\"Bottega Italiana\",\"description\":\"&quot;Italien in seiner besten Form \u2013 Direkt zu Ihnen nach Hause.&quot;\",\"publisher\":{\"@id\":\"https:\/\/bottegaitaliana.ch\/#organization\"},\"potentialAction\":[{\"@type\":\"SearchAction\",\"target\":{\"@type\":\"EntryPoint\",\"urlTemplate\":\"https:\/\/bottegaitaliana.ch\/?s={search_term_string}\"},\"query-input\":{\"@type\":\"PropertyValueSpecification\",\"valueRequired\":true,\"valueName\":\"search_term_string\"}}],\"inLanguage\":\"en-US\"},{\"@type\":\"Organization\",\"@id\":\"https:\/\/bottegaitaliana.ch\/#organization\",\"name\":\"Bottega Italiana\",\"url\":\"https:\/\/bottegaitaliana.ch\/\",\"logo\":{\"@type\":\"ImageObject\",\"inLanguage\":\"en-US\",\"@id\":\"https:\/\/bottegaitaliana.ch\/#\/schema\/logo\/image\/\",\"url\":\"https:\/\/bottegaitaliana.ch\/wp-content\/uploads\/2024\/08\/Logo2024.png\",\"contentUrl\":\"https:\/\/bottegaitaliana.ch\/wp-content\/uploads\/2024\/08\/Logo2024.png\",\"width\":469,\"height\":87,\"caption\":\"Bottega Italiana\"},\"image\":{\"@id\":\"https:\/\/bottegaitaliana.ch\/#\/schema\/logo\/image\/\"}}]}<\/script>\n<!-- \/ Yoast SEO plugin. -->","yoast_head_json":{"title":"Taralli Pugliesi Al Peperoncino, Terre Dei Trulli 250gr - Bottega Italiana","description":"Taralli Pugliesi mit Chili \u2013 knusprig und w\u00fcrzig, 100% nat\u00fcrliche Zutaten. Perfekt als Snack oder zu Antipasti. 250 g Packung.","robots":{"index":"index","follow":"follow","max-snippet":"max-snippet:-1","max-image-preview":"max-image-preview:large","max-video-preview":"max-video-preview:-1"},"canonical":"https:\/\/bottegaitaliana.ch\/en\/product\/taralli-pugliesi-mit-chili-wuerzig-und-knusprig-jetzt-online-bestellen\/","og_locale":"en_US","og_type":"article","og_title":"Taralli Pugliesi Al Peperoncino, Terre Dei Trulli 250gr - Bottega Italiana","og_description":"Taralli Pugliesi mit Chili \u2013 knusprig und w\u00fcrzig, 100% nat\u00fcrliche Zutaten. Perfekt als Snack oder zu Antipasti. 250 g Packung.","og_url":"https:\/\/bottegaitaliana.ch\/en\/product\/taralli-pugliesi-mit-chili-wuerzig-und-knusprig-jetzt-online-bestellen\/","og_site_name":"Bottega Italiana","article_modified_time":"2024-12-29T11:47:47+00:00","og_image":[{"width":1314,"height":1500,"url":"https:\/\/bottegaitaliana.ch\/wp-content\/uploads\/2024\/12\/Taralli-Peperoncino.jpg","type":"image\/jpeg"}],"twitter_card":"summary_large_image","twitter_misc":{"Est. reading time":"1 minute"},"schema":{"@context":"https:\/\/schema.org","@graph":[{"@type":"WebPage","@id":"https:\/\/bottegaitaliana.ch\/product\/taralli-pugliesi-mit-chili-wuerzig-und-knusprig-jetzt-online-bestellen\/","url":"https:\/\/bottegaitaliana.ch\/product\/taralli-pugliesi-mit-chili-wuerzig-und-knusprig-jetzt-online-bestellen\/","name":"Taralli Pugliesi Al Peperoncino, Terre Dei Trulli 250gr - Bottega Italiana","isPartOf":{"@id":"https:\/\/bottegaitaliana.ch\/#website"},"primaryImageOfPage":{"@id":"https:\/\/bottegaitaliana.ch\/product\/taralli-pugliesi-mit-chili-wuerzig-und-knusprig-jetzt-online-bestellen\/#primaryimage"},"image":{"@id":"https:\/\/bottegaitaliana.ch\/product\/taralli-pugliesi-mit-chili-wuerzig-und-knusprig-jetzt-online-bestellen\/#primaryimage"},"thumbnailUrl":"https:\/\/bottegaitaliana.ch\/wp-content\/uploads\/2024\/12\/Taralli-Peperoncino.jpg","datePublished":"2024-12-22T09:51:14+00:00","dateModified":"2024-12-29T11:47:47+00:00","description":"Taralli Pugliesi mit Chili \u2013 knusprig und w\u00fcrzig, 100% nat\u00fcrliche Zutaten. Perfekt als Snack oder zu Antipasti. 250 g Packung.","breadcrumb":{"@id":"https:\/\/bottegaitaliana.ch\/product\/taralli-pugliesi-mit-chili-wuerzig-und-knusprig-jetzt-online-bestellen\/#breadcrumb"},"inLanguage":"en-US","potentialAction":[{"@type":"ReadAction","target":["https:\/\/bottegaitaliana.ch\/product\/taralli-pugliesi-mit-chili-wuerzig-und-knusprig-jetzt-online-bestellen\/"]}]},{"@type":"ImageObject","inLanguage":"en-US","@id":"https:\/\/bottegaitaliana.ch\/product\/taralli-pugliesi-mit-chili-wuerzig-und-knusprig-jetzt-online-bestellen\/#primaryimage","url":"https:\/\/bottegaitaliana.ch\/wp-content\/uploads\/2024\/12\/Taralli-Peperoncino.jpg","contentUrl":"https:\/\/bottegaitaliana.ch\/wp-content\/uploads\/2024\/12\/Taralli-Peperoncino.jpg","width":1314,"height":1500},{"@type":"BreadcrumbList","@id":"https:\/\/bottegaitaliana.ch\/product\/taralli-pugliesi-mit-chili-wuerzig-und-knusprig-jetzt-online-bestellen\/#breadcrumb","itemListElement":[{"@type":"ListItem","position":1,"name":"Startseite","item":"https:\/\/bottegaitaliana.ch\/"},{"@type":"ListItem","position":2,"name":"Shop","item":"https:\/\/bottegaitaliana.ch\/shop\/"},{"@type":"ListItem","position":3,"name":"Taralli Pugliesi Al Peperoncino, Terre Dei Trulli 250gr"}]},{"@type":"WebSite","@id":"https:\/\/bottegaitaliana.ch\/#website","url":"https:\/\/bottegaitaliana.ch\/","name":"Bottega Italiana","description":"&quot;Italien in seiner besten Form \u2013 Direkt zu Ihnen nach Hause.&quot;","publisher":{"@id":"https:\/\/bottegaitaliana.ch\/#organization"},"potentialAction":[{"@type":"SearchAction","target":{"@type":"EntryPoint","urlTemplate":"https:\/\/bottegaitaliana.ch\/?s={search_term_string}"},"query-input":{"@type":"PropertyValueSpecification","valueRequired":true,"valueName":"search_term_string"}}],"inLanguage":"en-US"},{"@type":"Organization","@id":"https:\/\/bottegaitaliana.ch\/#organization","name":"Bottega Italiana","url":"https:\/\/bottegaitaliana.ch\/","logo":{"@type":"ImageObject","inLanguage":"en-US","@id":"https:\/\/bottegaitaliana.ch\/#\/schema\/logo\/image\/","url":"https:\/\/bottegaitaliana.ch\/wp-content\/uploads\/2024\/08\/Logo2024.png","contentUrl":"https:\/\/bottegaitaliana.ch\/wp-content\/uploads\/2024\/08\/Logo2024.png","width":469,"height":87,"caption":"Bottega Italiana"},"image":{"@id":"https:\/\/bottegaitaliana.ch\/#\/schema\/logo\/image\/"}}]}},"_links":{"self":[{"href":"https:\/\/bottegaitaliana.ch\/en\/wp-json\/wp\/v2\/product\/17013","targetHints":{"allow":["GET"]}}],"collection":[{"href":"https:\/\/bottegaitaliana.ch\/en\/wp-json\/wp\/v2\/product"}],"about":[{"href":"https:\/\/bottegaitaliana.ch\/en\/wp-json\/wp\/v2\/types\/product"}],"replies":[{"embeddable":true,"href":"https:\/\/bottegaitaliana.ch\/en\/wp-json\/wp\/v2\/comments?post=17013"}],"version-history":[{"count":2,"href":"https:\/\/bottegaitaliana.ch\/en\/wp-json\/wp\/v2\/product\/17013\/revisions"}],"predecessor-version":[{"id":17100,"href":"https:\/\/bottegaitaliana.ch\/en\/wp-json\/wp\/v2\/product\/17013\/revisions\/17100"}],"wp:featuredmedia":[{"embeddable":true,"href":"https:\/\/bottegaitaliana.ch\/en\/wp-json\/wp\/v2\/media\/17014"}],"wp:attachment":[{"href":"https:\/\/bottegaitaliana.ch\/en\/wp-json\/wp\/v2\/media?parent=17013"}],"wp:term":[{"taxonomy":"product_brand","embeddable":true,"href":"https:\/\/bottegaitaliana.ch\/en\/wp-json\/wp\/v2\/product_brand?post=17013"},{"taxonomy":"product_cat","embeddable":true,"href":"https:\/\/bottegaitaliana.ch\/en\/wp-json\/wp\/v2\/product_cat?post=17013"},{"taxonomy":"product_tag","embeddable":true,"href":"https:\/\/bottegaitaliana.ch\/en\/wp-json\/wp\/v2\/product_tag?post=17013"}],"curies":[{"name":"wp","href":"https:\/\/api.w.org\/{rel}","templated":true}]}}