{"id":17148,"date":"2025-01-02T17:18:22","date_gmt":"2025-01-02T16:18:22","guid":{"rendered":"https:\/\/bottegaitaliana.ch\/?post_type=product&#038;p=17148"},"modified":"2025-01-02T17:28:58","modified_gmt":"2025-01-02T16:28:58","slug":"sugo-alla-taorminese-daidone-190-g","status":"publish","type":"product","link":"https:\/\/bottegaitaliana.ch\/en\/product\/sugo-alla-taorminese-daidone-190-g\/","title":{"rendered":"Sugo alla Taorminese, Daidone 190 g"},"content":{"rendered":"<p>Das <strong>Sugo alla Taorminese Daidone <\/strong>ist eine k\u00f6stliche italienische Spezialit\u00e4t aus der Region Taormina in Sizilien. Dieses Sugo wird mit Tomaten, Zwiebeln, Knoblauch, Sardellen und traditionellen sizilianischen Gew\u00fcrzen zubereitet, die f\u00fcr einen intensiven und authentischen Geschmack sorgen. Ideal zu Pasta, Reis oder auch als Begleitung zu Fischgerichten \u2013 das <strong>Sugo alla Taorminese<\/strong> bringt den wahren Geschmack Siziliens direkt auf Ihren Teller. Frei von k\u00fcnstlichen Zus\u00e4tzen, ist dieses Sugo die perfekte Wahl f\u00fcr alle Liebhaber der mediterranen K\u00fcche.<\/p>","protected":false},"excerpt":{"rendered":"<p>Das <strong>Sugo alla Taorminese Daidone <\/strong>vereint Tomaten, Zwiebeln, Saldellen und sizilianische Gew\u00fcrze zu einem intensiven, authentischen Geschmack. Ideal f\u00fcr Pasta und mediterrane Gerichte, bringt es den wahren Geschmack Siziliens direkt auf Ihren Tisch.<\/p>","protected":false},"featured_media":17149,"comment_status":"open","ping_status":"closed","template":"","meta":[],"product_brand":[],"product_cat":[72,80],"product_tag":[154,164,149],"class_list":{"0":"post-17148","1":"product","2":"type-product","3":"status-publish","4":"has-post-thumbnail","6":"product_cat-lebensmittel","7":"product_cat-saucen","8":"product_tag-acciughe","9":"product_tag-daidone","10":"product_tag-sauce","12":"first","13":"instock","14":"shipping-taxable","15":"purchasable","16":"product-type-simple"},"yoast_head":"<!-- This site is optimized with the Yoast SEO plugin v25.0 - https:\/\/yoast.com\/wordpress\/plugins\/seo\/ -->\n<title>Sugo alla Taorminese, Daidone 190 g - Bottega Italiana<\/title>\n<meta name=\"description\" content=\"Genie\u00dfen Sie das Sugo alla Taorminese ein authentisches sizilianisches Rezept mit frischen Tomaten und Gew\u00fcrzen. Perfekt f\u00fcr Pasta und mediterrane Gerichte.\" \/>\n<meta name=\"robots\" content=\"index, follow, max-snippet:-1, max-image-preview:large, max-video-preview:-1\" \/>\n<link rel=\"canonical\" href=\"https:\/\/bottegaitaliana.ch\/en\/product\/sugo-alla-taorminese-daidone-190-g\/\" \/>\n<meta property=\"og:locale\" content=\"en_US\" \/>\n<meta property=\"og:type\" content=\"article\" \/>\n<meta property=\"og:title\" content=\"Sugo alla Taorminese, Daidone 190 g - Bottega Italiana\" \/>\n<meta property=\"og:description\" content=\"Genie\u00dfen Sie das Sugo alla Taorminese ein authentisches sizilianisches Rezept mit frischen Tomaten und Gew\u00fcrzen. Perfekt f\u00fcr Pasta und mediterrane Gerichte.\" \/>\n<meta property=\"og:url\" content=\"https:\/\/bottegaitaliana.ch\/en\/product\/sugo-alla-taorminese-daidone-190-g\/\" \/>\n<meta property=\"og:site_name\" content=\"Bottega Italiana\" \/>\n<meta property=\"article:modified_time\" content=\"2025-01-02T16:28:58+00:00\" \/>\n<meta property=\"og:image\" content=\"https:\/\/bottegaitaliana.ch\/wp-content\/uploads\/2025\/01\/2188620_1.jpg\" \/>\n\t<meta property=\"og:image:width\" content=\"770\" \/>\n\t<meta property=\"og:image:height\" content=\"770\" \/>\n\t<meta property=\"og:image:type\" content=\"image\/jpeg\" \/>\n<meta name=\"twitter:card\" content=\"summary_large_image\" \/>\n<meta name=\"twitter:label1\" content=\"Est. reading time\" \/>\n\t<meta name=\"twitter:data1\" content=\"1 minute\" \/>\n<script type=\"application\/ld+json\" class=\"yoast-schema-graph\">{\"@context\":\"https:\/\/schema.org\",\"@graph\":[{\"@type\":\"WebPage\",\"@id\":\"https:\/\/bottegaitaliana.ch\/product\/sugo-alla-taorminese-daidone-190-g\/\",\"url\":\"https:\/\/bottegaitaliana.ch\/product\/sugo-alla-taorminese-daidone-190-g\/\",\"name\":\"Sugo alla Taorminese, Daidone 190 g - Bottega Italiana\",\"isPartOf\":{\"@id\":\"https:\/\/bottegaitaliana.ch\/#website\"},\"primaryImageOfPage\":{\"@id\":\"https:\/\/bottegaitaliana.ch\/product\/sugo-alla-taorminese-daidone-190-g\/#primaryimage\"},\"image\":{\"@id\":\"https:\/\/bottegaitaliana.ch\/product\/sugo-alla-taorminese-daidone-190-g\/#primaryimage\"},\"thumbnailUrl\":\"https:\/\/bottegaitaliana.ch\/wp-content\/uploads\/2025\/01\/2188620_1.jpg\",\"datePublished\":\"2025-01-02T16:18:22+00:00\",\"dateModified\":\"2025-01-02T16:28:58+00:00\",\"description\":\"Genie\u00dfen Sie das Sugo alla Taorminese ein authentisches sizilianisches Rezept mit frischen Tomaten und Gew\u00fcrzen. Perfekt f\u00fcr Pasta und mediterrane Gerichte.\",\"breadcrumb\":{\"@id\":\"https:\/\/bottegaitaliana.ch\/product\/sugo-alla-taorminese-daidone-190-g\/#breadcrumb\"},\"inLanguage\":\"en-US\",\"potentialAction\":[{\"@type\":\"ReadAction\",\"target\":[\"https:\/\/bottegaitaliana.ch\/product\/sugo-alla-taorminese-daidone-190-g\/\"]}]},{\"@type\":\"ImageObject\",\"inLanguage\":\"en-US\",\"@id\":\"https:\/\/bottegaitaliana.ch\/product\/sugo-alla-taorminese-daidone-190-g\/#primaryimage\",\"url\":\"https:\/\/bottegaitaliana.ch\/wp-content\/uploads\/2025\/01\/2188620_1.jpg\",\"contentUrl\":\"https:\/\/bottegaitaliana.ch\/wp-content\/uploads\/2025\/01\/2188620_1.jpg\",\"width\":770,\"height\":770},{\"@type\":\"BreadcrumbList\",\"@id\":\"https:\/\/bottegaitaliana.ch\/product\/sugo-alla-taorminese-daidone-190-g\/#breadcrumb\",\"itemListElement\":[{\"@type\":\"ListItem\",\"position\":1,\"name\":\"Startseite\",\"item\":\"https:\/\/bottegaitaliana.ch\/\"},{\"@type\":\"ListItem\",\"position\":2,\"name\":\"Shop\",\"item\":\"https:\/\/bottegaitaliana.ch\/shop\/\"},{\"@type\":\"ListItem\",\"position\":3,\"name\":\"Sugo alla Taorminese, Daidone 190 g\"}]},{\"@type\":\"WebSite\",\"@id\":\"https:\/\/bottegaitaliana.ch\/#website\",\"url\":\"https:\/\/bottegaitaliana.ch\/\",\"name\":\"Bottega Italiana\",\"description\":\"&quot;Italien in seiner besten Form \u2013 Direkt zu Ihnen nach Hause.&quot;\",\"publisher\":{\"@id\":\"https:\/\/bottegaitaliana.ch\/#organization\"},\"potentialAction\":[{\"@type\":\"SearchAction\",\"target\":{\"@type\":\"EntryPoint\",\"urlTemplate\":\"https:\/\/bottegaitaliana.ch\/?s={search_term_string}\"},\"query-input\":{\"@type\":\"PropertyValueSpecification\",\"valueRequired\":true,\"valueName\":\"search_term_string\"}}],\"inLanguage\":\"en-US\"},{\"@type\":\"Organization\",\"@id\":\"https:\/\/bottegaitaliana.ch\/#organization\",\"name\":\"Bottega Italiana\",\"url\":\"https:\/\/bottegaitaliana.ch\/\",\"logo\":{\"@type\":\"ImageObject\",\"inLanguage\":\"en-US\",\"@id\":\"https:\/\/bottegaitaliana.ch\/#\/schema\/logo\/image\/\",\"url\":\"https:\/\/bottegaitaliana.ch\/wp-content\/uploads\/2024\/08\/Logo2024.png\",\"contentUrl\":\"https:\/\/bottegaitaliana.ch\/wp-content\/uploads\/2024\/08\/Logo2024.png\",\"width\":469,\"height\":87,\"caption\":\"Bottega Italiana\"},\"image\":{\"@id\":\"https:\/\/bottegaitaliana.ch\/#\/schema\/logo\/image\/\"}}]}<\/script>\n<!-- \/ Yoast SEO plugin. -->","yoast_head_json":{"title":"Sugo alla Taorminese, Daidone 190 g - Bottega Italiana","description":"Genie\u00dfen Sie das Sugo alla Taorminese ein authentisches sizilianisches Rezept mit frischen Tomaten und Gew\u00fcrzen. Perfekt f\u00fcr Pasta und mediterrane Gerichte.","robots":{"index":"index","follow":"follow","max-snippet":"max-snippet:-1","max-image-preview":"max-image-preview:large","max-video-preview":"max-video-preview:-1"},"canonical":"https:\/\/bottegaitaliana.ch\/en\/product\/sugo-alla-taorminese-daidone-190-g\/","og_locale":"en_US","og_type":"article","og_title":"Sugo alla Taorminese, Daidone 190 g - Bottega Italiana","og_description":"Genie\u00dfen Sie das Sugo alla Taorminese ein authentisches sizilianisches Rezept mit frischen Tomaten und Gew\u00fcrzen. Perfekt f\u00fcr Pasta und mediterrane Gerichte.","og_url":"https:\/\/bottegaitaliana.ch\/en\/product\/sugo-alla-taorminese-daidone-190-g\/","og_site_name":"Bottega Italiana","article_modified_time":"2025-01-02T16:28:58+00:00","og_image":[{"width":770,"height":770,"url":"https:\/\/bottegaitaliana.ch\/wp-content\/uploads\/2025\/01\/2188620_1.jpg","type":"image\/jpeg"}],"twitter_card":"summary_large_image","twitter_misc":{"Est. reading time":"1 minute"},"schema":{"@context":"https:\/\/schema.org","@graph":[{"@type":"WebPage","@id":"https:\/\/bottegaitaliana.ch\/product\/sugo-alla-taorminese-daidone-190-g\/","url":"https:\/\/bottegaitaliana.ch\/product\/sugo-alla-taorminese-daidone-190-g\/","name":"Sugo alla Taorminese, Daidone 190 g - Bottega Italiana","isPartOf":{"@id":"https:\/\/bottegaitaliana.ch\/#website"},"primaryImageOfPage":{"@id":"https:\/\/bottegaitaliana.ch\/product\/sugo-alla-taorminese-daidone-190-g\/#primaryimage"},"image":{"@id":"https:\/\/bottegaitaliana.ch\/product\/sugo-alla-taorminese-daidone-190-g\/#primaryimage"},"thumbnailUrl":"https:\/\/bottegaitaliana.ch\/wp-content\/uploads\/2025\/01\/2188620_1.jpg","datePublished":"2025-01-02T16:18:22+00:00","dateModified":"2025-01-02T16:28:58+00:00","description":"Genie\u00dfen Sie das Sugo alla Taorminese ein authentisches sizilianisches Rezept mit frischen Tomaten und Gew\u00fcrzen. Perfekt f\u00fcr Pasta und mediterrane Gerichte.","breadcrumb":{"@id":"https:\/\/bottegaitaliana.ch\/product\/sugo-alla-taorminese-daidone-190-g\/#breadcrumb"},"inLanguage":"en-US","potentialAction":[{"@type":"ReadAction","target":["https:\/\/bottegaitaliana.ch\/product\/sugo-alla-taorminese-daidone-190-g\/"]}]},{"@type":"ImageObject","inLanguage":"en-US","@id":"https:\/\/bottegaitaliana.ch\/product\/sugo-alla-taorminese-daidone-190-g\/#primaryimage","url":"https:\/\/bottegaitaliana.ch\/wp-content\/uploads\/2025\/01\/2188620_1.jpg","contentUrl":"https:\/\/bottegaitaliana.ch\/wp-content\/uploads\/2025\/01\/2188620_1.jpg","width":770,"height":770},{"@type":"BreadcrumbList","@id":"https:\/\/bottegaitaliana.ch\/product\/sugo-alla-taorminese-daidone-190-g\/#breadcrumb","itemListElement":[{"@type":"ListItem","position":1,"name":"Startseite","item":"https:\/\/bottegaitaliana.ch\/"},{"@type":"ListItem","position":2,"name":"Shop","item":"https:\/\/bottegaitaliana.ch\/shop\/"},{"@type":"ListItem","position":3,"name":"Sugo alla Taorminese, Daidone 190 g"}]},{"@type":"WebSite","@id":"https:\/\/bottegaitaliana.ch\/#website","url":"https:\/\/bottegaitaliana.ch\/","name":"Bottega Italiana","description":"&quot;Italien in seiner besten Form \u2013 Direkt zu Ihnen nach Hause.&quot;","publisher":{"@id":"https:\/\/bottegaitaliana.ch\/#organization"},"potentialAction":[{"@type":"SearchAction","target":{"@type":"EntryPoint","urlTemplate":"https:\/\/bottegaitaliana.ch\/?s={search_term_string}"},"query-input":{"@type":"PropertyValueSpecification","valueRequired":true,"valueName":"search_term_string"}}],"inLanguage":"en-US"},{"@type":"Organization","@id":"https:\/\/bottegaitaliana.ch\/#organization","name":"Bottega Italiana","url":"https:\/\/bottegaitaliana.ch\/","logo":{"@type":"ImageObject","inLanguage":"en-US","@id":"https:\/\/bottegaitaliana.ch\/#\/schema\/logo\/image\/","url":"https:\/\/bottegaitaliana.ch\/wp-content\/uploads\/2024\/08\/Logo2024.png","contentUrl":"https:\/\/bottegaitaliana.ch\/wp-content\/uploads\/2024\/08\/Logo2024.png","width":469,"height":87,"caption":"Bottega Italiana"},"image":{"@id":"https:\/\/bottegaitaliana.ch\/#\/schema\/logo\/image\/"}}]}},"_links":{"self":[{"href":"https:\/\/bottegaitaliana.ch\/en\/wp-json\/wp\/v2\/product\/17148","targetHints":{"allow":["GET"]}}],"collection":[{"href":"https:\/\/bottegaitaliana.ch\/en\/wp-json\/wp\/v2\/product"}],"about":[{"href":"https:\/\/bottegaitaliana.ch\/en\/wp-json\/wp\/v2\/types\/product"}],"replies":[{"embeddable":true,"href":"https:\/\/bottegaitaliana.ch\/en\/wp-json\/wp\/v2\/comments?post=17148"}],"version-history":[{"count":4,"href":"https:\/\/bottegaitaliana.ch\/en\/wp-json\/wp\/v2\/product\/17148\/revisions"}],"predecessor-version":[{"id":17153,"href":"https:\/\/bottegaitaliana.ch\/en\/wp-json\/wp\/v2\/product\/17148\/revisions\/17153"}],"wp:featuredmedia":[{"embeddable":true,"href":"https:\/\/bottegaitaliana.ch\/en\/wp-json\/wp\/v2\/media\/17149"}],"wp:attachment":[{"href":"https:\/\/bottegaitaliana.ch\/en\/wp-json\/wp\/v2\/media?parent=17148"}],"wp:term":[{"taxonomy":"product_brand","embeddable":true,"href":"https:\/\/bottegaitaliana.ch\/en\/wp-json\/wp\/v2\/product_brand?post=17148"},{"taxonomy":"product_cat","embeddable":true,"href":"https:\/\/bottegaitaliana.ch\/en\/wp-json\/wp\/v2\/product_cat?post=17148"},{"taxonomy":"product_tag","embeddable":true,"href":"https:\/\/bottegaitaliana.ch\/en\/wp-json\/wp\/v2\/product_tag?post=17148"}],"curies":[{"name":"wp","href":"https:\/\/api.w.org\/{rel}","templated":true}]}}