{"id":17200,"date":"2025-01-19T12:42:57","date_gmt":"2025-01-19T11:42:57","guid":{"rendered":"https:\/\/bottegaitaliana.ch\/?post_type=product&#038;p=17200"},"modified":"2025-12-18T22:50:11","modified_gmt":"2025-12-18T21:50:11","slug":"amarone-della-valpolicella-classico-docg-2019-biscardo-75cl","status":"publish","type":"product","link":"https:\/\/bottegaitaliana.ch\/en\/product\/amarone-della-valpolicella-classico-docg-2019-biscardo-75cl\/","title":{"rendered":"Amarone della Valpolicella Classico DOCG , Biscardo 75cl"},"content":{"rendered":"","protected":false},"excerpt":{"rendered":"<p>Dieser Spitzenwein aus Venetien hat eine intensive, granatrote Farbe. Die f\u00fcr die Region pr\u00e4genden Traubensorten Corvina, Rondinella und Molinara verleihen dem Wein seinen einzigartigen Geschmack. Im Bouquet intensive und anhaltende Kirsch-Aromen. Am Gaumen ist er samtig, leicht bitter und erinnert an Kirsche und Bittermandeln. Das italienische \u201eamaro\u201c bedeutet \u00fcbersetzt \u00fcbrigens bitter.<\/p>\n<p>Die Trauben reifen auf den H\u00fcgeln der kleinen Orte rund um Verona in einer H\u00f6he von 150 bis 400 Metern \u00fcber dem Meeresspiegel heran. Sie werden von Hand gelesen, meist bei Tagesanbruch oder am Abend. So wird vermieden, dass die geernteten Trauben allzu gro\u00dfer Hitze ausgesetzt sind und an Frische verlieren.<\/p>\n<p>Speziell beim Amarone ist die Qualit\u00e4t der Haut der Trauben von enormer Bedeutung, denn sie ist pr\u00e4gend f\u00fcr die Tannine, die Farbe und die Geschmacksintensit\u00e4t. \u00dcbrigens, die Legende besagt, dass ein Kellerarbeiter in den 1930er-Jahren eigentlich Recioto kreieren wollte, den Wein aber in den F\u00e4ssern verga\u00df. Die Fermentierung setzte sich fort, der Zucker wurde umgewandelt zu Alkohol \u2013 was auch die Bitterkeit erkl\u00e4rt.<\/p>\n<p>Amarone della Valpolicella Classico passt hervorragend zu rotem Fleisch und Wild.<\/p>","protected":false},"featured_media":17202,"comment_status":"open","ping_status":"closed","template":"","meta":[],"product_brand":[],"product_cat":[96,97],"product_tag":[],"class_list":{"0":"post-17200","1":"product","2":"type-product","3":"status-publish","4":"has-post-thumbnail","6":"product_cat-weine","7":"product_cat-rotwein","9":"first","10":"outofstock","11":"sale","12":"shipping-taxable","13":"purchasable","14":"product-type-simple"},"yoast_head":"<!-- This site is optimized with the Yoast SEO plugin v25.0 - https:\/\/yoast.com\/wordpress\/plugins\/seo\/ -->\n<title>Amarone della Valpolicella Classico DOCG , Biscardo 75cl - Bottega Italiana<\/title>\n<meta name=\"robots\" content=\"index, follow, max-snippet:-1, max-image-preview:large, max-video-preview:-1\" \/>\n<link rel=\"canonical\" href=\"https:\/\/bottegaitaliana.ch\/en\/product\/amarone-della-valpolicella-classico-docg-2019-biscardo-75cl\/\" \/>\n<meta property=\"og:locale\" content=\"en_US\" \/>\n<meta property=\"og:type\" content=\"article\" \/>\n<meta property=\"og:title\" content=\"Amarone della Valpolicella Classico DOCG , Biscardo 75cl - Bottega Italiana\" \/>\n<meta property=\"og:description\" content=\"Dieser Spitzenwein aus Venetien hat eine intensive, granatrote Farbe. Die f\u00fcr die Region pr\u00e4genden Traubensorten Corvina, Rondinella und Molinara verleihen dem Wein seinen einzigartigen Geschmack. Im Bouquet intensive und anhaltende Kirsch-Aromen. Am Gaumen ist er samtig, leicht bitter und erinnert an Kirsche und Bittermandeln. Das italienische \u201eamaro\u201c bedeutet \u00fcbersetzt \u00fcbrigens bitter.  Die Trauben reifen auf den H\u00fcgeln der kleinen Orte rund um Verona in einer H\u00f6he von 150 bis 400 Metern \u00fcber dem Meeresspiegel heran. Sie werden von Hand gelesen, meist bei Tagesanbruch oder am Abend. So wird vermieden, dass die geernteten Trauben allzu gro\u00dfer Hitze ausgesetzt sind und an Frische verlieren.  Speziell beim Amarone ist die Qualit\u00e4t der Haut der Trauben von enormer Bedeutung, denn sie ist pr\u00e4gend f\u00fcr die Tannine, die Farbe und die Geschmacksintensit\u00e4t. \u00dcbrigens, die Legende besagt, dass ein Kellerarbeiter in den 1930er-Jahren eigentlich Recioto kreieren wollte, den Wein aber in den F\u00e4ssern verga\u00df. Die Fermentierung setzte sich fort, der Zucker wurde umgewandelt zu Alkohol \u2013 was auch die Bitterkeit erkl\u00e4rt.  Amarone della Valpolicella Classico passt hervorragend zu rotem Fleisch und Wild.\" \/>\n<meta property=\"og:url\" content=\"https:\/\/bottegaitaliana.ch\/en\/product\/amarone-della-valpolicella-classico-docg-2019-biscardo-75cl\/\" \/>\n<meta property=\"og:site_name\" content=\"Bottega Italiana\" \/>\n<meta property=\"article:modified_time\" content=\"2025-12-18T21:50:11+00:00\" \/>\n<meta property=\"og:image\" content=\"https:\/\/bottegaitaliana.ch\/wp-content\/uploads\/2025\/01\/Amarone.png\" \/>\n\t<meta property=\"og:image:width\" content=\"378\" \/>\n\t<meta property=\"og:image:height\" content=\"960\" \/>\n\t<meta property=\"og:image:type\" content=\"image\/png\" \/>\n<meta name=\"twitter:card\" content=\"summary_large_image\" \/>\n<meta name=\"twitter:label1\" content=\"Est. reading time\" \/>\n\t<meta name=\"twitter:data1\" content=\"1 minute\" \/>\n<script type=\"application\/ld+json\" class=\"yoast-schema-graph\">{\"@context\":\"https:\/\/schema.org\",\"@graph\":[{\"@type\":\"WebPage\",\"@id\":\"https:\/\/bottegaitaliana.ch\/product\/amarone-della-valpolicella-classico-docg-2019-biscardo-75cl\/\",\"url\":\"https:\/\/bottegaitaliana.ch\/product\/amarone-della-valpolicella-classico-docg-2019-biscardo-75cl\/\",\"name\":\"Amarone della Valpolicella Classico DOCG , Biscardo 75cl - Bottega Italiana\",\"isPartOf\":{\"@id\":\"https:\/\/bottegaitaliana.ch\/#website\"},\"primaryImageOfPage\":{\"@id\":\"https:\/\/bottegaitaliana.ch\/product\/amarone-della-valpolicella-classico-docg-2019-biscardo-75cl\/#primaryimage\"},\"image\":{\"@id\":\"https:\/\/bottegaitaliana.ch\/product\/amarone-della-valpolicella-classico-docg-2019-biscardo-75cl\/#primaryimage\"},\"thumbnailUrl\":\"https:\/\/bottegaitaliana.ch\/wp-content\/uploads\/2025\/01\/Amarone.png\",\"datePublished\":\"2025-01-19T11:42:57+00:00\",\"dateModified\":\"2025-12-18T21:50:11+00:00\",\"breadcrumb\":{\"@id\":\"https:\/\/bottegaitaliana.ch\/product\/amarone-della-valpolicella-classico-docg-2019-biscardo-75cl\/#breadcrumb\"},\"inLanguage\":\"en-US\",\"potentialAction\":[{\"@type\":\"ReadAction\",\"target\":[\"https:\/\/bottegaitaliana.ch\/product\/amarone-della-valpolicella-classico-docg-2019-biscardo-75cl\/\"]}]},{\"@type\":\"ImageObject\",\"inLanguage\":\"en-US\",\"@id\":\"https:\/\/bottegaitaliana.ch\/product\/amarone-della-valpolicella-classico-docg-2019-biscardo-75cl\/#primaryimage\",\"url\":\"https:\/\/bottegaitaliana.ch\/wp-content\/uploads\/2025\/01\/Amarone.png\",\"contentUrl\":\"https:\/\/bottegaitaliana.ch\/wp-content\/uploads\/2025\/01\/Amarone.png\",\"width\":378,\"height\":960},{\"@type\":\"BreadcrumbList\",\"@id\":\"https:\/\/bottegaitaliana.ch\/product\/amarone-della-valpolicella-classico-docg-2019-biscardo-75cl\/#breadcrumb\",\"itemListElement\":[{\"@type\":\"ListItem\",\"position\":1,\"name\":\"Startseite\",\"item\":\"https:\/\/bottegaitaliana.ch\/\"},{\"@type\":\"ListItem\",\"position\":2,\"name\":\"Shop\",\"item\":\"https:\/\/bottegaitaliana.ch\/shop\/\"},{\"@type\":\"ListItem\",\"position\":3,\"name\":\"Amarone della Valpolicella Classico DOCG , Biscardo 75cl\"}]},{\"@type\":\"WebSite\",\"@id\":\"https:\/\/bottegaitaliana.ch\/#website\",\"url\":\"https:\/\/bottegaitaliana.ch\/\",\"name\":\"Bottega Italiana\",\"description\":\"&quot;Italien in seiner besten Form \u2013 Direkt zu Ihnen nach Hause.&quot;\",\"publisher\":{\"@id\":\"https:\/\/bottegaitaliana.ch\/#organization\"},\"potentialAction\":[{\"@type\":\"SearchAction\",\"target\":{\"@type\":\"EntryPoint\",\"urlTemplate\":\"https:\/\/bottegaitaliana.ch\/?s={search_term_string}\"},\"query-input\":{\"@type\":\"PropertyValueSpecification\",\"valueRequired\":true,\"valueName\":\"search_term_string\"}}],\"inLanguage\":\"en-US\"},{\"@type\":\"Organization\",\"@id\":\"https:\/\/bottegaitaliana.ch\/#organization\",\"name\":\"Bottega Italiana\",\"url\":\"https:\/\/bottegaitaliana.ch\/\",\"logo\":{\"@type\":\"ImageObject\",\"inLanguage\":\"en-US\",\"@id\":\"https:\/\/bottegaitaliana.ch\/#\/schema\/logo\/image\/\",\"url\":\"https:\/\/bottegaitaliana.ch\/wp-content\/uploads\/2024\/08\/Logo2024.png\",\"contentUrl\":\"https:\/\/bottegaitaliana.ch\/wp-content\/uploads\/2024\/08\/Logo2024.png\",\"width\":469,\"height\":87,\"caption\":\"Bottega Italiana\"},\"image\":{\"@id\":\"https:\/\/bottegaitaliana.ch\/#\/schema\/logo\/image\/\"}}]}<\/script>\n<!-- \/ Yoast SEO plugin. -->","yoast_head_json":{"title":"Amarone della Valpolicella Classico DOCG , Biscardo 75cl - Bottega Italiana","robots":{"index":"index","follow":"follow","max-snippet":"max-snippet:-1","max-image-preview":"max-image-preview:large","max-video-preview":"max-video-preview:-1"},"canonical":"https:\/\/bottegaitaliana.ch\/en\/product\/amarone-della-valpolicella-classico-docg-2019-biscardo-75cl\/","og_locale":"en_US","og_type":"article","og_title":"Amarone della Valpolicella Classico DOCG , Biscardo 75cl - Bottega Italiana","og_description":"Dieser Spitzenwein aus Venetien hat eine intensive, granatrote Farbe. Die f\u00fcr die Region pr\u00e4genden Traubensorten Corvina, Rondinella und Molinara verleihen dem Wein seinen einzigartigen Geschmack. Im Bouquet intensive und anhaltende Kirsch-Aromen. Am Gaumen ist er samtig, leicht bitter und erinnert an Kirsche und Bittermandeln. Das italienische \u201eamaro\u201c bedeutet \u00fcbersetzt \u00fcbrigens bitter.  Die Trauben reifen auf den H\u00fcgeln der kleinen Orte rund um Verona in einer H\u00f6he von 150 bis 400 Metern \u00fcber dem Meeresspiegel heran. Sie werden von Hand gelesen, meist bei Tagesanbruch oder am Abend. So wird vermieden, dass die geernteten Trauben allzu gro\u00dfer Hitze ausgesetzt sind und an Frische verlieren.  Speziell beim Amarone ist die Qualit\u00e4t der Haut der Trauben von enormer Bedeutung, denn sie ist pr\u00e4gend f\u00fcr die Tannine, die Farbe und die Geschmacksintensit\u00e4t. \u00dcbrigens, die Legende besagt, dass ein Kellerarbeiter in den 1930er-Jahren eigentlich Recioto kreieren wollte, den Wein aber in den F\u00e4ssern verga\u00df. Die Fermentierung setzte sich fort, der Zucker wurde umgewandelt zu Alkohol \u2013 was auch die Bitterkeit erkl\u00e4rt.  Amarone della Valpolicella Classico passt hervorragend zu rotem Fleisch und Wild.","og_url":"https:\/\/bottegaitaliana.ch\/en\/product\/amarone-della-valpolicella-classico-docg-2019-biscardo-75cl\/","og_site_name":"Bottega Italiana","article_modified_time":"2025-12-18T21:50:11+00:00","og_image":[{"width":378,"height":960,"url":"https:\/\/bottegaitaliana.ch\/wp-content\/uploads\/2025\/01\/Amarone.png","type":"image\/png"}],"twitter_card":"summary_large_image","twitter_misc":{"Est. reading time":"1 minute"},"schema":{"@context":"https:\/\/schema.org","@graph":[{"@type":"WebPage","@id":"https:\/\/bottegaitaliana.ch\/product\/amarone-della-valpolicella-classico-docg-2019-biscardo-75cl\/","url":"https:\/\/bottegaitaliana.ch\/product\/amarone-della-valpolicella-classico-docg-2019-biscardo-75cl\/","name":"Amarone della Valpolicella Classico DOCG , Biscardo 75cl - Bottega Italiana","isPartOf":{"@id":"https:\/\/bottegaitaliana.ch\/#website"},"primaryImageOfPage":{"@id":"https:\/\/bottegaitaliana.ch\/product\/amarone-della-valpolicella-classico-docg-2019-biscardo-75cl\/#primaryimage"},"image":{"@id":"https:\/\/bottegaitaliana.ch\/product\/amarone-della-valpolicella-classico-docg-2019-biscardo-75cl\/#primaryimage"},"thumbnailUrl":"https:\/\/bottegaitaliana.ch\/wp-content\/uploads\/2025\/01\/Amarone.png","datePublished":"2025-01-19T11:42:57+00:00","dateModified":"2025-12-18T21:50:11+00:00","breadcrumb":{"@id":"https:\/\/bottegaitaliana.ch\/product\/amarone-della-valpolicella-classico-docg-2019-biscardo-75cl\/#breadcrumb"},"inLanguage":"en-US","potentialAction":[{"@type":"ReadAction","target":["https:\/\/bottegaitaliana.ch\/product\/amarone-della-valpolicella-classico-docg-2019-biscardo-75cl\/"]}]},{"@type":"ImageObject","inLanguage":"en-US","@id":"https:\/\/bottegaitaliana.ch\/product\/amarone-della-valpolicella-classico-docg-2019-biscardo-75cl\/#primaryimage","url":"https:\/\/bottegaitaliana.ch\/wp-content\/uploads\/2025\/01\/Amarone.png","contentUrl":"https:\/\/bottegaitaliana.ch\/wp-content\/uploads\/2025\/01\/Amarone.png","width":378,"height":960},{"@type":"BreadcrumbList","@id":"https:\/\/bottegaitaliana.ch\/product\/amarone-della-valpolicella-classico-docg-2019-biscardo-75cl\/#breadcrumb","itemListElement":[{"@type":"ListItem","position":1,"name":"Startseite","item":"https:\/\/bottegaitaliana.ch\/"},{"@type":"ListItem","position":2,"name":"Shop","item":"https:\/\/bottegaitaliana.ch\/shop\/"},{"@type":"ListItem","position":3,"name":"Amarone della Valpolicella Classico DOCG , Biscardo 75cl"}]},{"@type":"WebSite","@id":"https:\/\/bottegaitaliana.ch\/#website","url":"https:\/\/bottegaitaliana.ch\/","name":"Bottega Italiana","description":"&quot;Italien in seiner besten Form \u2013 Direkt zu Ihnen nach Hause.&quot;","publisher":{"@id":"https:\/\/bottegaitaliana.ch\/#organization"},"potentialAction":[{"@type":"SearchAction","target":{"@type":"EntryPoint","urlTemplate":"https:\/\/bottegaitaliana.ch\/?s={search_term_string}"},"query-input":{"@type":"PropertyValueSpecification","valueRequired":true,"valueName":"search_term_string"}}],"inLanguage":"en-US"},{"@type":"Organization","@id":"https:\/\/bottegaitaliana.ch\/#organization","name":"Bottega Italiana","url":"https:\/\/bottegaitaliana.ch\/","logo":{"@type":"ImageObject","inLanguage":"en-US","@id":"https:\/\/bottegaitaliana.ch\/#\/schema\/logo\/image\/","url":"https:\/\/bottegaitaliana.ch\/wp-content\/uploads\/2024\/08\/Logo2024.png","contentUrl":"https:\/\/bottegaitaliana.ch\/wp-content\/uploads\/2024\/08\/Logo2024.png","width":469,"height":87,"caption":"Bottega Italiana"},"image":{"@id":"https:\/\/bottegaitaliana.ch\/#\/schema\/logo\/image\/"}}]}},"_links":{"self":[{"href":"https:\/\/bottegaitaliana.ch\/en\/wp-json\/wp\/v2\/product\/17200","targetHints":{"allow":["GET"]}}],"collection":[{"href":"https:\/\/bottegaitaliana.ch\/en\/wp-json\/wp\/v2\/product"}],"about":[{"href":"https:\/\/bottegaitaliana.ch\/en\/wp-json\/wp\/v2\/types\/product"}],"replies":[{"embeddable":true,"href":"https:\/\/bottegaitaliana.ch\/en\/wp-json\/wp\/v2\/comments?post=17200"}],"version-history":[{"count":2,"href":"https:\/\/bottegaitaliana.ch\/en\/wp-json\/wp\/v2\/product\/17200\/revisions"}],"predecessor-version":[{"id":17239,"href":"https:\/\/bottegaitaliana.ch\/en\/wp-json\/wp\/v2\/product\/17200\/revisions\/17239"}],"wp:featuredmedia":[{"embeddable":true,"href":"https:\/\/bottegaitaliana.ch\/en\/wp-json\/wp\/v2\/media\/17202"}],"wp:attachment":[{"href":"https:\/\/bottegaitaliana.ch\/en\/wp-json\/wp\/v2\/media?parent=17200"}],"wp:term":[{"taxonomy":"product_brand","embeddable":true,"href":"https:\/\/bottegaitaliana.ch\/en\/wp-json\/wp\/v2\/product_brand?post=17200"},{"taxonomy":"product_cat","embeddable":true,"href":"https:\/\/bottegaitaliana.ch\/en\/wp-json\/wp\/v2\/product_cat?post=17200"},{"taxonomy":"product_tag","embeddable":true,"href":"https:\/\/bottegaitaliana.ch\/en\/wp-json\/wp\/v2\/product_tag?post=17200"}],"curies":[{"name":"wp","href":"https:\/\/api.w.org\/{rel}","templated":true}]}}