{"id":17208,"date":"2025-01-19T13:14:26","date_gmt":"2025-01-19T12:14:26","guid":{"rendered":"https:\/\/bottegaitaliana.ch\/?post_type=product&#038;p=17208"},"modified":"2025-01-19T13:31:35","modified_gmt":"2025-01-19T12:31:35","slug":"3-ori-2020-biscardo-75cl","status":"publish","type":"product","link":"https:\/\/bottegaitaliana.ch\/en\/product\/3-ori-2020-biscardo-75cl\/","title":{"rendered":"3 ORI 2020, Biscardo 75cl"},"content":{"rendered":"<p>Der 3 Ori Biscardo Jahrgang 2020 ist ein fruchtiger und w\u00fcrziger Rotwein mit intensiven Aromen von saftigen Kirschen und reifen Pflaumen.<br \/>\nDieser Wein l\u00e4dt dazu ein, genossen zu werden und verf\u00fchrt die Sinne mit seiner lebendigen Frische und harmonischen Balance.Hergestellt von erfahrenen Winzern, zeugt dieser Wein von h\u00f6chster Qualit\u00e4t und Leidenschaft f\u00fcr das Handwerk.<br \/>\nGenie\u00dfen Sie den 3 Ori Biscardo bei geselligen Abenden mit Freunden oder als Begleitung zu k\u00f6stlichen Gerichten. Ein wahrer Genuss f\u00fcr jeden Weinliebhaber!<\/p>","protected":false},"excerpt":{"rendered":"<p>Ein Rotwein mit gro\u00dfem Potenzial. Intensives Rubinrot, das mit zunehmendem Alter zu Granat neigt. W\u00fcrzig mit einem Hauch von Kirsche, Schwarzkirsche und Pflaumenkompott im Bukett. Feiner und samtiger Gaumen, anhaltend, mit weichen Tanninen am Ende<\/p>\n<p>Zu w\u00fcrzigen Pastagerichten, Wild oder reifem K\u00e4se<\/p>","protected":false},"featured_media":17209,"comment_status":"open","ping_status":"closed","template":"","meta":[],"product_brand":[],"product_cat":[96,97,84],"product_tag":[],"class_list":{"0":"post-17208","1":"product","2":"type-product","3":"status-publish","4":"has-post-thumbnail","6":"product_cat-weine","7":"product_cat-rotwein","8":"product_cat-getraenke","10":"first","11":"instock","12":"shipping-taxable","13":"purchasable","14":"product-type-simple"},"yoast_head":"<!-- This site is optimized with the Yoast SEO plugin v25.0 - https:\/\/yoast.com\/wordpress\/plugins\/seo\/ -->\n<title>3 ORI 2020, Biscardo 75cl - Bottega Italiana<\/title>\n<meta name=\"robots\" content=\"index, follow, max-snippet:-1, max-image-preview:large, max-video-preview:-1\" \/>\n<link rel=\"canonical\" href=\"https:\/\/bottegaitaliana.ch\/en\/product\/3-ori-2020-biscardo-75cl\/\" \/>\n<meta property=\"og:locale\" content=\"en_US\" \/>\n<meta property=\"og:type\" content=\"article\" \/>\n<meta property=\"og:title\" content=\"3 ORI 2020, Biscardo 75cl - Bottega Italiana\" \/>\n<meta property=\"og:description\" content=\"Ein Rotwein mit gro\u00dfem Potenzial. Intensives Rubinrot, das mit zunehmendem Alter zu Granat neigt. W\u00fcrzig mit einem Hauch von Kirsche, Schwarzkirsche und Pflaumenkompott im Bukett. Feiner und samtiger Gaumen, anhaltend, mit weichen Tanninen am Ende  Zu w\u00fcrzigen Pastagerichten, Wild oder reifem K\u00e4se\" \/>\n<meta property=\"og:url\" content=\"https:\/\/bottegaitaliana.ch\/en\/product\/3-ori-2020-biscardo-75cl\/\" \/>\n<meta property=\"og:site_name\" content=\"Bottega Italiana\" \/>\n<meta property=\"article:modified_time\" content=\"2025-01-19T12:31:35+00:00\" \/>\n<meta property=\"og:image\" content=\"https:\/\/bottegaitaliana.ch\/wp-content\/uploads\/2025\/01\/3-ori-2020.jpg\" \/>\n\t<meta property=\"og:image:width\" content=\"604\" \/>\n\t<meta property=\"og:image:height\" content=\"1024\" \/>\n\t<meta property=\"og:image:type\" content=\"image\/jpeg\" \/>\n<meta name=\"twitter:card\" content=\"summary_large_image\" \/>\n<meta name=\"twitter:label1\" content=\"Est. reading time\" \/>\n\t<meta name=\"twitter:data1\" content=\"1 minute\" \/>\n<script type=\"application\/ld+json\" class=\"yoast-schema-graph\">{\"@context\":\"https:\/\/schema.org\",\"@graph\":[{\"@type\":\"WebPage\",\"@id\":\"https:\/\/bottegaitaliana.ch\/product\/3-ori-2020-biscardo-75cl\/\",\"url\":\"https:\/\/bottegaitaliana.ch\/product\/3-ori-2020-biscardo-75cl\/\",\"name\":\"3 ORI 2020, Biscardo 75cl - Bottega Italiana\",\"isPartOf\":{\"@id\":\"https:\/\/bottegaitaliana.ch\/#website\"},\"primaryImageOfPage\":{\"@id\":\"https:\/\/bottegaitaliana.ch\/product\/3-ori-2020-biscardo-75cl\/#primaryimage\"},\"image\":{\"@id\":\"https:\/\/bottegaitaliana.ch\/product\/3-ori-2020-biscardo-75cl\/#primaryimage\"},\"thumbnailUrl\":\"https:\/\/bottegaitaliana.ch\/wp-content\/uploads\/2025\/01\/3-ori-2020.jpg\",\"datePublished\":\"2025-01-19T12:14:26+00:00\",\"dateModified\":\"2025-01-19T12:31:35+00:00\",\"breadcrumb\":{\"@id\":\"https:\/\/bottegaitaliana.ch\/product\/3-ori-2020-biscardo-75cl\/#breadcrumb\"},\"inLanguage\":\"en-US\",\"potentialAction\":[{\"@type\":\"ReadAction\",\"target\":[\"https:\/\/bottegaitaliana.ch\/product\/3-ori-2020-biscardo-75cl\/\"]}]},{\"@type\":\"ImageObject\",\"inLanguage\":\"en-US\",\"@id\":\"https:\/\/bottegaitaliana.ch\/product\/3-ori-2020-biscardo-75cl\/#primaryimage\",\"url\":\"https:\/\/bottegaitaliana.ch\/wp-content\/uploads\/2025\/01\/3-ori-2020.jpg\",\"contentUrl\":\"https:\/\/bottegaitaliana.ch\/wp-content\/uploads\/2025\/01\/3-ori-2020.jpg\",\"width\":604,\"height\":1024},{\"@type\":\"BreadcrumbList\",\"@id\":\"https:\/\/bottegaitaliana.ch\/product\/3-ori-2020-biscardo-75cl\/#breadcrumb\",\"itemListElement\":[{\"@type\":\"ListItem\",\"position\":1,\"name\":\"Startseite\",\"item\":\"https:\/\/bottegaitaliana.ch\/\"},{\"@type\":\"ListItem\",\"position\":2,\"name\":\"Shop\",\"item\":\"https:\/\/bottegaitaliana.ch\/shop\/\"},{\"@type\":\"ListItem\",\"position\":3,\"name\":\"3 ORI 2020, Biscardo 75cl\"}]},{\"@type\":\"WebSite\",\"@id\":\"https:\/\/bottegaitaliana.ch\/#website\",\"url\":\"https:\/\/bottegaitaliana.ch\/\",\"name\":\"Bottega Italiana\",\"description\":\"&quot;Italien in seiner besten Form \u2013 Direkt zu Ihnen nach Hause.&quot;\",\"publisher\":{\"@id\":\"https:\/\/bottegaitaliana.ch\/#organization\"},\"potentialAction\":[{\"@type\":\"SearchAction\",\"target\":{\"@type\":\"EntryPoint\",\"urlTemplate\":\"https:\/\/bottegaitaliana.ch\/?s={search_term_string}\"},\"query-input\":{\"@type\":\"PropertyValueSpecification\",\"valueRequired\":true,\"valueName\":\"search_term_string\"}}],\"inLanguage\":\"en-US\"},{\"@type\":\"Organization\",\"@id\":\"https:\/\/bottegaitaliana.ch\/#organization\",\"name\":\"Bottega Italiana\",\"url\":\"https:\/\/bottegaitaliana.ch\/\",\"logo\":{\"@type\":\"ImageObject\",\"inLanguage\":\"en-US\",\"@id\":\"https:\/\/bottegaitaliana.ch\/#\/schema\/logo\/image\/\",\"url\":\"https:\/\/bottegaitaliana.ch\/wp-content\/uploads\/2024\/08\/Logo2024.png\",\"contentUrl\":\"https:\/\/bottegaitaliana.ch\/wp-content\/uploads\/2024\/08\/Logo2024.png\",\"width\":469,\"height\":87,\"caption\":\"Bottega Italiana\"},\"image\":{\"@id\":\"https:\/\/bottegaitaliana.ch\/#\/schema\/logo\/image\/\"}}]}<\/script>\n<!-- \/ Yoast SEO plugin. -->","yoast_head_json":{"title":"3 ORI 2020, Biscardo 75cl - Bottega Italiana","robots":{"index":"index","follow":"follow","max-snippet":"max-snippet:-1","max-image-preview":"max-image-preview:large","max-video-preview":"max-video-preview:-1"},"canonical":"https:\/\/bottegaitaliana.ch\/en\/product\/3-ori-2020-biscardo-75cl\/","og_locale":"en_US","og_type":"article","og_title":"3 ORI 2020, Biscardo 75cl - Bottega Italiana","og_description":"Ein Rotwein mit gro\u00dfem Potenzial. Intensives Rubinrot, das mit zunehmendem Alter zu Granat neigt. W\u00fcrzig mit einem Hauch von Kirsche, Schwarzkirsche und Pflaumenkompott im Bukett. Feiner und samtiger Gaumen, anhaltend, mit weichen Tanninen am Ende  Zu w\u00fcrzigen Pastagerichten, Wild oder reifem K\u00e4se","og_url":"https:\/\/bottegaitaliana.ch\/en\/product\/3-ori-2020-biscardo-75cl\/","og_site_name":"Bottega Italiana","article_modified_time":"2025-01-19T12:31:35+00:00","og_image":[{"width":604,"height":1024,"url":"https:\/\/bottegaitaliana.ch\/wp-content\/uploads\/2025\/01\/3-ori-2020.jpg","type":"image\/jpeg"}],"twitter_card":"summary_large_image","twitter_misc":{"Est. reading time":"1 minute"},"schema":{"@context":"https:\/\/schema.org","@graph":[{"@type":"WebPage","@id":"https:\/\/bottegaitaliana.ch\/product\/3-ori-2020-biscardo-75cl\/","url":"https:\/\/bottegaitaliana.ch\/product\/3-ori-2020-biscardo-75cl\/","name":"3 ORI 2020, Biscardo 75cl - Bottega Italiana","isPartOf":{"@id":"https:\/\/bottegaitaliana.ch\/#website"},"primaryImageOfPage":{"@id":"https:\/\/bottegaitaliana.ch\/product\/3-ori-2020-biscardo-75cl\/#primaryimage"},"image":{"@id":"https:\/\/bottegaitaliana.ch\/product\/3-ori-2020-biscardo-75cl\/#primaryimage"},"thumbnailUrl":"https:\/\/bottegaitaliana.ch\/wp-content\/uploads\/2025\/01\/3-ori-2020.jpg","datePublished":"2025-01-19T12:14:26+00:00","dateModified":"2025-01-19T12:31:35+00:00","breadcrumb":{"@id":"https:\/\/bottegaitaliana.ch\/product\/3-ori-2020-biscardo-75cl\/#breadcrumb"},"inLanguage":"en-US","potentialAction":[{"@type":"ReadAction","target":["https:\/\/bottegaitaliana.ch\/product\/3-ori-2020-biscardo-75cl\/"]}]},{"@type":"ImageObject","inLanguage":"en-US","@id":"https:\/\/bottegaitaliana.ch\/product\/3-ori-2020-biscardo-75cl\/#primaryimage","url":"https:\/\/bottegaitaliana.ch\/wp-content\/uploads\/2025\/01\/3-ori-2020.jpg","contentUrl":"https:\/\/bottegaitaliana.ch\/wp-content\/uploads\/2025\/01\/3-ori-2020.jpg","width":604,"height":1024},{"@type":"BreadcrumbList","@id":"https:\/\/bottegaitaliana.ch\/product\/3-ori-2020-biscardo-75cl\/#breadcrumb","itemListElement":[{"@type":"ListItem","position":1,"name":"Startseite","item":"https:\/\/bottegaitaliana.ch\/"},{"@type":"ListItem","position":2,"name":"Shop","item":"https:\/\/bottegaitaliana.ch\/shop\/"},{"@type":"ListItem","position":3,"name":"3 ORI 2020, Biscardo 75cl"}]},{"@type":"WebSite","@id":"https:\/\/bottegaitaliana.ch\/#website","url":"https:\/\/bottegaitaliana.ch\/","name":"Bottega Italiana","description":"&quot;Italien in seiner besten Form \u2013 Direkt zu Ihnen nach Hause.&quot;","publisher":{"@id":"https:\/\/bottegaitaliana.ch\/#organization"},"potentialAction":[{"@type":"SearchAction","target":{"@type":"EntryPoint","urlTemplate":"https:\/\/bottegaitaliana.ch\/?s={search_term_string}"},"query-input":{"@type":"PropertyValueSpecification","valueRequired":true,"valueName":"search_term_string"}}],"inLanguage":"en-US"},{"@type":"Organization","@id":"https:\/\/bottegaitaliana.ch\/#organization","name":"Bottega Italiana","url":"https:\/\/bottegaitaliana.ch\/","logo":{"@type":"ImageObject","inLanguage":"en-US","@id":"https:\/\/bottegaitaliana.ch\/#\/schema\/logo\/image\/","url":"https:\/\/bottegaitaliana.ch\/wp-content\/uploads\/2024\/08\/Logo2024.png","contentUrl":"https:\/\/bottegaitaliana.ch\/wp-content\/uploads\/2024\/08\/Logo2024.png","width":469,"height":87,"caption":"Bottega Italiana"},"image":{"@id":"https:\/\/bottegaitaliana.ch\/#\/schema\/logo\/image\/"}}]}},"_links":{"self":[{"href":"https:\/\/bottegaitaliana.ch\/en\/wp-json\/wp\/v2\/product\/17208","targetHints":{"allow":["GET"]}}],"collection":[{"href":"https:\/\/bottegaitaliana.ch\/en\/wp-json\/wp\/v2\/product"}],"about":[{"href":"https:\/\/bottegaitaliana.ch\/en\/wp-json\/wp\/v2\/types\/product"}],"replies":[{"embeddable":true,"href":"https:\/\/bottegaitaliana.ch\/en\/wp-json\/wp\/v2\/comments?post=17208"}],"version-history":[{"count":3,"href":"https:\/\/bottegaitaliana.ch\/en\/wp-json\/wp\/v2\/product\/17208\/revisions"}],"predecessor-version":[{"id":17212,"href":"https:\/\/bottegaitaliana.ch\/en\/wp-json\/wp\/v2\/product\/17208\/revisions\/17212"}],"wp:featuredmedia":[{"embeddable":true,"href":"https:\/\/bottegaitaliana.ch\/en\/wp-json\/wp\/v2\/media\/17209"}],"wp:attachment":[{"href":"https:\/\/bottegaitaliana.ch\/en\/wp-json\/wp\/v2\/media?parent=17208"}],"wp:term":[{"taxonomy":"product_brand","embeddable":true,"href":"https:\/\/bottegaitaliana.ch\/en\/wp-json\/wp\/v2\/product_brand?post=17208"},{"taxonomy":"product_cat","embeddable":true,"href":"https:\/\/bottegaitaliana.ch\/en\/wp-json\/wp\/v2\/product_cat?post=17208"},{"taxonomy":"product_tag","embeddable":true,"href":"https:\/\/bottegaitaliana.ch\/en\/wp-json\/wp\/v2\/product_tag?post=17208"}],"curies":[{"name":"wp","href":"https:\/\/api.w.org\/{rel}","templated":true}]}}